{"id":10611,"date":"2017-09-15T04:12:05","date_gmt":"2017-09-15T09:12:05","guid":{"rendered":"https:\/\/enautics.com\/software-platforms\/vidsync\/casi-duso\/"},"modified":"2024-08-31T07:35:14","modified_gmt":"2024-08-31T12:35:14","slug":"casi-duso","status":"publish","type":"page","link":"https:\/\/enautics.com\/it\/piattaforme-software\/vidsync-integrazione-di-eloqua-e-youtube\/casi-duso\/","title":{"rendered":"Casi d&#8217;uso di VidSync"},"content":{"rendered":"\t\t<div data-elementor-type=\"wp-page\" data-elementor-id=\"10611\" class=\"elementor elementor-10611 elementor-788\" data-elementor-post-type=\"page\">\n\t\t\t\t\t\t<section class=\"elementor-section elementor-top-section elementor-element elementor-element-ea10a1d elementor-section-boxed elementor-section-height-default elementor-section-height-default\" data-id=\"ea10a1d\" data-element_type=\"section\" data-e-type=\"section\">\n\t\t\t\t\t\t<div class=\"elementor-container elementor-column-gap-default\">\n\t\t\t\t\t<div class=\"elementor-column elementor-col-100 elementor-top-column elementor-element elementor-element-7078f67\" data-id=\"7078f67\" data-element_type=\"column\" data-e-type=\"column\">\n\t\t\t<div class=\"elementor-widget-wrap elementor-element-populated\">\n\t\t\t\t\t\t<div class=\"elementor-element elementor-element-b74fcda elementor-widget elementor-widget-heading\" data-id=\"b74fcda\" data-element_type=\"widget\" data-e-type=\"widget\" data-widget_type=\"heading.default\">\n\t\t\t\t<div class=\"elementor-widget-container\">\n\t\t\t\t\t<h1 class=\"elementor-heading-title elementor-size-default\">Casi d'uso principali per VidSync<\/h1>\t\t\t\t<\/div>\n\t\t\t\t<\/div>\n\t\t\t\t<div class=\"elementor-element elementor-element-864deb6 elementor-widget elementor-widget-text-editor\" data-id=\"864deb6\" data-element_type=\"widget\" data-e-type=\"widget\" data-widget_type=\"text-editor.default\">\n\t\t\t\t<div class=\"elementor-widget-container\">\n\t\t\t\t\t\t\t\t\t<p>Utilizzando VidSync per integrare la loro soluzione Oracle Eloqua con le loro piattaforme video, i nostri clienti possono ora sfruttare numerosi e potenti casi d&#8217;uso aziendali.<br \/>\nDi seguito sono riportati alcuni casi d&#8217;uso specifici: <\/p>\n\t\t\t\t\t\t\t\t<\/div>\n\t\t\t\t<\/div>\n\t\t\t\t<div class=\"elementor-element elementor-element-e7a5f25 elementor-widget-divider--view-line elementor-widget elementor-widget-divider\" data-id=\"e7a5f25\" data-element_type=\"widget\" data-e-type=\"widget\" data-widget_type=\"divider.default\">\n\t\t\t\t<div class=\"elementor-widget-container\">\n\t\t\t\t\t\t\t<div class=\"elementor-divider\">\n\t\t\t<span class=\"elementor-divider-separator\">\n\t\t\t\t\t\t<\/span>\n\t\t<\/div>\n\t\t\t\t\t\t<\/div>\n\t\t\t\t<\/div>\n\t\t\t\t\t<\/div>\n\t\t<\/div>\n\t\t\t\t\t<\/div>\n\t\t<\/section>\n\t\t\t\t<section class=\"elementor-section elementor-top-section elementor-element elementor-element-02f7525 elementor-section-boxed elementor-section-height-default elementor-section-height-default\" data-id=\"02f7525\" data-element_type=\"section\" data-e-type=\"section\">\n\t\t\t\t\t\t<div class=\"elementor-container elementor-column-gap-default\">\n\t\t\t\t\t<div class=\"elementor-column elementor-col-100 elementor-top-column elementor-element elementor-element-94578b1\" data-id=\"94578b1\" data-element_type=\"column\" data-e-type=\"column\">\n\t\t\t<div class=\"elementor-widget-wrap elementor-element-populated\">\n\t\t\t\t\t\t<div class=\"elementor-element elementor-element-42f1c13 elementor-tabs-view-vertical elementor-widget elementor-widget-tabs\" data-id=\"42f1c13\" data-element_type=\"widget\" data-e-type=\"widget\" data-widget_type=\"tabs.default\">\n\t\t\t\t<div class=\"elementor-widget-container\">\n\t\t\t\t\t\t\t<div class=\"elementor-tabs\">\n\t\t\t<div class=\"elementor-tabs-wrapper\" role=\"tablist\" >\n\t\t\t\t\t\t\t\t\t<div id=\"elementor-tab-title-7011\" class=\"elementor-tab-title elementor-tab-desktop-title\" aria-selected=\"true\" data-tab=\"1\" role=\"tab\" tabindex=\"0\" aria-controls=\"elementor-tab-content-7011\" aria-expanded=\"false\">1. Chiarezza sulle prestazioni della campagna<\/div>\n\t\t\t\t\t\t\t\t\t<div id=\"elementor-tab-title-7012\" class=\"elementor-tab-title elementor-tab-desktop-title\" aria-selected=\"false\" data-tab=\"2\" role=\"tab\" tabindex=\"-1\" aria-controls=\"elementor-tab-content-7012\" aria-expanded=\"false\">2. Programma di recupero dei carrelli  <\/div>\n\t\t\t\t\t\t\t\t\t<div id=\"elementor-tab-title-7013\" class=\"elementor-tab-title elementor-tab-desktop-title\" aria-selected=\"false\" data-tab=\"3\" role=\"tab\" tabindex=\"-1\" aria-controls=\"elementor-tab-content-7013\" aria-expanded=\"false\">3. Campagne di recupero delle applicazioni  <\/div>\n\t\t\t\t\t\t\t\t\t<div id=\"elementor-tab-title-7014\" class=\"elementor-tab-title elementor-tab-desktop-title\" aria-selected=\"false\" data-tab=\"4\" role=\"tab\" tabindex=\"-1\" aria-controls=\"elementor-tab-content-7014\" aria-expanded=\"false\">4. Personalizzazione del sito web 1to1 in tempo reale  <\/div>\n\t\t\t\t\t\t\t\t\t<div id=\"elementor-tab-title-7015\" class=\"elementor-tab-title elementor-tab-desktop-title\" aria-selected=\"false\" data-tab=\"5\" role=\"tab\" tabindex=\"-1\" aria-controls=\"elementor-tab-content-7015\" aria-expanded=\"false\">5. Campagne mobile<\/div>\n\t\t\t\t\t\t\t\t\t<div id=\"elementor-tab-title-7016\" class=\"elementor-tab-title elementor-tab-desktop-title\" aria-selected=\"false\" data-tab=\"6\" role=\"tab\" tabindex=\"-1\" aria-controls=\"elementor-tab-content-7016\" aria-expanded=\"false\">6. Campagne per acquirenti tardivi<\/div>\n\t\t\t\t\t\t\t\t\t<div id=\"elementor-tab-title-7017\" class=\"elementor-tab-title elementor-tab-desktop-title\" aria-selected=\"false\" data-tab=\"7\" role=\"tab\" tabindex=\"-1\" aria-controls=\"elementor-tab-content-7017\" aria-expanded=\"false\">7. Campagne di ingresso dei clienti  <\/div>\n\t\t\t\t\t\t\t<\/div>\n\t\t\t<div class=\"elementor-tabs-content-wrapper\" role=\"tablist\" aria-orientation=\"vertical\">\n\t\t\t\t\t\t\t\t\t<div class=\"elementor-tab-title elementor-tab-mobile-title\" aria-selected=\"true\" data-tab=\"1\" role=\"tab\" tabindex=\"0\" aria-controls=\"elementor-tab-content-7011\" aria-expanded=\"false\">1. Chiarezza sulle prestazioni della campagna<\/div>\n\t\t\t\t\t<div id=\"elementor-tab-content-7011\" class=\"elementor-tab-content elementor-clearfix\" data-tab=\"1\" role=\"tabpanel\" aria-labelledby=\"elementor-tab-title-7011\" tabindex=\"0\" hidden=\"false\"><div id=\"one\" class=\"use-case\">\n<div class=\"lc-block\">\n<h2>1. Chiarezza sulle prestazioni della campagna<\/h2>\n<p>SegmentSync ti permette di avere una visione chiara dell&#8217;andamento delle tue campagne.<br \/>\nPuoi creare report che mostrano gli invii di email, le aperture, i clic, i rimbalzi, le disiscrizioni e le metriche di Adobe Analytics, il tutto in un&#8217;unica interfaccia utente.<br \/>\nPuoi poi suddividerli in base ad altri criteri, come i dispositivi mobili, il tipo di dispositivo e altre metriche di Adobe Analytics.  <\/p>\n<\/div>\n<\/div>\n<\/div>\n\t\t\t\t\t\t\t\t\t<div class=\"elementor-tab-title elementor-tab-mobile-title\" aria-selected=\"false\" data-tab=\"2\" role=\"tab\" tabindex=\"-1\" aria-controls=\"elementor-tab-content-7012\" aria-expanded=\"false\">2. Programma di recupero dei carrelli  <\/div>\n\t\t\t\t\t<div id=\"elementor-tab-content-7012\" class=\"elementor-tab-content elementor-clearfix\" data-tab=\"2\" role=\"tabpanel\" aria-labelledby=\"elementor-tab-title-7012\" tabindex=\"0\" hidden=\"hidden\"><h2>2. Programma di recupero dei carrelli<\/h2>\n<p>SegmentSync ti permette anche di condurre campagne di recupero dei carrelli.<br \/>\nQuando qualcuno aggiunge un prodotto al carrello, fino all&#8217;85% dei carrelli viene abbandonato e non recuperato.<br \/>\nSegmentSync \u00e8 l&#8217;integrazione aziendale pi\u00f9 veloce che ti permette di eseguire campagne di recupero dei carrelli in soli 30 minuti, una volta che il carrello \u00e8 stato abbandonato.  <\/p>\n<\/div>\n\t\t\t\t\t\t\t\t\t<div class=\"elementor-tab-title elementor-tab-mobile-title\" aria-selected=\"false\" data-tab=\"3\" role=\"tab\" tabindex=\"-1\" aria-controls=\"elementor-tab-content-7013\" aria-expanded=\"false\">3. Campagne di recupero delle applicazioni  <\/div>\n\t\t\t\t\t<div id=\"elementor-tab-content-7013\" class=\"elementor-tab-content elementor-clearfix\" data-tab=\"3\" role=\"tabpanel\" aria-labelledby=\"elementor-tab-title-7013\" tabindex=\"0\" hidden=\"hidden\"><h2>3. Campagne di recupero delle applicazioni<\/h2>\n<p>Per i nostri clienti dei servizi finanziari, un&#8217;applicazione abbandonata si verifica quando qualcuno inizia a richiedere un conto corrente o un altro prodotto di servizi finanziari e non conclude il processo di iscrizione.<br \/>\nQuesto permette di sincronizzare in tempo reale il sistema Oracle marketing cloud e di inviare un&#8217;email di remarketing\/recupero che consente di salvare l&#8217;utente e di riprendere la sua richiesta. <\/p>\n<\/div>\n\t\t\t\t\t\t\t\t\t<div class=\"elementor-tab-title elementor-tab-mobile-title\" aria-selected=\"false\" data-tab=\"4\" role=\"tab\" tabindex=\"-1\" aria-controls=\"elementor-tab-content-7014\" aria-expanded=\"false\">4. Personalizzazione del sito web 1to1 in tempo reale  <\/div>\n\t\t\t\t\t<div id=\"elementor-tab-content-7014\" class=\"elementor-tab-content elementor-clearfix\" data-tab=\"4\" role=\"tabpanel\" aria-labelledby=\"elementor-tab-title-7014\" tabindex=\"0\" hidden=\"hidden\"><h2>4. Personalizzazione del sito web 1to1 in tempo reale<\/h2>\n<p>I clienti che hanno Adobe Target, Optimizely o Maximizer possono beneficiare di ci\u00f2 che noi chiamiamo personalizzazione del sito web in tempo reale 1to1.<br \/>\nMentre i contatti visitano il sito web, puoi inserire i dati del CRM memorizzati in Eloqua e utilizzarli per personalizzare l&#8217;esperienza del visitatore.<br \/>\nAbbiamo visto che questo porta a un aumento del coinvolgimento e delle risposte alle offerte sul tuo sito web.  <\/p>\n<\/div>\n\t\t\t\t\t\t\t\t\t<div class=\"elementor-tab-title elementor-tab-mobile-title\" aria-selected=\"false\" data-tab=\"5\" role=\"tab\" tabindex=\"-1\" aria-controls=\"elementor-tab-content-7015\" aria-expanded=\"false\">5. Campagne mobile<\/div>\n\t\t\t\t\t<div id=\"elementor-tab-content-7015\" class=\"elementor-tab-content elementor-clearfix\" data-tab=\"5\" role=\"tabpanel\" aria-labelledby=\"elementor-tab-title-7015\" tabindex=\"0\" hidden=\"hidden\"><h2>5. Campagne mobile<\/h2>\n<p>Il mobile \u00e8 il canale tecnologico in pi\u00f9 rapida crescita oggi utilizzato dal mercato.<br \/>\nCon SegmentSync puoi sfruttare Adobe Analytics per identificare quali dei tuoi visitatori utilizzano un dispositivo mobile, di che tipo e con quale sistema operativo.<br \/>\nAd esempio, questo ti permette di indirizzare le campagne e-mail agli utenti di iPad rispetto a quelli di iPhone.  <\/p>\n<\/div>\n\t\t\t\t\t\t\t\t\t<div class=\"elementor-tab-title elementor-tab-mobile-title\" aria-selected=\"false\" data-tab=\"6\" role=\"tab\" tabindex=\"-1\" aria-controls=\"elementor-tab-content-7016\" aria-expanded=\"false\">6. Campagne per acquirenti tardivi<\/div>\n\t\t\t\t\t<div id=\"elementor-tab-content-7016\" class=\"elementor-tab-content elementor-clearfix\" data-tab=\"6\" role=\"tabpanel\" aria-labelledby=\"elementor-tab-title-7016\" tabindex=\"0\" hidden=\"hidden\"><h2>6. Campagne per acquirenti tardivi<\/h2>\n<p>Ogni stagione delle feste abbiamo i cosiddetti &#8220;acquirenti ritardatari&#8221;.<br \/>\nI late buyer, per chi ha un e-commerce, sono persone che aspettano l&#8217;ultimo minuto per fare un acquisto.<br \/>\nSanno che arriver\u00e0 in tempo, ma si spingono oltre.<br \/>\nSegmentSync identifica questi acquirenti e ti permette di fare remarketing su di loro e di accelerare il processo di acquisto, facendo marketing su di loro nelle fasi precedenti.   <\/p>\n<\/div>\n\t\t\t\t\t\t\t\t\t<div class=\"elementor-tab-title elementor-tab-mobile-title\" aria-selected=\"false\" data-tab=\"7\" role=\"tab\" tabindex=\"-1\" aria-controls=\"elementor-tab-content-7017\" aria-expanded=\"false\">7. Campagne di ingresso dei clienti  <\/div>\n\t\t\t\t\t<div id=\"elementor-tab-content-7017\" class=\"elementor-tab-content elementor-clearfix\" data-tab=\"7\" role=\"tabpanel\" aria-labelledby=\"elementor-tab-title-7017\" tabindex=\"0\" hidden=\"hidden\"><h2>7. Campagne di ingresso dei clienti<\/h2>\n<p>Con SegmentSync, Adobe Analytics comunicher\u00e0 con il tuo sistema di posta elettronica quando qualcuno ha effettuato un acquisto.<br \/>\nPotrai avviare una campagna di onboarding automatica che li condurr\u00e0 lungo un percorso designato per dar loro il benvenuto nella tua azienda o nel tuo prodotto, migliorando l&#8217;esperienza del cliente. <\/p>\n<\/div>\n\t\t\t\t\t\t\t<\/div>\n\t\t<\/div>\n\t\t\t\t\t\t<\/div>\n\t\t\t\t<\/div>\n\t\t\t\t\t<\/div>\n\t\t<\/div>\n\t\t\t\t\t<\/div>\n\t\t<\/section>\n\t\t\t\t<section class=\"elementor-section elementor-top-section elementor-element elementor-element-7b0ee68 elementor-section-content-bottom elementor-section-stretched elementor-section-boxed elementor-section-height-default elementor-section-height-default\" data-id=\"7b0ee68\" data-element_type=\"section\" data-e-type=\"section\" data-settings=\"{&quot;background_background&quot;:&quot;classic&quot;,&quot;stretch_section&quot;:&quot;section-stretched&quot;}\">\n\t\t\t\t\t\t\t<div class=\"elementor-background-overlay\"><\/div>\n\t\t\t\t\t\t\t<div class=\"elementor-container elementor-column-gap-no\">\n\t\t\t\t\t<div class=\"elementor-column elementor-col-100 elementor-top-column elementor-element elementor-element-b6bfca6\" data-id=\"b6bfca6\" data-element_type=\"column\" data-e-type=\"column\">\n\t\t\t<div class=\"elementor-widget-wrap elementor-element-populated\">\n\t\t\t\t\t\t<div class=\"elementor-element elementor-element-e56f657 elementor-widget__width-inherit elementor-widget elementor-widget-heading\" data-id=\"e56f657\" data-element_type=\"widget\" data-e-type=\"widget\" data-widget_type=\"heading.default\">\n\t\t\t\t<div class=\"elementor-widget-container\">\n\t\t\t\t\t<h2 class=\"elementor-heading-title elementor-size-default\">  Vuoi parlare con uno dei nostri consulenti?\nClicca qui sotto per fissare una telefonata di approfondimento e di definizione dei prezzi.   <\/h2>\t\t\t\t<\/div>\n\t\t\t\t<\/div>\n\t\t\t\t<div class=\"elementor-element elementor-element-6857c69 elementor-align-center elementor-widget elementor-widget-button\" data-id=\"6857c69\" data-element_type=\"widget\" data-e-type=\"widget\" data-widget_type=\"button.default\">\n\t\t\t\t<div class=\"elementor-widget-container\">\n\t\t\t\t\t\t\t\t\t<div class=\"elementor-button-wrapper\">\n\t\t\t\t\t<a class=\"elementor-button elementor-button-link elementor-size-sm\" href=\"https:\/\/enauticsdonotd.wpenginepowered.com\/vidsync-quiz\/\">\n\t\t\t\t\t\t<span class=\"elementor-button-content-wrapper\">\n\t\t\t\t\t\t\t\t\t<span class=\"elementor-button-text\">Richiedi prezzo<\/span>\n\t\t\t\t\t<\/span>\n\t\t\t\t\t<\/a>\n\t\t\t\t<\/div>\n\t\t\t\t\t\t\t\t<\/div>\n\t\t\t\t<\/div>\n\t\t\t\t<div class=\"elementor-element elementor-element-3f9358c elementor-widget elementor-widget-text-editor\" data-id=\"3f9358c\" data-element_type=\"widget\" data-e-type=\"widget\" data-widget_type=\"text-editor.default\">\n\t\t\t\t<div class=\"elementor-widget-container\">\n\t\t\t\t\t\t\t\t\t<p>Le tue informazioni sono riservate e confidenziali.<\/p>\n\t\t\t\t\t\t\t\t<\/div>\n\t\t\t\t<\/div>\n\t\t\t\t\t<\/div>\n\t\t<\/div>\n\t\t\t\t\t<\/div>\n\t\t<\/section>\n\t\t\t\t<\/div>\n\t\t","protected":false},"excerpt":{"rendered":"<p>Casi d&#8217;uso principali per VidSync Utilizzando VidSync per integrare la loro soluzione Oracle Eloqua con le loro piattaforme video, i nostri clienti possono ora sfruttare numerosi e potenti casi d&#8217;uso aziendali. Di seguito sono riportati alcuni casi d&#8217;uso specifici: 1. Chiarezza sulle prestazioni della campagna 2. Programma di recupero dei carrelli 3. Campagne di recupero [&hellip;]<\/p>\n","protected":false},"author":1,"featured_media":0,"parent":10314,"menu_order":0,"comment_status":"closed","ping_status":"closed","template":"","meta":{"site-sidebar-layout":"default","site-content-layout":"","ast-site-content-layout":"default","site-content-style":"default","site-sidebar-style":"default","ast-global-header-display":"","ast-banner-title-visibility":"","ast-main-header-display":"","ast-hfb-above-header-display":"","ast-hfb-below-header-display":"","ast-hfb-mobile-header-display":"","site-post-title":"","ast-breadcrumbs-content":"","ast-featured-img":"","footer-sml-layout":"","ast-disable-related-posts":"","theme-transparent-header-meta":"","adv-header-id-meta":"","stick-header-meta":"","header-above-stick-meta":"","header-main-stick-meta":"","header-below-stick-meta":"","astra-migrate-meta-layouts":"default","ast-page-background-enabled":"default","ast-page-background-meta":{"desktop":{"background-color":"var(--ast-global-color-4)","background-image":"","background-repeat":"repeat","background-position":"center center","background-size":"auto","background-attachment":"scroll","background-type":"","background-media":"","overlay-type":"","overlay-color":"","overlay-opacity":"","overlay-gradient":""},"tablet":{"background-color":"","background-image":"","background-repeat":"repeat","background-position":"center center","background-size":"auto","background-attachment":"scroll","background-type":"","background-media":"","overlay-type":"","overlay-color":"","overlay-opacity":"","overlay-gradient":""},"mobile":{"background-color":"","background-image":"","background-repeat":"repeat","background-position":"center center","background-size":"auto","background-attachment":"scroll","background-type":"","background-media":"","overlay-type":"","overlay-color":"","overlay-opacity":"","overlay-gradient":""}},"ast-content-background-meta":{"desktop":{"background-color":"var(--ast-global-color-5)","background-image":"","background-repeat":"repeat","background-position":"center center","background-size":"auto","background-attachment":"scroll","background-type":"","background-media":"","overlay-type":"","overlay-color":"","overlay-opacity":"","overlay-gradient":""},"tablet":{"background-color":"var(--ast-global-color-5)","background-image":"","background-repeat":"repeat","background-position":"center center","background-size":"auto","background-attachment":"scroll","background-type":"","background-media":"","overlay-type":"","overlay-color":"","overlay-opacity":"","overlay-gradient":""},"mobile":{"background-color":"var(--ast-global-color-5)","background-image":"","background-repeat":"repeat","background-position":"center center","background-size":"auto","background-attachment":"scroll","background-type":"","background-media":"","overlay-type":"","overlay-color":"","overlay-opacity":"","overlay-gradient":""}},"footnotes":""},"class_list":["post-10611","page","type-page","status-publish","hentry"],"_links":{"self":[{"href":"https:\/\/enautics.com\/it\/wp-json\/wp\/v2\/pages\/10611","targetHints":{"allow":["GET"]}}],"collection":[{"href":"https:\/\/enautics.com\/it\/wp-json\/wp\/v2\/pages"}],"about":[{"href":"https:\/\/enautics.com\/it\/wp-json\/wp\/v2\/types\/page"}],"author":[{"embeddable":true,"href":"https:\/\/enautics.com\/it\/wp-json\/wp\/v2\/users\/1"}],"replies":[{"embeddable":true,"href":"https:\/\/enautics.com\/it\/wp-json\/wp\/v2\/comments?post=10611"}],"version-history":[{"count":0,"href":"https:\/\/enautics.com\/it\/wp-json\/wp\/v2\/pages\/10611\/revisions"}],"up":[{"embeddable":true,"href":"https:\/\/enautics.com\/it\/wp-json\/wp\/v2\/pages\/10314"}],"wp:attachment":[{"href":"https:\/\/enautics.com\/it\/wp-json\/wp\/v2\/media?parent=10611"}],"curies":[{"name":"wp","href":"https:\/\/api.w.org\/{rel}","templated":true}]}}