{"id":10390,"date":"2024-08-17T03:43:16","date_gmt":"2024-08-17T08:43:16","guid":{"rendered":"https:\/\/enautics.com\/blog-2\/"},"modified":"2025-03-11T06:55:57","modified_gmt":"2025-03-11T11:55:57","slug":"il-nostro-blog","status":"publish","type":"page","link":"https:\/\/enautics.com\/it\/il-nostro-blog\/","title":{"rendered":"Il nostro blog"},"content":{"rendered":"\t\t<div data-elementor-type=\"wp-page\" data-elementor-id=\"10390\" class=\"elementor elementor-10390 elementor-10380\" data-elementor-post-type=\"page\">\n\t\t\t\t\t\t<section class=\"elementor-section elementor-top-section elementor-element elementor-element-4c21239 elementor-section-boxed elementor-section-height-default elementor-section-height-default\" data-id=\"4c21239\" data-element_type=\"section\" data-e-type=\"section\" id=\"bloglistnew\">\n\t\t\t\t\t\t<div class=\"elementor-container elementor-column-gap-default\">\n\t\t\t\t\t<div class=\"elementor-column elementor-col-100 elementor-top-column elementor-element elementor-element-78ed92c\" data-id=\"78ed92c\" data-element_type=\"column\" data-e-type=\"column\">\n\t\t\t<div class=\"elementor-widget-wrap elementor-element-populated\">\n\t\t\t\t\t\t<div class=\"elementor-element elementor-element-7f35642 elementor-grid-eael-col-2 elementor-grid-tablet-eael-col-2 elementor-grid-mobile-eael-col-1 elementor-widget elementor-widget-eael-post-grid\" data-id=\"7f35642\" data-element_type=\"widget\" data-e-type=\"widget\" data-settings=\"{&quot;eael_post_grid_columns&quot;:&quot;eael-col-2&quot;,&quot;eael_post_grid_columns_tablet&quot;:&quot;eael-col-2&quot;,&quot;eael_post_grid_columns_mobile&quot;:&quot;eael-col-1&quot;}\" data-widget_type=\"eael-post-grid.default\">\n\t\t\t\t<div class=\"elementor-widget-container\">\n\t\t\t\t\t<div id=\"eael-post-grid-7f35642\" class=\"eael-post-grid-container\">\n            <div class=\"eael-post-grid eael-post-appender eael-post-appender-7f35642 eael-post-grid-style-one\" data-layout-mode=\"masonry\"><article class=\"eael-grid-post  eael-post-grid-column eael-pg-post-10528 category-successo-del-cliente\" data-id=\"10528\">\n        <div class=\"eael-grid-post-holder\">\n            <div class=\"eael-grid-post-holder-inner\"><div class=\"eael-entry-media\"><div class=\"eael-entry-overlay fade-in\"><i class=\"fas fa-long-arrow-alt-right\" aria-hidden=\"true\"><\/i><a href=\"https:\/\/enautics.com\/it\/successo-del-cliente\/oracle-aumenta-eloqua-campagna-comunicazione-di-chiarezza\/\"><\/a><\/div><div class=\"eael-entry-thumbnail \">\n                <img fetchpriority=\"high\" decoding=\"async\" width=\"1024\" height=\"683\" src=\"https:\/\/enautics.com\/wp-content\/uploads\/2018\/04\/case-study-1024x683.jpg\" class=\"attachment-large size-large wp-image-5770\" alt=\"\" srcset=\"https:\/\/enautics.com\/wp-content\/uploads\/2018\/04\/case-study-1024x683.jpg 1024w, https:\/\/enautics.com\/wp-content\/uploads\/2018\/04\/case-study-300x200.jpg 300w, https:\/\/enautics.com\/wp-content\/uploads\/2018\/04\/case-study-768x512.jpg 768w, https:\/\/enautics.com\/wp-content\/uploads\/2018\/04\/case-study.jpg 1200w\" sizes=\"(max-width: 1024px) 100vw, 1024px\" \/>\n            <\/div>\n        <\/div><div class=\"eael-entry-wrapper\"><header class=\"eael-entry-header\"><h3 class=\"eael-entry-title\"><a class=\"eael-grid-post-link\" href=\"https:\/\/enautics.com\/it\/successo-del-cliente\/oracle-aumenta-eloqua-campagna-comunicazione-di-chiarezza\/\" title=\"Oracle aumenta la reportistica di Eloqua Campaign Clarity\">Oracle aumenta la reportistica di Eloqua Campaign Clarity<\/a><\/h3><\/header><\/div><\/div>\n        <\/div>\n    <\/article><article class=\"eael-grid-post  eael-post-grid-column eael-pg-post-10529 category-reporting-avanzato-successo-del-cliente\" data-id=\"10529\">\n        <div class=\"eael-grid-post-holder\">\n            <div class=\"eael-grid-post-holder-inner\"><div class=\"eael-entry-media\"><div class=\"eael-entry-overlay fade-in\"><i class=\"fas fa-long-arrow-alt-right\" aria-hidden=\"true\"><\/i><a href=\"https:\/\/enautics.com\/it\/successo-del-cliente\/mountain-america-incrementa-eloqua-campaign-clarity-reporting\/\"><\/a><\/div><div class=\"eael-entry-thumbnail \">\n                <img fetchpriority=\"high\" decoding=\"async\" width=\"1024\" height=\"683\" src=\"https:\/\/enautics.com\/wp-content\/uploads\/2018\/04\/case-study-1024x683.jpg\" class=\"attachment-large size-large wp-image-5770\" alt=\"\" srcset=\"https:\/\/enautics.com\/wp-content\/uploads\/2018\/04\/case-study-1024x683.jpg 1024w, https:\/\/enautics.com\/wp-content\/uploads\/2018\/04\/case-study-300x200.jpg 300w, https:\/\/enautics.com\/wp-content\/uploads\/2018\/04\/case-study-768x512.jpg 768w, https:\/\/enautics.com\/wp-content\/uploads\/2018\/04\/case-study.jpg 1200w\" sizes=\"(max-width: 1024px) 100vw, 1024px\" \/>\n            <\/div>\n        <\/div><div class=\"eael-entry-wrapper\"><header class=\"eael-entry-header\"><h3 class=\"eael-entry-title\"><a class=\"eael-grid-post-link\" href=\"https:\/\/enautics.com\/it\/successo-del-cliente\/mountain-america-incrementa-eloqua-campaign-clarity-reporting\/\" title=\"Mountain America aumenta la reportistica di Eloqua Campaign Clarity\">Mountain America aumenta la reportistica di Eloqua Campaign<\/a><\/h3><\/header><\/div><\/div>\n        <\/div>\n    <\/article><article class=\"eael-grid-post  eael-post-grid-column eael-pg-post-10524 category-moltiplicatori-di-reddito-successo-del-cliente\" data-id=\"10524\">\n        <div class=\"eael-grid-post-holder\">\n            <div class=\"eael-grid-post-holder-inner\"><div class=\"eael-entry-media\"><div class=\"eael-entry-overlay fade-in\"><i class=\"fas fa-long-arrow-alt-right\" aria-hidden=\"true\"><\/i><a href=\"https:\/\/enautics.com\/it\/moltiplicatori-di-reddito\/avid-raggiunge-ricorda-un-alto-engagement-di-email-e-reddito\/\"><\/a><\/div><div class=\"eael-entry-thumbnail \">\n                <img fetchpriority=\"high\" decoding=\"async\" width=\"1024\" height=\"683\" src=\"https:\/\/enautics.com\/wp-content\/uploads\/2018\/04\/case-study-1024x683.jpg\" class=\"attachment-large size-large wp-image-5770\" alt=\"\" srcset=\"https:\/\/enautics.com\/wp-content\/uploads\/2018\/04\/case-study-1024x683.jpg 1024w, https:\/\/enautics.com\/wp-content\/uploads\/2018\/04\/case-study-300x200.jpg 300w, https:\/\/enautics.com\/wp-content\/uploads\/2018\/04\/case-study-768x512.jpg 768w, https:\/\/enautics.com\/wp-content\/uploads\/2018\/04\/case-study.jpg 1200w\" sizes=\"(max-width: 1024px) 100vw, 1024px\" \/>\n            <\/div>\n        <\/div><div class=\"eael-entry-wrapper\"><header class=\"eael-entry-header\"><h3 class=\"eael-entry-title\"><a class=\"eael-grid-post-link\" href=\"https:\/\/enautics.com\/it\/moltiplicatori-di-reddito\/avid-raggiunge-ricorda-un-alto-engagement-di-email-e-reddito\/\" title=\"AVID raggiunge un livello record di coinvolgimento e di fatturato via e-mail\">AVID raggiunge un livello record di coinvolgimento e<\/a><\/h3><\/header><\/div><\/div>\n        <\/div>\n    <\/article><article class=\"eael-grid-post  eael-post-grid-column eael-pg-post-10536 category-personalizzazione-1to1\" data-id=\"10536\">\n        <div class=\"eael-grid-post-holder\">\n            <div class=\"eael-grid-post-holder-inner\"><div class=\"eael-entry-media\"><div class=\"eael-entry-overlay fade-in\"><i class=\"fas fa-long-arrow-alt-right\" aria-hidden=\"true\"><\/i><a href=\"https:\/\/enautics.com\/it\/personalizzazione-1to1\/3-ragioni-per-cui-puntare-agli-utenti-mobili-in-modo-diverso-lultra-personalizzazione-e-importante\/\"><\/a><\/div><div class=\"eael-entry-thumbnail \">\n                <img decoding=\"async\" width=\"1024\" height=\"683\" src=\"https:\/\/enautics.com\/wp-content\/uploads\/2018\/04\/3-Reasons-to-Target-Mobile-Users-Differently-Personalization-Matters-3-1024x683.png\" class=\"attachment-large size-large wp-image-5816\" alt=\"\" srcset=\"https:\/\/enautics.com\/wp-content\/uploads\/2018\/04\/3-Reasons-to-Target-Mobile-Users-Differently-Personalization-Matters-3-1024x683.png 1024w, https:\/\/enautics.com\/wp-content\/uploads\/2018\/04\/3-Reasons-to-Target-Mobile-Users-Differently-Personalization-Matters-3-300x200.png 300w, https:\/\/enautics.com\/wp-content\/uploads\/2018\/04\/3-Reasons-to-Target-Mobile-Users-Differently-Personalization-Matters-3-768x512.png 768w, https:\/\/enautics.com\/wp-content\/uploads\/2018\/04\/3-Reasons-to-Target-Mobile-Users-Differently-Personalization-Matters-3.png 1200w\" sizes=\"(max-width: 1024px) 100vw, 1024px\" \/>\n            <\/div>\n        <\/div><div class=\"eael-entry-wrapper\"><header class=\"eael-entry-header\"><h3 class=\"eael-entry-title\"><a class=\"eael-grid-post-link\" href=\"https:\/\/enautics.com\/it\/personalizzazione-1to1\/3-ragioni-per-cui-puntare-agli-utenti-mobili-in-modo-diverso-lultra-personalizzazione-e-importante\/\" title=\"3 motivi per rivolgersi agli utenti mobili in modo diverso: L&#8217;ultra-personalizzazione \u00e8 importante\">3 motivi per rivolgersi agli utenti mobili in<\/a><\/h3><\/header><\/div><\/div>\n        <\/div>\n    <\/article><article class=\"eael-grid-post  eael-post-grid-column eael-pg-post-10515 category-moltiplicatori-di-reddito\" data-id=\"10515\">\n        <div class=\"eael-grid-post-holder\">\n            <div class=\"eael-grid-post-holder-inner\"><div class=\"eael-entry-media\"><div class=\"eael-entry-overlay fade-in\"><i class=\"fas fa-long-arrow-alt-right\" aria-hidden=\"true\"><\/i><a href=\"https:\/\/enautics.com\/it\/moltiplicatori-di-reddito\/carrelli-abbandonati-ripristino-la-corsia-delle-casse\/\"><\/a><\/div><div class=\"eael-entry-thumbnail \">\n                <img decoding=\"async\" width=\"1024\" height=\"683\" src=\"https:\/\/enautics.com\/wp-content\/uploads\/2018\/04\/Abandoned-Shopping-Carts-Get-Them-Back-into-the-Checkout-Lane-2-1024x683.png\" class=\"attachment-large size-large wp-image-5820\" alt=\"\" srcset=\"https:\/\/enautics.com\/wp-content\/uploads\/2018\/04\/Abandoned-Shopping-Carts-Get-Them-Back-into-the-Checkout-Lane-2-1024x683.png 1024w, https:\/\/enautics.com\/wp-content\/uploads\/2018\/04\/Abandoned-Shopping-Carts-Get-Them-Back-into-the-Checkout-Lane-2-300x200.png 300w, https:\/\/enautics.com\/wp-content\/uploads\/2018\/04\/Abandoned-Shopping-Carts-Get-Them-Back-into-the-Checkout-Lane-2-768x512.png 768w, https:\/\/enautics.com\/wp-content\/uploads\/2018\/04\/Abandoned-Shopping-Carts-Get-Them-Back-into-the-Checkout-Lane-2.png 1200w\" sizes=\"(max-width: 1024px) 100vw, 1024px\" \/>\n            <\/div>\n        <\/div><div class=\"eael-entry-wrapper\"><header class=\"eael-entry-header\"><h3 class=\"eael-entry-title\"><a class=\"eael-grid-post-link\" href=\"https:\/\/enautics.com\/it\/moltiplicatori-di-reddito\/carrelli-abbandonati-ripristino-la-corsia-delle-casse\/\" title=\"Carrelli abbandonati: Riportali nella corsia di pagamento!\">Carrelli abbandonati: Riportali nella corsia di pagamento!<\/a><\/h3><\/header><\/div><\/div>\n        <\/div>\n    <\/article><article class=\"eael-grid-post  eael-post-grid-column eael-pg-post-10534 category-reporting-avanzato\" data-id=\"10534\">\n        <div class=\"eael-grid-post-holder\">\n            <div class=\"eael-grid-post-holder-inner\"><div class=\"eael-entry-media\"><div class=\"eael-entry-overlay fade-in\"><i class=\"fas fa-long-arrow-alt-right\" aria-hidden=\"true\"><\/i><a href=\"https:\/\/enautics.com\/it\/reporting-avanzato\/fare-3-errori-critici-nel-reporting\/\"><\/a><\/div><div class=\"eael-entry-thumbnail \">\n                <img loading=\"lazy\" decoding=\"async\" width=\"1024\" height=\"683\" src=\"https:\/\/enautics.com\/wp-content\/uploads\/2018\/04\/Are-You-Making-These-3-Critical-Reporting-Mistakes-2-1024x683.png\" class=\"attachment-large size-large wp-image-5824\" alt=\"\" srcset=\"https:\/\/enautics.com\/wp-content\/uploads\/2018\/04\/Are-You-Making-These-3-Critical-Reporting-Mistakes-2-1024x683.png 1024w, https:\/\/enautics.com\/wp-content\/uploads\/2018\/04\/Are-You-Making-These-3-Critical-Reporting-Mistakes-2-300x200.png 300w, https:\/\/enautics.com\/wp-content\/uploads\/2018\/04\/Are-You-Making-These-3-Critical-Reporting-Mistakes-2-768x512.png 768w, https:\/\/enautics.com\/wp-content\/uploads\/2018\/04\/Are-You-Making-These-3-Critical-Reporting-Mistakes-2.png 1200w\" sizes=\"(max-width: 1024px) 100vw, 1024px\" \/>\n            <\/div>\n        <\/div><div class=\"eael-entry-wrapper\"><header class=\"eael-entry-header\"><h3 class=\"eael-entry-title\"><a class=\"eael-grid-post-link\" href=\"https:\/\/enautics.com\/it\/reporting-avanzato\/fare-3-errori-critici-nel-reporting\/\" title=\"Stai commettendo questi 3 errori critici di rendicontazione?\">Stai commettendo questi 3 errori critici di rendicontazione?<\/a><\/h3><\/header><\/div><\/div>\n        <\/div>\n    <\/article><article class=\"eael-grid-post  eael-post-grid-column eael-pg-post-10514 category-approfondimenti-sul-coinvolgimento\" data-id=\"10514\">\n        <div class=\"eael-grid-post-holder\">\n            <div class=\"eael-grid-post-holder-inner\"><div class=\"eael-entry-media\"><div class=\"eael-entry-overlay fade-in\"><i class=\"fas fa-long-arrow-alt-right\" aria-hidden=\"true\"><\/i><a href=\"https:\/\/enautics.com\/it\/approfondimenti-sul-coinvolgimento\/campagne-a-goccia-per-aumentare-lengagement\/\"><\/a><\/div><div class=\"eael-entry-thumbnail \">\n                <img loading=\"lazy\" decoding=\"async\" width=\"1024\" height=\"683\" src=\"https:\/\/enautics.com\/wp-content\/uploads\/2018\/04\/Copy-of-Increase-Engagement-with-Drip-Campaigns-1-1024x683.png\" class=\"attachment-large size-large wp-image-5836\" alt=\"\" srcset=\"https:\/\/enautics.com\/wp-content\/uploads\/2018\/04\/Copy-of-Increase-Engagement-with-Drip-Campaigns-1-1024x683.png 1024w, https:\/\/enautics.com\/wp-content\/uploads\/2018\/04\/Copy-of-Increase-Engagement-with-Drip-Campaigns-1-300x200.png 300w, https:\/\/enautics.com\/wp-content\/uploads\/2018\/04\/Copy-of-Increase-Engagement-with-Drip-Campaigns-1-768x512.png 768w, https:\/\/enautics.com\/wp-content\/uploads\/2018\/04\/Copy-of-Increase-Engagement-with-Drip-Campaigns-1.png 1200w\" sizes=\"(max-width: 1024px) 100vw, 1024px\" \/>\n            <\/div>\n        <\/div><div class=\"eael-entry-wrapper\"><header class=\"eael-entry-header\"><h3 class=\"eael-entry-title\"><a class=\"eael-grid-post-link\" href=\"https:\/\/enautics.com\/it\/approfondimenti-sul-coinvolgimento\/campagne-a-goccia-per-aumentare-lengagement\/\" title=\"Aumenta il coinvolgimento con le campagne Drip\">Aumenta il coinvolgimento con le campagne Drip<\/a><\/h3><\/header><\/div><\/div>\n        <\/div>\n    <\/article><article class=\"eael-grid-post  eael-post-grid-column eael-pg-post-10675 category-moltiplicatori-di-reddito\" data-id=\"10675\">\n        <div class=\"eael-grid-post-holder\">\n            <div class=\"eael-grid-post-holder-inner\"><div class=\"eael-entry-media\"><div class=\"eael-entry-overlay fade-in\"><i class=\"fas fa-long-arrow-alt-right\" aria-hidden=\"true\"><\/i><a href=\"https:\/\/enautics.com\/it\/moltiplicatori-di-reddito\/e-commerce-speed-cart-recupero-aumento-delle-vendite-reddito\/\"><\/a><\/div><div class=\"eael-entry-thumbnail \">\n                <img loading=\"lazy\" decoding=\"async\" width=\"1024\" height=\"683\" src=\"https:\/\/enautics.com\/wp-content\/uploads\/2018\/04\/Eccommerce-Speed-up-Cart-Recovery-For-Increased-Sales-and-Revenue-2-1024x683.png\" class=\"attachment-large size-large wp-image-5832\" alt=\"\" srcset=\"https:\/\/enautics.com\/wp-content\/uploads\/2018\/04\/Eccommerce-Speed-up-Cart-Recovery-For-Increased-Sales-and-Revenue-2-1024x683.png 1024w, https:\/\/enautics.com\/wp-content\/uploads\/2018\/04\/Eccommerce-Speed-up-Cart-Recovery-For-Increased-Sales-and-Revenue-2-300x200.png 300w, https:\/\/enautics.com\/wp-content\/uploads\/2018\/04\/Eccommerce-Speed-up-Cart-Recovery-For-Increased-Sales-and-Revenue-2-768x512.png 768w, https:\/\/enautics.com\/wp-content\/uploads\/2018\/04\/Eccommerce-Speed-up-Cart-Recovery-For-Increased-Sales-and-Revenue-2.png 1200w\" sizes=\"(max-width: 1024px) 100vw, 1024px\" \/>\n            <\/div>\n        <\/div><div class=\"eael-entry-wrapper\"><header class=\"eael-entry-header\"><h3 class=\"eael-entry-title\"><a class=\"eael-grid-post-link\" href=\"https:\/\/enautics.com\/it\/moltiplicatori-di-reddito\/e-commerce-speed-cart-recupero-aumento-delle-vendite-reddito\/\" title=\"E-commerce: Accelera il recupero del carrello per aumentare le vendite e i ricavi\">E-commerce: Accelera il recupero del carrello per aumentare<\/a><\/h3><\/header><\/div><\/div>\n        <\/div>\n    <\/article><article class=\"eael-grid-post  eael-post-grid-column eael-pg-post-10678 category-reporting-avanzato\" data-id=\"10678\">\n        <div class=\"eael-grid-post-holder\">\n            <div class=\"eael-grid-post-holder-inner\"><div class=\"eael-entry-wrapper\"><header class=\"eael-entry-header\"><h3 class=\"eael-entry-title\"><a class=\"eael-grid-post-link\" href=\"https:\/\/enautics.com\/it\/reporting-avanzato\/ottenere-chiari-insight-campagne-performanti\/\" title=\"Ottenere informazioni chiare sull&#8217;andamento delle tue campagne\">Ottenere informazioni chiare sull&#8217;andamento delle tue campagne<\/a><\/h3><\/header><\/div><\/div>\n        <\/div>\n    <\/article><article class=\"eael-grid-post  eael-post-grid-column eael-pg-post-10612 category-moltiplicatori-di-reddito\" data-id=\"10612\">\n        <div class=\"eael-grid-post-holder\">\n            <div class=\"eael-grid-post-holder-inner\"><div class=\"eael-entry-wrapper\"><header class=\"eael-entry-header\"><h3 class=\"eael-entry-title\"><a class=\"eael-grid-post-link\" href=\"https:\/\/enautics.com\/it\/moltiplicatori-di-reddito\/moltiplicatore-di-fatturato-per-gli-acquirenti-delle-vacanze-tardive\/\" title=\"Perch\u00e9 gli acquirenti tardivi delle vacanze sono un moltiplicatore di entrate\">Perch\u00e9 gli acquirenti tardivi delle vacanze sono un<\/a><\/h3><\/header><\/div><\/div>\n        <\/div>\n    <\/article><article class=\"eael-grid-post  eael-post-grid-column eael-pg-post-10607 category-moltiplicatori-di-reddito\" data-id=\"10607\">\n        <div class=\"eael-grid-post-holder\">\n            <div class=\"eael-grid-post-holder-inner\"><div class=\"eael-entry-wrapper\"><header class=\"eael-entry-header\"><h3 class=\"eael-entry-title\"><a class=\"eael-grid-post-link\" href=\"https:\/\/enautics.com\/it\/moltiplicatori-di-reddito\/soluzioni-per-il-recupero-delle-autovetture-impatto-sui-tassi-di-conversione\/\" title=\"Come le soluzioni di recupero dei carrelli hanno un impatto sui tassi di conversione\">Come le soluzioni di recupero dei carrelli hanno<\/a><\/h3><\/header><\/div><\/div>\n        <\/div>\n    <\/article><article class=\"eael-grid-post  eael-post-grid-column eael-pg-post-10601 category-reporting-avanzato\" data-id=\"10601\">\n        <div class=\"eael-grid-post-holder\">\n            <div class=\"eael-grid-post-holder-inner\"><div class=\"eael-entry-wrapper\"><header class=\"eael-entry-header\"><h3 class=\"eael-entry-title\"><a class=\"eael-grid-post-link\" href=\"https:\/\/enautics.com\/it\/reporting-avanzato\/top-3-metriche-segnalazione\/\" title=\"Le 3 principali metriche su cui dovresti fare rapporto\">Le 3 principali metriche su cui dovresti fare<\/a><\/h3><\/header><\/div><\/div>\n        <\/div>\n    <\/article><article class=\"eael-grid-post  eael-post-grid-column eael-pg-post-10600 category-aumenta-lefficienza-moltiplicatori-di-reddito-personalizzazione-1to1\" data-id=\"10600\">\n        <div class=\"eael-grid-post-holder\">\n            <div class=\"eael-grid-post-holder-inner\"><div class=\"eael-entry-wrapper\"><header class=\"eael-entry-header\"><h3 class=\"eael-entry-title\"><a class=\"eael-grid-post-link\" href=\"https:\/\/enautics.com\/it\/moltiplicatori-di-reddito\/i-marketer-non-scrivono-quasi-convertiti\/\" title=\"I marketer: non scartate i &#8220;quasi convertiti&#8221;.\">I marketer: non scartate i &#8220;quasi convertiti&#8221;.<\/a><\/h3><\/header><\/div><\/div>\n        <\/div>\n    <\/article><article class=\"eael-grid-post  eael-post-grid-column eael-pg-post-10596 category-aumenta-lefficienza\" data-id=\"10596\">\n        <div class=\"eael-grid-post-holder\">\n            <div class=\"eael-grid-post-holder-inner\"><div class=\"eael-entry-wrapper\"><header class=\"eael-entry-header\"><h3 class=\"eael-entry-title\"><a class=\"eael-grid-post-link\" href=\"https:\/\/enautics.com\/it\/aumenta-lefficienza\/aumentare-la-velocita-adobe-marketing-cloud-enautica\/\" title=\"Aumenta la velocit\u00e0 di Adobe Marketing Cloud con eNautics\">Aumenta la velocit\u00e0 di Adobe Marketing Cloud con<\/a><\/h3><\/header><\/div><\/div>\n        <\/div>\n    <\/article><article class=\"eael-grid-post  eael-post-grid-column eael-pg-post-10592 category-approfondimenti-sul-coinvolgimento\" data-id=\"10592\">\n        <div class=\"eael-grid-post-holder\">\n            <div class=\"eael-grid-post-holder-inner\"><div class=\"eael-entry-wrapper\"><header class=\"eael-entry-header\"><h3 class=\"eael-entry-title\"><a class=\"eael-grid-post-link\" href=\"https:\/\/enautics.com\/it\/approfondimenti-sul-coinvolgimento\/valutare-le-conversioni-di-successo-dei-webinar\/\" title=\"Come valutare il successo di un webinar attraverso le conversioni\">Come valutare il successo di un webinar attraverso<\/a><\/h3><\/header><\/div><\/div>\n        <\/div>\n    <\/article><\/div>\n            <div class=\"clearfix\"><\/div>\n        <\/div>\t\t\t\t<\/div>\n\t\t\t\t<\/div>\n\t\t\t\t\t<\/div>\n\t\t<\/div>\n\t\t\t\t\t<\/div>\n\t\t<\/section>\n\t\t\t\t<\/div>\n\t\t","protected":false},"excerpt":{"rendered":"<p>Oracle verbessert die Berichterstattung \u00fcber Eloqua Campaign Clarity Mountain America erweitert Eloqua Campaign Clarity Reporting AVID erreicht rekordverd\u00e4chtiges E-Mail-Engagement und -Umsatz 3 Gr\u00fcnde, um mobile Benutzer anders anzusprechen: Ultra-Personalisierung Verlassene Warenk\u00f6rbe: Bringen Sie sie zur\u00fcck in die Machen Sie diese 3 kritischen Fehler bei der Erh\u00f6hen Sie das Engagement mit Drip-Kampagnen E-Commerce: Beschleunigen Sie die [&hellip;]<\/p>\n","protected":false},"author":1,"featured_media":0,"parent":0,"menu_order":0,"comment_status":"closed","ping_status":"closed","template":"page-blog-main.php","meta":{"site-sidebar-layout":"default","site-content-layout":"","ast-site-content-layout":"default","site-content-style":"default","site-sidebar-style":"default","ast-global-header-display":"","ast-banner-title-visibility":"","ast-main-header-display":"","ast-hfb-above-header-display":"","ast-hfb-below-header-display":"","ast-hfb-mobile-header-display":"","site-post-title":"","ast-breadcrumbs-content":"","ast-featured-img":"","footer-sml-layout":"","ast-disable-related-posts":"","theme-transparent-header-meta":"","adv-header-id-meta":"","stick-header-meta":"","header-above-stick-meta":"","header-main-stick-meta":"","header-below-stick-meta":"","astra-migrate-meta-layouts":"set","ast-page-background-enabled":"default","ast-page-background-meta":{"desktop":{"background-color":"var(--ast-global-color-4)","background-image":"","background-repeat":"repeat","background-position":"center center","background-size":"auto","background-attachment":"scroll","background-type":"","background-media":"","overlay-type":"","overlay-color":"","overlay-opacity":"","overlay-gradient":""},"tablet":{"background-color":"","background-image":"","background-repeat":"repeat","background-position":"center center","background-size":"auto","background-attachment":"scroll","background-type":"","background-media":"","overlay-type":"","overlay-color":"","overlay-opacity":"","overlay-gradient":""},"mobile":{"background-color":"","background-image":"","background-repeat":"repeat","background-position":"center center","background-size":"auto","background-attachment":"scroll","background-type":"","background-media":"","overlay-type":"","overlay-color":"","overlay-opacity":"","overlay-gradient":""}},"ast-content-background-meta":{"desktop":{"background-color":"var(--ast-global-color-5)","background-image":"","background-repeat":"repeat","background-position":"center center","background-size":"auto","background-attachment":"scroll","background-type":"","background-media":"","overlay-type":"","overlay-color":"","overlay-opacity":"","overlay-gradient":""},"tablet":{"background-color":"var(--ast-global-color-5)","background-image":"","background-repeat":"repeat","background-position":"center center","background-size":"auto","background-attachment":"scroll","background-type":"","background-media":"","overlay-type":"","overlay-color":"","overlay-opacity":"","overlay-gradient":""},"mobile":{"background-color":"var(--ast-global-color-5)","background-image":"","background-repeat":"repeat","background-position":"center center","background-size":"auto","background-attachment":"scroll","background-type":"","background-media":"","overlay-type":"","overlay-color":"","overlay-opacity":"","overlay-gradient":""}},"footnotes":""},"class_list":["post-10390","page","type-page","status-publish","hentry"],"_links":{"self":[{"href":"https:\/\/enautics.com\/it\/wp-json\/wp\/v2\/pages\/10390","targetHints":{"allow":["GET"]}}],"collection":[{"href":"https:\/\/enautics.com\/it\/wp-json\/wp\/v2\/pages"}],"about":[{"href":"https:\/\/enautics.com\/it\/wp-json\/wp\/v2\/types\/page"}],"author":[{"embeddable":true,"href":"https:\/\/enautics.com\/it\/wp-json\/wp\/v2\/users\/1"}],"replies":[{"embeddable":true,"href":"https:\/\/enautics.com\/it\/wp-json\/wp\/v2\/comments?post=10390"}],"version-history":[{"count":3,"href":"https:\/\/enautics.com\/it\/wp-json\/wp\/v2\/pages\/10390\/revisions"}],"predecessor-version":[{"id":13027,"href":"https:\/\/enautics.com\/it\/wp-json\/wp\/v2\/pages\/10390\/revisions\/13027"}],"wp:attachment":[{"href":"https:\/\/enautics.com\/it\/wp-json\/wp\/v2\/media?parent=10390"}],"curies":[{"name":"wp","href":"https:\/\/api.w.org\/{rel}","templated":true}]}}