{"id":9924,"date":"2017-09-04T20:32:15","date_gmt":"2017-09-05T01:32:15","guid":{"rendered":"https:\/\/enautics.com\/software-platforms\/"},"modified":"2025-08-25T01:45:29","modified_gmt":"2025-08-25T06:45:29","slug":"plates-formes-logicielles","status":"publish","type":"page","link":"https:\/\/enautics.com\/fr\/plates-formes-logicielles\/","title":{"rendered":"enautics | Plateformes logicielles"},"content":{"rendered":"\t\t<div data-elementor-type=\"wp-page\" data-elementor-id=\"9924\" class=\"elementor elementor-9924 elementor-532\" data-elementor-post-type=\"page\">\n\t\t\t\t\t\t<section class=\"elementor-section elementor-top-section elementor-element elementor-element-5d914c4b elementor-section-full_width elementor-section-stretched elementor-section-height-default elementor-section-height-default\" data-id=\"5d914c4b\" data-element_type=\"section\" data-e-type=\"section\" data-settings=\"{&quot;stretch_section&quot;:&quot;section-stretched&quot;,&quot;background_background&quot;:&quot;classic&quot;}\">\n\t\t\t\t\t\t\t<div class=\"elementor-background-overlay\"><\/div>\n\t\t\t\t\t\t\t<div class=\"elementor-container elementor-column-gap-default\">\n\t\t\t\t\t<div class=\"elementor-column elementor-col-100 elementor-top-column elementor-element elementor-element-2c89a87c\" data-id=\"2c89a87c\" data-element_type=\"column\" data-e-type=\"column\">\n\t\t\t<div class=\"elementor-widget-wrap elementor-element-populated\">\n\t\t\t\t\t\t<div class=\"elementor-element elementor-element-4fe75492 partial-border-1 elementor-widget elementor-widget-text-editor\" data-id=\"4fe75492\" data-element_type=\"widget\" data-e-type=\"widget\" data-widget_type=\"text-editor.default\">\n\t\t\t\t<div class=\"elementor-widget-container\">\n\t\t\t\t\t\t\t\t\t<p style=\"font-weight: 400;\"><strong>AM\u00c9LIOREZ VOTRE EXP\u00c9RIENCE ORACLE ET ADOBE EXPERIENCE CLOUD AVEC NOS INT\u00c9GRATIONS OFFICIELLES<\/strong><\/p>\n\t\t\t\t\t\t\t\t<\/div>\n\t\t\t\t<\/div>\n\t\t\t\t\t<\/div>\n\t\t<\/div>\n\t\t\t\t\t<\/div>\n\t\t<\/section>\n\t\t\t\t<section class=\"elementor-section elementor-top-section elementor-element elementor-element-4f3d9fd pspace elementor-section-boxed elementor-section-height-default elementor-section-height-default\" data-id=\"4f3d9fd\" data-element_type=\"section\" data-e-type=\"section\" id=\"pspace\">\n\t\t\t\t\t\t<div class=\"elementor-container elementor-column-gap-default\">\n\t\t\t\t\t<div class=\"elementor-column elementor-col-33 elementor-top-column elementor-element elementor-element-b012ff9\" data-id=\"b012ff9\" data-element_type=\"column\" data-e-type=\"column\">\n\t\t\t<div class=\"elementor-widget-wrap elementor-element-populated\">\n\t\t\t\t\t\t<div class=\"elementor-element elementor-element-f4900f7 elementor-position-top elementor-widget elementor-widget-image-box\" data-id=\"f4900f7\" data-element_type=\"widget\" data-e-type=\"widget\" data-widget_type=\"image-box.default\">\n\t\t\t\t<div class=\"elementor-widget-container\">\n\t\t\t\t\t<div class=\"elementor-image-box-wrapper\"><figure class=\"elementor-image-box-img\"><img decoding=\"async\" width=\"30\" height=\"30\" src=\"https:\/\/enautics.com\/wp-content\/uploads\/2017\/09\/SegSync.png\" class=\"attachment-full size-full wp-image-13676\" alt=\"SegSync\" \/><\/figure><div class=\"elementor-image-box-content\"><h4 class=\"elementor-image-box-title\">SegmentSync<\/h4><\/div><\/div>\t\t\t\t<\/div>\n\t\t\t\t<\/div>\n\t\t\t\t<div class=\"elementor-element elementor-element-e401d2a elementor-widget elementor-widget-text-editor\" data-id=\"e401d2a\" data-element_type=\"widget\" data-e-type=\"widget\" data-widget_type=\"text-editor.default\">\n\t\t\t\t<div class=\"elementor-widget-container\">\n\t\t\t\t\t\t\t\t\t<p>Int\u00e9gration officielle avec Eloqua ou Responsys et Adobe Analytics<\/p>\n<p>Clart\u00e9 des performances des campagnes Eloqua exploitables dans Adobe Analytics<\/p>\n<p>Personnalisation du site Web en temps r\u00e9el (1to1)<\/p>\n<p>Augmentation des revenus provenant des efforts de r\u00e9cup\u00e9ration des cartouches ou des applications<\/p>\n<p>Synchronisation harmonieuse des donn\u00e9es Adobe Analytics la plus rapide du secteur<\/p>\n\t\t\t\t\t\t\t\t<\/div>\n\t\t\t\t<\/div>\n\t\t\t\t<div class=\"elementor-element elementor-element-9beacf7 elementor-align-center btn-secondary elementor-widget elementor-widget-button\" data-id=\"9beacf7\" data-element_type=\"widget\" data-e-type=\"widget\" id=\"mobiledisplaybutton1\" data-widget_type=\"button.default\">\n\t\t\t\t<div class=\"elementor-widget-container\">\n\t\t\t\t\t\t\t\t\t<div class=\"elementor-button-wrapper\">\n\t\t\t\t\t<a class=\"elementor-button elementor-button-link elementor-size-sm\" href=\"https:\/\/enautics.com\/fr\/software-platforms\/segmentsync\/\">\n\t\t\t\t\t\t<span class=\"elementor-button-content-wrapper\">\n\t\t\t\t\t\t\t\t\t<span class=\"elementor-button-text\">En savoir plus<\/span>\n\t\t\t\t\t<\/span>\n\t\t\t\t\t<\/a>\n\t\t\t\t<\/div>\n\t\t\t\t\t\t\t\t<\/div>\n\t\t\t\t<\/div>\n\t\t\t\t\t<\/div>\n\t\t<\/div>\n\t\t\t\t<div class=\"elementor-column elementor-col-33 elementor-top-column elementor-element elementor-element-d44602a\" data-id=\"d44602a\" data-element_type=\"column\" data-e-type=\"column\">\n\t\t\t<div class=\"elementor-widget-wrap elementor-element-populated\">\n\t\t\t\t\t\t<div class=\"elementor-element elementor-element-a12f0ca elementor-position-top elementor-widget elementor-widget-image-box\" data-id=\"a12f0ca\" data-element_type=\"widget\" data-e-type=\"widget\" data-widget_type=\"image-box.default\">\n\t\t\t\t<div class=\"elementor-widget-container\">\n\t\t\t\t\t<div class=\"elementor-image-box-wrapper\"><figure class=\"elementor-image-box-img\"><img decoding=\"async\" width=\"30\" height=\"30\" src=\"https:\/\/enautics.com\/wp-content\/uploads\/2017\/10\/meetingSync-logo.png\" class=\"attachment-full size-full wp-image-13679\" alt=\"meetingSync\" \/><\/figure><div class=\"elementor-image-box-content\"><h4 class=\"elementor-image-box-title\">MeetingSync  <\/h4><\/div><\/div>\t\t\t\t<\/div>\n\t\t\t\t<\/div>\n\t\t\t\t<div class=\"elementor-element elementor-element-7503d56 elementor-widget elementor-widget-text-editor\" data-id=\"7503d56\" data-element_type=\"widget\" data-e-type=\"widget\" data-widget_type=\"text-editor.default\">\n\t\t\t\t<div class=\"elementor-widget-container\">\n\t\t\t\t\t\t\t\t\t<p>Int\u00e9gration officielle avec Eloqua et Adobe Connect<\/p>\n<p>Identifie les contacts qui participent \u00e0 vos r\u00e9unions et webinaires Adobe Connect.<\/p>\n<p>Augmentez votre productivit\u00e9 en gagnant du temps manuellement<\/p>\n<p>Exportation et importation des donn\u00e9es de pr\u00e9sence<\/p>\n<p>Am\u00e9liorez vos efforts de marketing bas\u00e9 sur les comptes gr\u00e2ce aux donn\u00e9es d&rsquo;engagement des webinaires<\/p>\n\t\t\t\t\t\t\t\t<\/div>\n\t\t\t\t<\/div>\n\t\t\t\t<div class=\"elementor-element elementor-element-684484e elementor-align-center btn-secondary elementor-widget elementor-widget-button\" data-id=\"684484e\" data-element_type=\"widget\" data-e-type=\"widget\" id=\"mobiledisplaybutton1\" data-widget_type=\"button.default\">\n\t\t\t\t<div class=\"elementor-widget-container\">\n\t\t\t\t\t\t\t\t\t<div class=\"elementor-button-wrapper\">\n\t\t\t\t\t<a class=\"elementor-button elementor-button-link elementor-size-sm\" href=\"https:\/\/enautics.com\/fr\/software-platforms\/meetingsync\/\">\n\t\t\t\t\t\t<span class=\"elementor-button-content-wrapper\">\n\t\t\t\t\t\t\t\t\t<span class=\"elementor-button-text\">En savoir plus<\/span>\n\t\t\t\t\t<\/span>\n\t\t\t\t\t<\/a>\n\t\t\t\t<\/div>\n\t\t\t\t\t\t\t\t<\/div>\n\t\t\t\t<\/div>\n\t\t\t\t\t<\/div>\n\t\t<\/div>\n\t\t\t\t<div class=\"elementor-column elementor-col-33 elementor-top-column elementor-element elementor-element-3d39122\" data-id=\"3d39122\" data-element_type=\"column\" data-e-type=\"column\">\n\t\t\t<div class=\"elementor-widget-wrap elementor-element-populated\">\n\t\t\t\t\t\t<div class=\"elementor-element elementor-element-6f010f4 elementor-position-top elementor-widget elementor-widget-image-box\" data-id=\"6f010f4\" data-element_type=\"widget\" data-e-type=\"widget\" data-widget_type=\"image-box.default\">\n\t\t\t\t<div class=\"elementor-widget-container\">\n\t\t\t\t\t<div class=\"elementor-image-box-wrapper\"><figure class=\"elementor-image-box-img\"><img decoding=\"async\" width=\"30\" height=\"30\" src=\"https:\/\/enautics.com\/wp-content\/uploads\/2017\/09\/vidSync.png\" class=\"attachment-full size-full wp-image-13682\" alt=\"vidSync\" \/><\/figure><div class=\"elementor-image-box-content\"><h4 class=\"elementor-image-box-title\">VidSync  <\/h4><\/div><\/div>\t\t\t\t<\/div>\n\t\t\t\t<\/div>\n\t\t\t\t<div class=\"elementor-element elementor-element-ef571c2 elementor-widget elementor-widget-text-editor\" data-id=\"ef571c2\" data-element_type=\"widget\" data-e-type=\"widget\" data-widget_type=\"text-editor.default\">\n\t\t\t\t<div class=\"elementor-widget-container\">\n\t\t\t\t\t\t\t\t\t<p>La seule int\u00e9gration d&rsquo;Eloqua et de YouTube Engagement<\/p>\n<p>Identifie les contacts qui s&rsquo;int\u00e9ressent \u00e0 votre vid\u00e9o<\/p>\n<p>Am\u00e9liore la qualit\u00e9 de vos donn\u00e9es<\/p>\n<p>Suivi du niveau d&rsquo;engagement vid\u00e9o de vos comptes cibl\u00e9s<\/p>\n<p>Fusionner les vid\u00e9os anonymes lorsqu&rsquo;un visiteur devient connu<\/p>\n\t\t\t\t\t\t\t\t<\/div>\n\t\t\t\t<\/div>\n\t\t\t\t<div class=\"elementor-element elementor-element-594f96b elementor-align-center btn-secondary elementor-widget elementor-widget-button\" data-id=\"594f96b\" data-element_type=\"widget\" data-e-type=\"widget\" id=\"mobiledisplaybutton1\" data-widget_type=\"button.default\">\n\t\t\t\t<div class=\"elementor-widget-container\">\n\t\t\t\t\t\t\t\t\t<div class=\"elementor-button-wrapper\">\n\t\t\t\t\t<a class=\"elementor-button elementor-button-link elementor-size-sm\" href=\"https:\/\/enautics.com\/fr\/software-platforms\/vidsync\/\">\n\t\t\t\t\t\t<span class=\"elementor-button-content-wrapper\">\n\t\t\t\t\t\t\t\t\t<span class=\"elementor-button-text\">En savoir plus<\/span>\n\t\t\t\t\t<\/span>\n\t\t\t\t\t<\/a>\n\t\t\t\t<\/div>\n\t\t\t\t\t\t\t\t<\/div>\n\t\t\t\t<\/div>\n\t\t\t\t\t<\/div>\n\t\t<\/div>\n\t\t\t\t\t<\/div>\n\t\t<\/section>\n\t\t\t\t<section class=\"elementor-section elementor-top-section elementor-element elementor-element-9ca2713 pspace elementor-section-boxed elementor-section-height-default elementor-section-height-default\" data-id=\"9ca2713\" data-element_type=\"section\" data-e-type=\"section\" id=\"pspace\">\n\t\t\t\t\t\t<div class=\"elementor-container elementor-column-gap-default\">\n\t\t\t\t\t<div class=\"elementor-column elementor-col-50 elementor-top-column elementor-element elementor-element-93fb268\" data-id=\"93fb268\" data-element_type=\"column\" data-e-type=\"column\">\n\t\t\t<div class=\"elementor-widget-wrap elementor-element-populated\">\n\t\t\t\t\t\t<div class=\"elementor-element elementor-element-97cfb5e elementor-position-top elementor-widget elementor-widget-image-box\" data-id=\"97cfb5e\" data-element_type=\"widget\" data-e-type=\"widget\" data-widget_type=\"image-box.default\">\n\t\t\t\t<div class=\"elementor-widget-container\">\n\t\t\t\t\t<div class=\"elementor-image-box-wrapper\"><figure class=\"elementor-image-box-img\"><img loading=\"lazy\" decoding=\"async\" width=\"30\" height=\"30\" src=\"https:\/\/enautics.com\/wp-content\/uploads\/2021\/04\/ContentSync-1.png\" class=\"attachment-full size-full wp-image-5032\" alt=\"ContentSync\" \/><\/figure><div class=\"elementor-image-box-content\"><h4 class=\"elementor-image-box-title\">ContentSync  <\/h4><\/div><\/div>\t\t\t\t<\/div>\n\t\t\t\t<\/div>\n\t\t\t\t<div class=\"elementor-element elementor-element-2eeda95 elementor-widget elementor-widget-text-editor\" data-id=\"2eeda95\" data-element_type=\"widget\" data-e-type=\"widget\" data-widget_type=\"text-editor.default\">\n\t\t\t\t<div class=\"elementor-widget-container\">\n\t\t\t\t\t\t\t\t\t<p>Permet aux sp\u00e9cialistes du marketing B2B et B2C d&rsquo;exploiter Adobe Experience Manager pour cr\u00e9er des ebooks interactifs.<\/p>\n<p>Synchronise les donn\u00e9es d&rsquo;engagement du lecteur avec Adobe Analytics, Adobe Marketo et Oracle Eloqua.<\/p>\n<p>Possibilit\u00e9 de personnaliser l&rsquo;ebook avec Adobe Target<\/p>\n<p>Personnalisation en temps r\u00e9el 1to1 utilisant les donn\u00e9es des visiteurs de l&rsquo;automatisation du marketing, les donn\u00e9es de la session web et les donn\u00e9es analytiques.<\/p>\n\t\t\t\t\t\t\t\t<\/div>\n\t\t\t\t<\/div>\n\t\t\t\t<div class=\"elementor-element elementor-element-270fdc6 elementor-align-center btn-secondary elementor-widget elementor-widget-button\" data-id=\"270fdc6\" data-element_type=\"widget\" data-e-type=\"widget\" id=\"mobiledisplaybutton1\" data-widget_type=\"button.default\">\n\t\t\t\t<div class=\"elementor-widget-container\">\n\t\t\t\t\t\t\t\t\t<div class=\"elementor-button-wrapper\">\n\t\t\t\t\t<a class=\"elementor-button elementor-button-link elementor-size-sm\" href=\"https:\/\/enautics.com\/fr\/software-platforms\/contentsync\/\">\n\t\t\t\t\t\t<span class=\"elementor-button-content-wrapper\">\n\t\t\t\t\t\t\t\t\t<span class=\"elementor-button-text\">En savoir plus<\/span>\n\t\t\t\t\t<\/span>\n\t\t\t\t\t<\/a>\n\t\t\t\t<\/div>\n\t\t\t\t\t\t\t\t<\/div>\n\t\t\t\t<\/div>\n\t\t\t\t\t<\/div>\n\t\t<\/div>\n\t\t\t\t<div class=\"elementor-column elementor-col-50 elementor-top-column elementor-element elementor-element-8c9d605\" data-id=\"8c9d605\" data-element_type=\"column\" data-e-type=\"column\">\n\t\t\t<div class=\"elementor-widget-wrap elementor-element-populated\">\n\t\t\t\t\t\t<div class=\"elementor-element elementor-element-a36ef20 elementor-position-top elementor-widget elementor-widget-image-box\" data-id=\"a36ef20\" data-element_type=\"widget\" data-e-type=\"widget\" data-widget_type=\"image-box.default\">\n\t\t\t\t<div class=\"elementor-widget-container\">\n\t\t\t\t\t<div class=\"elementor-image-box-wrapper\"><figure class=\"elementor-image-box-img\"><img loading=\"lazy\" decoding=\"async\" width=\"30\" height=\"30\" src=\"https:\/\/enautics.com\/wp-content\/uploads\/2021\/04\/AssetSync-1.png\" class=\"attachment-full size-full wp-image-5028\" alt=\"AssetSync\" \/><\/figure><div class=\"elementor-image-box-content\"><h4 class=\"elementor-image-box-title\">AssetSync  <\/h4><\/div><\/div>\t\t\t\t<\/div>\n\t\t\t\t<\/div>\n\t\t\t\t<div class=\"elementor-element elementor-element-2348781 elementor-widget elementor-widget-text-editor\" data-id=\"2348781\" data-element_type=\"widget\" data-e-type=\"widget\" data-widget_type=\"text-editor.default\">\n\t\t\t\t<div class=\"elementor-widget-container\">\n\t\t\t\t\t\t\t\t\t<p>Permet de synchroniser les actifs d&rsquo;Adobe Experience Manager avec Eloqua et Responsys.<\/p>\n<p>Tous les actifs AEM modifi\u00e9s dans Eloqua seront automatiquement synchronis\u00e9s avec AEM quotidiennement.<\/p>\n<p>Vous n&rsquo;avez pas besoin d&rsquo;\u00eatre oblig\u00e9 de mettre en place et d&rsquo;utiliser des e-mails dynamiques.<br \/>\nVos e-mails et pages d&rsquo;atterrissage existants peuvent continuer \u00e0 exploiter les ressources h\u00e9berg\u00e9es par Eloqua. <\/p>\n<p>Les formulaires Eloqua peuvent \u00eatre h\u00e9berg\u00e9s dans AEM.<\/p>\n<p>R\u00e9duit la latence de l&rsquo;AEM et le co\u00fbt de la bande passante.<\/p>\n<p>Profilage progressif avanc\u00e9 avec Eloqua, AEM et votre solution de personnalisation.<\/p>\n\t\t\t\t\t\t\t\t<\/div>\n\t\t\t\t<\/div>\n\t\t\t\t<div class=\"elementor-element elementor-element-07e73f1 elementor-align-center btn-secondary elementor-widget elementor-widget-button\" data-id=\"07e73f1\" data-element_type=\"widget\" data-e-type=\"widget\" id=\"mobiledisplaybutton1\" data-widget_type=\"button.default\">\n\t\t\t\t<div class=\"elementor-widget-container\">\n\t\t\t\t\t\t\t\t\t<div class=\"elementor-button-wrapper\">\n\t\t\t\t\t<a class=\"elementor-button elementor-button-link elementor-size-sm\" href=\"https:\/\/enautics.com\/fr\/software-platforms\/assetsync\/\">\n\t\t\t\t\t\t<span class=\"elementor-button-content-wrapper\">\n\t\t\t\t\t\t\t\t\t<span class=\"elementor-button-text\">En savoir plus<\/span>\n\t\t\t\t\t<\/span>\n\t\t\t\t\t<\/a>\n\t\t\t\t<\/div>\n\t\t\t\t\t\t\t\t<\/div>\n\t\t\t\t<\/div>\n\t\t\t\t\t<\/div>\n\t\t<\/div>\n\t\t\t\t\t<\/div>\n\t\t<\/section>\n\t\t\t\t<section class=\"elementor-section elementor-top-section elementor-element elementor-element-1d9ae3d5 elementor-section-content-bottom elementor-section-stretched elementor-section-boxed elementor-section-height-default elementor-section-height-default\" data-id=\"1d9ae3d5\" data-element_type=\"section\" data-e-type=\"section\" data-settings=\"{&quot;background_background&quot;:&quot;classic&quot;,&quot;stretch_section&quot;:&quot;section-stretched&quot;}\">\n\t\t\t\t\t\t\t<div class=\"elementor-background-overlay\"><\/div>\n\t\t\t\t\t\t\t<div class=\"elementor-container elementor-column-gap-no\">\n\t\t\t\t\t<div class=\"elementor-column elementor-col-25 elementor-top-column elementor-element elementor-element-a506d4b\" data-id=\"a506d4b\" data-element_type=\"column\" data-e-type=\"column\">\n\t\t\t<div class=\"elementor-widget-wrap\">\n\t\t\t\t\t\t\t<\/div>\n\t\t<\/div>\n\t\t\t\t<div class=\"elementor-column elementor-col-50 elementor-top-column elementor-element elementor-element-3d271b93\" data-id=\"3d271b93\" data-element_type=\"column\" data-e-type=\"column\">\n\t\t\t<div class=\"elementor-widget-wrap elementor-element-populated\">\n\t\t\t\t\t\t<div class=\"elementor-element elementor-element-5a27cbe9 elementor-widget__width-inherit elementor-widget elementor-widget-heading\" data-id=\"5a27cbe9\" data-element_type=\"widget\" data-e-type=\"widget\" data-widget_type=\"heading.default\">\n\t\t\t\t<div class=\"elementor-widget-container\">\n\t\t\t\t\t<h2 class=\"elementor-heading-title elementor-size-default\">Nous sommes une autorit\u00e9 en mati\u00e8re d'Oracle et d'Adobe Experience Cloud.<\/h2>\t\t\t\t<\/div>\n\t\t\t\t<\/div>\n\t\t\t\t<div class=\"elementor-element elementor-element-9090032 elementor-widget elementor-widget-text-editor\" data-id=\"9090032\" data-element_type=\"widget\" data-e-type=\"widget\" data-widget_type=\"text-editor.default\">\n\t\t\t\t<div class=\"elementor-widget-container\">\n\t\t\t\t\t\t\t\t\t<p>Plus de 10 ans d&rsquo;exp\u00e9rience dans la r\u00e9solution de probl\u00e8mes de marketing pour les entreprises du Fortune 100.<br \/>\nNous sommes sp\u00e9cialis\u00e9s dans la r\u00e9solution de quatre probl\u00e8mes majeurs. <\/p>\n\t\t\t\t\t\t\t\t<\/div>\n\t\t\t\t<\/div>\n\t\t\t\t<div class=\"elementor-element elementor-element-d5ef040 elementor-align-center elementor-widget elementor-widget-button\" data-id=\"d5ef040\" data-element_type=\"widget\" data-e-type=\"widget\" id=\"mobiledisplaybutton1\" data-widget_type=\"button.default\">\n\t\t\t\t<div class=\"elementor-widget-container\">\n\t\t\t\t\t\t\t\t\t<div class=\"elementor-button-wrapper\">\n\t\t\t\t\t<a class=\"elementor-button elementor-button-link elementor-size-sm\" href=\"https:\/\/enautics.com\/fr\/problems-we-solve\/\">\n\t\t\t\t\t\t<span class=\"elementor-button-content-wrapper\">\n\t\t\t\t\t\t\t\t\t<span class=\"elementor-button-text\">En savoir plus<\/span>\n\t\t\t\t\t<\/span>\n\t\t\t\t\t<\/a>\n\t\t\t\t<\/div>\n\t\t\t\t\t\t\t\t<\/div>\n\t\t\t\t<\/div>\n\t\t\t\t\t<\/div>\n\t\t<\/div>\n\t\t\t\t<div class=\"elementor-column elementor-col-25 elementor-top-column elementor-element elementor-element-8514877\" data-id=\"8514877\" data-element_type=\"column\" data-e-type=\"column\">\n\t\t\t<div class=\"elementor-widget-wrap\">\n\t\t\t\t\t\t\t<\/div>\n\t\t<\/div>\n\t\t\t\t\t<\/div>\n\t\t<\/section>\n\t\t\t\t<section class=\"elementor-section elementor-top-section elementor-element elementor-element-a64d73d elementor-section-content-bottom elementor-section-stretched elementor-section-boxed elementor-section-height-default elementor-section-height-default\" data-id=\"a64d73d\" data-element_type=\"section\" data-e-type=\"section\" data-settings=\"{&quot;background_background&quot;:&quot;classic&quot;,&quot;stretch_section&quot;:&quot;section-stretched&quot;}\">\n\t\t\t\t\t\t\t<div class=\"elementor-background-overlay\"><\/div>\n\t\t\t\t\t\t\t<div class=\"elementor-container elementor-column-gap-no\">\n\t\t\t\t\t<div class=\"elementor-column elementor-col-100 elementor-top-column elementor-element elementor-element-6ca4eef\" data-id=\"6ca4eef\" data-element_type=\"column\" data-e-type=\"column\">\n\t\t\t<div class=\"elementor-widget-wrap elementor-element-populated\">\n\t\t\t\t\t\t<div class=\"elementor-element elementor-element-c10e52c elementor-widget__width-inherit elementor-widget elementor-widget-heading\" data-id=\"c10e52c\" data-element_type=\"widget\" data-e-type=\"widget\" data-widget_type=\"heading.default\">\n\t\t\t\t<div class=\"elementor-widget-container\">\n\t\t\t\t\t<h2 class=\"elementor-heading-title elementor-size-default\">  Vous souhaitez vous entretenir avec l'un de nos consultants ?\nCliquez ci-dessous pour planifier un appel de pr\u00e9sentation et de tarification.   <\/h2>\t\t\t\t<\/div>\n\t\t\t\t<\/div>\n\t\t\t\t<div class=\"elementor-element elementor-element-dbea43f elementor-align-center elementor-widget elementor-widget-button\" data-id=\"dbea43f\" data-element_type=\"widget\" data-e-type=\"widget\" id=\"mobiledisplaybutton1\" data-widget_type=\"button.default\">\n\t\t\t\t<div class=\"elementor-widget-container\">\n\t\t\t\t\t\t\t\t\t<div class=\"elementor-button-wrapper\">\n\t\t\t\t\t<a class=\"elementor-button elementor-button-link elementor-size-sm\" href=\"https:\/\/enautics.com\/fr\/enautics-quiz\/\">\n\t\t\t\t\t\t<span class=\"elementor-button-content-wrapper\">\n\t\t\t\t\t\t\t\t\t<span class=\"elementor-button-text\">Demande de prix<\/span>\n\t\t\t\t\t<\/span>\n\t\t\t\t\t<\/a>\n\t\t\t\t<\/div>\n\t\t\t\t\t\t\t\t<\/div>\n\t\t\t\t<\/div>\n\t\t\t\t<div class=\"elementor-element elementor-element-fb04213 elementor-widget elementor-widget-text-editor\" data-id=\"fb04213\" data-element_type=\"widget\" data-e-type=\"widget\" data-widget_type=\"text-editor.default\">\n\t\t\t\t<div class=\"elementor-widget-container\">\n\t\t\t\t\t\t\t\t\t<p>Nous gardons vos informations priv\u00e9es et confidentielles.<\/p>\n\t\t\t\t\t\t\t\t<\/div>\n\t\t\t\t<\/div>\n\t\t\t\t\t<\/div>\n\t\t<\/div>\n\t\t\t\t\t<\/div>\n\t\t<\/section>\n\t\t\t\t<\/div>\n\t\t","protected":false},"excerpt":{"rendered":"<p>AM\u00c9LIOREZ VOTRE EXP\u00c9RIENCE ORACLE ET ADOBE EXPERIENCE CLOUD AVEC NOS INT\u00c9GRATIONS OFFICIELLES SegmentSync Int\u00e9gration officielle avec Eloqua ou Responsys et Adobe Analytics Clart\u00e9 des performances des campagnes Eloqua exploitables dans Adobe Analytics Personnalisation du site Web en temps r\u00e9el (1to1) Augmentation des revenus provenant des efforts de r\u00e9cup\u00e9ration des cartouches ou des applications Synchronisation harmonieuse [&hellip;]<\/p>\n","protected":false},"author":1,"featured_media":0,"parent":0,"menu_order":0,"comment_status":"closed","ping_status":"closed","template":"","meta":{"site-sidebar-layout":"default","site-content-layout":"","ast-site-content-layout":"default","site-content-style":"default","site-sidebar-style":"default","ast-global-header-display":"","ast-banner-title-visibility":"","ast-main-header-display":"","ast-hfb-above-header-display":"","ast-hfb-below-header-display":"","ast-hfb-mobile-header-display":"","site-post-title":"","ast-breadcrumbs-content":"","ast-featured-img":"","footer-sml-layout":"","ast-disable-related-posts":"","theme-transparent-header-meta":"","adv-header-id-meta":"","stick-header-meta":"","header-above-stick-meta":"","header-main-stick-meta":"","header-below-stick-meta":"","astra-migrate-meta-layouts":"set","ast-page-background-enabled":"default","ast-page-background-meta":{"desktop":{"background-color":"var(--ast-global-color-4)","background-image":"","background-repeat":"repeat","background-position":"center center","background-size":"auto","background-attachment":"scroll","background-type":"","background-media":"","overlay-type":"","overlay-color":"","overlay-opacity":"","overlay-gradient":""},"tablet":{"background-color":"","background-image":"","background-repeat":"repeat","background-position":"center center","background-size":"auto","background-attachment":"scroll","background-type":"","background-media":"","overlay-type":"","overlay-color":"","overlay-opacity":"","overlay-gradient":""},"mobile":{"background-color":"","background-image":"","background-repeat":"repeat","background-position":"center center","background-size":"auto","background-attachment":"scroll","background-type":"","background-media":"","overlay-type":"","overlay-color":"","overlay-opacity":"","overlay-gradient":""}},"ast-content-background-meta":{"desktop":{"background-color":"var(--ast-global-color-5)","background-image":"","background-repeat":"repeat","background-position":"center center","background-size":"auto","background-attachment":"scroll","background-type":"","background-media":"","overlay-type":"","overlay-color":"","overlay-opacity":"","overlay-gradient":""},"tablet":{"background-color":"var(--ast-global-color-5)","background-image":"","background-repeat":"repeat","background-position":"center center","background-size":"auto","background-attachment":"scroll","background-type":"","background-media":"","overlay-type":"","overlay-color":"","overlay-opacity":"","overlay-gradient":""},"mobile":{"background-color":"var(--ast-global-color-5)","background-image":"","background-repeat":"repeat","background-position":"center center","background-size":"auto","background-attachment":"scroll","background-type":"","background-media":"","overlay-type":"","overlay-color":"","overlay-opacity":"","overlay-gradient":""}},"footnotes":""},"class_list":["post-9924","page","type-page","status-publish","hentry"],"_links":{"self":[{"href":"https:\/\/enautics.com\/fr\/wp-json\/wp\/v2\/pages\/9924","targetHints":{"allow":["GET"]}}],"collection":[{"href":"https:\/\/enautics.com\/fr\/wp-json\/wp\/v2\/pages"}],"about":[{"href":"https:\/\/enautics.com\/fr\/wp-json\/wp\/v2\/types\/page"}],"author":[{"embeddable":true,"href":"https:\/\/enautics.com\/fr\/wp-json\/wp\/v2\/users\/1"}],"replies":[{"embeddable":true,"href":"https:\/\/enautics.com\/fr\/wp-json\/wp\/v2\/comments?post=9924"}],"version-history":[{"count":25,"href":"https:\/\/enautics.com\/fr\/wp-json\/wp\/v2\/pages\/9924\/revisions"}],"predecessor-version":[{"id":14183,"href":"https:\/\/enautics.com\/fr\/wp-json\/wp\/v2\/pages\/9924\/revisions\/14183"}],"wp:attachment":[{"href":"https:\/\/enautics.com\/fr\/wp-json\/wp\/v2\/media?parent=9924"}],"curies":[{"name":"wp","href":"https:\/\/api.w.org\/{rel}","templated":true}]}}