{"id":9922,"date":"2010-12-07T01:06:49","date_gmt":"2010-12-07T07:06:49","guid":{"rendered":"https:\/\/enautics.com\/about-us\/"},"modified":"2024-09-11T06:53:39","modified_gmt":"2024-09-11T11:53:39","slug":"a-propos-de-nous","status":"publish","type":"page","link":"https:\/\/enautics.com\/fr\/a-propos-de-nous\/","title":{"rendered":"enautics | \u00c0 propos de nous"},"content":{"rendered":"\t\t<div data-elementor-type=\"wp-page\" data-elementor-id=\"9922\" class=\"elementor elementor-9922 elementor-81\" data-elementor-post-type=\"page\">\n\t\t\t\t\t\t<section class=\"elementor-section elementor-top-section elementor-element elementor-element-4faa709 elementor-section-stretched elementor-section-boxed elementor-section-height-default elementor-section-height-default\" data-id=\"4faa709\" data-element_type=\"section\" data-e-type=\"section\" data-settings=\"{&quot;stretch_section&quot;:&quot;section-stretched&quot;,&quot;background_background&quot;:&quot;classic&quot;}\">\n\t\t\t\t\t\t<div class=\"elementor-container elementor-column-gap-default\">\n\t\t\t\t\t<div class=\"elementor-column elementor-col-100 elementor-top-column elementor-element elementor-element-d3f958e\" data-id=\"d3f958e\" data-element_type=\"column\" data-e-type=\"column\">\n\t\t\t<div class=\"elementor-widget-wrap elementor-element-populated\">\n\t\t\t\t\t\t<div class=\"elementor-element elementor-element-d26c6f3 elementor-widget elementor-widget-heading\" data-id=\"d26c6f3\" data-element_type=\"widget\" data-e-type=\"widget\" data-widget_type=\"heading.default\">\n\t\t\t\t<div class=\"elementor-widget-container\">\n\t\t\t\t\t<h2 class=\"elementor-heading-title elementor-size-default\">\u00c0 PROPOS DE NOUS<\/h2>\t\t\t\t<\/div>\n\t\t\t\t<\/div>\n\t\t\t\t<div class=\"elementor-element elementor-element-27dc909 elementor-widget elementor-widget-text-editor\" data-id=\"27dc909\" data-element_type=\"widget\" data-e-type=\"widget\" data-widget_type=\"text-editor.default\">\n\t\t\t\t<div class=\"elementor-widget-container\">\n\t\t\t\t\t\t\t\t\t<p>Enautics est le partenaire incontournable pour l&rsquo;int\u00e9gration de votre Adobe Experience Cloud avec Oracle Marketing Cloud.<\/p>\n\t\t\t\t\t\t\t\t<\/div>\n\t\t\t\t<\/div>\n\t\t\t\t<section class=\"elementor-section elementor-inner-section elementor-element elementor-element-ade9257 elementor-section-boxed elementor-section-height-default elementor-section-height-default\" data-id=\"ade9257\" data-element_type=\"section\" data-e-type=\"section\">\n\t\t\t\t\t\t<div class=\"elementor-container elementor-column-gap-default\">\n\t\t\t\t\t<div class=\"elementor-column elementor-col-50 elementor-inner-column elementor-element elementor-element-935fb08\" data-id=\"935fb08\" data-element_type=\"column\" data-e-type=\"column\">\n\t\t\t<div class=\"elementor-widget-wrap elementor-element-populated\">\n\t\t\t\t\t\t<div class=\"elementor-element elementor-element-0b447e3 elementor-align-right elementor-mobile-align-center elementor-widget elementor-widget-button\" data-id=\"0b447e3\" data-element_type=\"widget\" data-e-type=\"widget\" data-widget_type=\"button.default\">\n\t\t\t\t<div class=\"elementor-widget-container\">\n\t\t\t\t\t\t\t\t\t<div class=\"elementor-button-wrapper\">\n\t\t\t\t\t<a class=\"elementor-button elementor-button-link elementor-size-sm\" href=\"https:\/\/enautics.com\/fr\/careers\/\">\n\t\t\t\t\t\t<span class=\"elementor-button-content-wrapper\">\n\t\t\t\t\t\t\t\t\t<span class=\"elementor-button-text\">Carri\u00e8res<\/span>\n\t\t\t\t\t<\/span>\n\t\t\t\t\t<\/a>\n\t\t\t\t<\/div>\n\t\t\t\t\t\t\t\t<\/div>\n\t\t\t\t<\/div>\n\t\t\t\t\t<\/div>\n\t\t<\/div>\n\t\t\t\t<div class=\"elementor-column elementor-col-50 elementor-inner-column elementor-element elementor-element-908d096\" data-id=\"908d096\" data-element_type=\"column\" data-e-type=\"column\">\n\t\t\t<div class=\"elementor-widget-wrap elementor-element-populated\">\n\t\t\t\t\t\t<div class=\"elementor-element elementor-element-53105cc elementor-align-left elementor-mobile-align-center elementor-widget elementor-widget-button\" data-id=\"53105cc\" data-element_type=\"widget\" data-e-type=\"widget\" data-widget_type=\"button.default\">\n\t\t\t\t<div class=\"elementor-widget-container\">\n\t\t\t\t\t\t\t\t\t<div class=\"elementor-button-wrapper\">\n\t\t\t\t\t<a class=\"elementor-button elementor-button-link elementor-size-sm\" href=\"https:\/\/enautics.com\/fr\/partner-program\/\">\n\t\t\t\t\t\t<span class=\"elementor-button-content-wrapper\">\n\t\t\t\t\t\t\t\t\t<span class=\"elementor-button-text\">Partenaires<\/span>\n\t\t\t\t\t<\/span>\n\t\t\t\t\t<\/a>\n\t\t\t\t<\/div>\n\t\t\t\t\t\t\t\t<\/div>\n\t\t\t\t<\/div>\n\t\t\t\t\t<\/div>\n\t\t<\/div>\n\t\t\t\t\t<\/div>\n\t\t<\/section>\n\t\t\t\t\t<\/div>\n\t\t<\/div>\n\t\t\t\t\t<\/div>\n\t\t<\/section>\n\t\t\t\t<section class=\"elementor-section elementor-top-section elementor-element elementor-element-03ab610 elementor-section-boxed elementor-section-height-default elementor-section-height-default\" data-id=\"03ab610\" data-element_type=\"section\" data-e-type=\"section\">\n\t\t\t\t\t\t<div class=\"elementor-container elementor-column-gap-default\">\n\t\t\t\t\t<div class=\"elementor-column elementor-col-100 elementor-top-column elementor-element elementor-element-5462692\" data-id=\"5462692\" data-element_type=\"column\" data-e-type=\"column\">\n\t\t\t<div class=\"elementor-widget-wrap elementor-element-populated\">\n\t\t\t\t\t\t<div class=\"elementor-element elementor-element-e1196a5 elementor-widget elementor-widget-heading\" data-id=\"e1196a5\" data-element_type=\"widget\" data-e-type=\"widget\" data-widget_type=\"heading.default\">\n\t\t\t\t<div class=\"elementor-widget-container\">\n\t\t\t\t\t<h2 class=\"elementor-heading-title elementor-size-default\">Qui sommes-nous ?<\/h2>\t\t\t\t<\/div>\n\t\t\t\t<\/div>\n\t\t\t\t<div class=\"elementor-element elementor-element-0824732 elementor-widget elementor-widget-text-editor\" data-id=\"0824732\" data-element_type=\"widget\" data-e-type=\"widget\" data-widget_type=\"text-editor.default\">\n\t\t\t\t<div class=\"elementor-widget-container\">\n\t\t\t\t\t\t\t\t\t<p>Enautics est n\u00e9e des frustrations rencontr\u00e9es par notre fondateur alors qu&rsquo;il \u00e9tait directeur et sp\u00e9cialiste du marketing num\u00e9rique et qu&rsquo;il utilisait Eloqua et Omniture SiteCatalyst (Adobe Analytics) en 2008.<\/p>\n<p>Ce que nous avons constat\u00e9, c&rsquo;est que les int\u00e9grations entre ces deux solutions puissantes \u00e9taient m\u00e9diocres et que l&rsquo;utilisation de ces deux syst\u00e8mes \u00e9tait inefficace.<br \/>\nSi nous pouvions mettre notre expertise au service d&rsquo;une solution qui acc\u00e9l\u00e8re la synchronisation des donn\u00e9es entre ces deux solutions tout en prenant en charge le cadre de reporting complexe d&rsquo;Adobe Analytics, nous pourrions propulser nos campagnes de marketing \u00e0 des niveaux qui nous auraient valu des r\u00e9compenses. <\/p>\n<p>En 2012, nous avons re\u00e7u un appel d&rsquo;Oracle nous demandant si nous aimerions \u00eatre le partenaire pour d\u00e9velopper une solution qui remplacerait leur ancienne int\u00e9gration Eloqua et Adobe Analytics (Omniture Genesis).<br \/>\nNous avons r\u00e9alis\u00e9 que c&rsquo;\u00e9tait l&rsquo;occasion d&rsquo;utiliser notre expertise d&rsquo;Oracle Marketing Cloud et d&rsquo;Adobe Experience Cloud pour am\u00e9liorer consid\u00e9rablement l&rsquo;int\u00e9gration.<br \/>\nNotre int\u00e9gration, SegmentSync, \u00e9tait n\u00e9e.  <\/p>\n<p>Nous avons identifi\u00e9 <a href=\"https:\/\/enauticsdonotd.wpenginepowered.com\/problems-we-solve\/\">plusieurs probl\u00e8mes<\/a> qui emp\u00eachent les entreprises d&rsquo;utiliser ces produits de mani\u00e8re optimale.<br \/>\nNous avons d\u00e9velopp\u00e9 des solutions logicielles uniques pour acc\u00e9l\u00e9rer votre Oracle Marketing Cloud et Adobe Experience Cloud en synchronisant harmonieusement les donn\u00e9es ou les actifs entre les deux solutions. <\/p>\n\t\t\t\t\t\t\t\t<\/div>\n\t\t\t\t<\/div>\n\t\t\t\t\t<\/div>\n\t\t<\/div>\n\t\t\t\t\t<\/div>\n\t\t<\/section>\n\t\t\t\t<section class=\"elementor-section elementor-top-section elementor-element elementor-element-0cfbc7f elementor-section-boxed elementor-section-height-default elementor-section-height-default\" data-id=\"0cfbc7f\" data-element_type=\"section\" data-e-type=\"section\">\n\t\t\t\t\t\t<div class=\"elementor-container elementor-column-gap-default\">\n\t\t\t\t\t<div class=\"elementor-column elementor-col-100 elementor-top-column elementor-element elementor-element-d6b06cd\" data-id=\"d6b06cd\" data-element_type=\"column\" data-e-type=\"column\">\n\t\t\t<div class=\"elementor-widget-wrap elementor-element-populated\">\n\t\t\t\t\t\t<div class=\"elementor-element elementor-element-80a0607 elementor-widget elementor-widget-heading\" data-id=\"80a0607\" data-element_type=\"widget\" data-e-type=\"widget\" data-widget_type=\"heading.default\">\n\t\t\t\t<div class=\"elementor-widget-container\">\n\t\t\t\t\t<h2 class=\"elementor-heading-title elementor-size-default\">Valeurs du triple bilan  <\/h2>\t\t\t\t<\/div>\n\t\t\t\t<\/div>\n\t\t\t\t<div class=\"elementor-element elementor-element-bb7ad91 elementor-widget elementor-widget-text-editor\" data-id=\"bb7ad91\" data-element_type=\"widget\" data-e-type=\"widget\" data-widget_type=\"text-editor.default\">\n\t\t\t\t<div class=\"elementor-widget-container\">\n\t\t\t\t\t\t\t\t\t<p>Nous adoptons une approche \u00ab\u00a0triple bottom line\u00a0\u00bb pour nos valeurs.<br \/>\nCela signifie que nous avons trois priorit\u00e9s, dans cet ordre : <\/p>\n<ol>\n<li><strong>Les gens<\/strong>.<br \/>\nLes parties prenantes d&rsquo;Enautics ne se limitent pas \u00e0 nos propri\u00e9taires.<br \/>\nNous consid\u00e9rons que chaque personne avec laquelle nous nous engageons est essentielle au processus de notre entreprise, et nous la traitons avec respect.<br \/>\nCela inclut nos clients, nos employ\u00e9s, nos fournisseurs, nos sous-traitants, nos partenaires commerciaux, nos investisseurs et la communaut\u00e9 au sens large.<br \/>\nEn n&rsquo;oubliant pas nos obligations envers les personnes et les organisations avec lesquelles et pour lesquelles nous travaillons, nous cultivons des relations positives et une excellente r\u00e9putation, tout en fournissant d&rsquo;excellents services \u00e0 l&rsquo;ensemble de nos communaut\u00e9s.    <\/p>\n<\/li>\n<li><strong>La plan\u00e8te<\/strong>.<br \/>\nL&rsquo;environnement est notre maison.<br \/>\nLes pratiques commerciales durables sont essentielles \u00e0 nos activit\u00e9s et prot\u00e8gent la plan\u00e8te pour les g\u00e9n\u00e9rations futures.<br \/>\nElles sont \u00e9conomiquement rationnelles, tant \u00e0 court qu&rsquo;\u00e0 long terme.   <\/p>\n<\/li>\n<li>Le <strong>profit<\/strong>.<br \/>\nCe n&rsquo;est qu&rsquo;en remplissant nos obligations envers notre communaut\u00e9 et l&rsquo;environnement que nous atteindrons la v\u00e9ritable prosp\u00e9rit\u00e9.<br \/>\nEnautics ne fait jamais passer les profits avant les \u00eatres humains ou l&rsquo;environnement.  <\/li>\n<\/ol>\n<p>Nous sommes toujours \u00e0 la recherche de moyens de servir nos clients et notre communaut\u00e9 au sens large, qui soutiennent nos valeurs de triple r\u00e9sultat.<\/p>\n\t\t\t\t\t\t\t\t<\/div>\n\t\t\t\t<\/div>\n\t\t\t\t\t<\/div>\n\t\t<\/div>\n\t\t\t\t\t<\/div>\n\t\t<\/section>\n\t\t\t\t<section class=\"elementor-section elementor-top-section elementor-element elementor-element-3c4b440 elementor-section-content-bottom elementor-section-stretched elementor-section-boxed elementor-section-height-default elementor-section-height-default\" data-id=\"3c4b440\" data-element_type=\"section\" data-e-type=\"section\" data-settings=\"{&quot;background_background&quot;:&quot;classic&quot;,&quot;stretch_section&quot;:&quot;section-stretched&quot;}\">\n\t\t\t\t\t\t\t<div class=\"elementor-background-overlay\"><\/div>\n\t\t\t\t\t\t\t<div class=\"elementor-container elementor-column-gap-no\">\n\t\t\t\t\t<div class=\"elementor-column elementor-col-66 elementor-top-column elementor-element elementor-element-9dee8df\" data-id=\"9dee8df\" data-element_type=\"column\" data-e-type=\"column\">\n\t\t\t<div class=\"elementor-widget-wrap elementor-element-populated\">\n\t\t\t\t\t\t<div class=\"elementor-element elementor-element-5ac4916 elementor-widget__width-inherit elementor-widget elementor-widget-heading\" data-id=\"5ac4916\" data-element_type=\"widget\" data-e-type=\"widget\" data-widget_type=\"heading.default\">\n\t\t\t\t<div class=\"elementor-widget-container\">\n\t\t\t\t\t<h2 class=\"elementor-heading-title elementor-size-default\">CONTACTEZ-NOUS POUR PERSONNALISER UN PARTENARIAT EN FONCTION DE VOS BESOINS .\n.\n.  <\/h2>\t\t\t\t<\/div>\n\t\t\t\t<\/div>\n\t\t\t\t\t<\/div>\n\t\t<\/div>\n\t\t\t\t<div class=\"elementor-column elementor-col-33 elementor-top-column elementor-element elementor-element-d04af64\" data-id=\"d04af64\" data-element_type=\"column\" data-e-type=\"column\">\n\t\t\t<div class=\"elementor-widget-wrap elementor-element-populated\">\n\t\t\t\t\t\t<div class=\"elementor-element elementor-element-2333c40 elementor-align-center elementor-mobile-align-center elementor-widget elementor-widget-button\" data-id=\"2333c40\" data-element_type=\"widget\" data-e-type=\"widget\" data-widget_type=\"button.default\">\n\t\t\t\t<div class=\"elementor-widget-container\">\n\t\t\t\t\t\t\t\t\t<div class=\"elementor-button-wrapper\">\n\t\t\t\t\t<a class=\"elementor-button elementor-button-link elementor-size-sm\" href=\"https:\/\/enautics.com\/fr\/contact\">\n\t\t\t\t\t\t<span class=\"elementor-button-content-wrapper\">\n\t\t\t\t\t\t\t\t\t<span class=\"elementor-button-text\">CONTACT-NOUS<\/span>\n\t\t\t\t\t<\/span>\n\t\t\t\t\t<\/a>\n\t\t\t\t<\/div>\n\t\t\t\t\t\t\t\t<\/div>\n\t\t\t\t<\/div>\n\t\t\t\t\t<\/div>\n\t\t<\/div>\n\t\t\t\t\t<\/div>\n\t\t<\/section>\n\t\t\t\t<\/div>\n\t\t","protected":false},"excerpt":{"rendered":"<p>\u00c0 PROPOS DE NOUS Enautics est le partenaire incontournable pour l&rsquo;int\u00e9gration de votre Adobe Experience Cloud avec Oracle Marketing Cloud. Carri\u00e8res Partenaires Qui sommes-nous ? Enautics est n\u00e9e des frustrations rencontr\u00e9es par notre fondateur alors qu&rsquo;il \u00e9tait directeur et sp\u00e9cialiste du marketing num\u00e9rique et qu&rsquo;il utilisait Eloqua et Omniture SiteCatalyst (Adobe Analytics) en 2008. Ce [&hellip;]<\/p>\n","protected":false},"author":1,"featured_media":0,"parent":0,"menu_order":0,"comment_status":"closed","ping_status":"closed","template":"","meta":{"site-sidebar-layout":"default","site-content-layout":"","ast-site-content-layout":"default","site-content-style":"default","site-sidebar-style":"default","ast-global-header-display":"","ast-banner-title-visibility":"","ast-main-header-display":"","ast-hfb-above-header-display":"","ast-hfb-below-header-display":"","ast-hfb-mobile-header-display":"","site-post-title":"","ast-breadcrumbs-content":"","ast-featured-img":"","footer-sml-layout":"","ast-disable-related-posts":"","theme-transparent-header-meta":"","adv-header-id-meta":"","stick-header-meta":"","header-above-stick-meta":"","header-main-stick-meta":"","header-below-stick-meta":"","astra-migrate-meta-layouts":"set","ast-page-background-enabled":"default","ast-page-background-meta":{"desktop":{"background-color":"var(--ast-global-color-4)","background-image":"","background-repeat":"repeat","background-position":"center center","background-size":"auto","background-attachment":"scroll","background-type":"","background-media":"","overlay-type":"","overlay-color":"","overlay-opacity":"","overlay-gradient":""},"tablet":{"background-color":"","background-image":"","background-repeat":"repeat","background-position":"center center","background-size":"auto","background-attachment":"scroll","background-type":"","background-media":"","overlay-type":"","overlay-color":"","overlay-opacity":"","overlay-gradient":""},"mobile":{"background-color":"","background-image":"","background-repeat":"repeat","background-position":"center center","background-size":"auto","background-attachment":"scroll","background-type":"","background-media":"","overlay-type":"","overlay-color":"","overlay-opacity":"","overlay-gradient":""}},"ast-content-background-meta":{"desktop":{"background-color":"var(--ast-global-color-5)","background-image":"","background-repeat":"repeat","background-position":"center center","background-size":"auto","background-attachment":"scroll","background-type":"","background-media":"","overlay-type":"","overlay-color":"","overlay-opacity":"","overlay-gradient":""},"tablet":{"background-color":"var(--ast-global-color-5)","background-image":"","background-repeat":"repeat","background-position":"center center","background-size":"auto","background-attachment":"scroll","background-type":"","background-media":"","overlay-type":"","overlay-color":"","overlay-opacity":"","overlay-gradient":""},"mobile":{"background-color":"var(--ast-global-color-5)","background-image":"","background-repeat":"repeat","background-position":"center center","background-size":"auto","background-attachment":"scroll","background-type":"","background-media":"","overlay-type":"","overlay-color":"","overlay-opacity":"","overlay-gradient":""}},"footnotes":""},"class_list":["post-9922","page","type-page","status-publish","hentry"],"_links":{"self":[{"href":"https:\/\/enautics.com\/fr\/wp-json\/wp\/v2\/pages\/9922","targetHints":{"allow":["GET"]}}],"collection":[{"href":"https:\/\/enautics.com\/fr\/wp-json\/wp\/v2\/pages"}],"about":[{"href":"https:\/\/enautics.com\/fr\/wp-json\/wp\/v2\/types\/page"}],"author":[{"embeddable":true,"href":"https:\/\/enautics.com\/fr\/wp-json\/wp\/v2\/users\/1"}],"replies":[{"embeddable":true,"href":"https:\/\/enautics.com\/fr\/wp-json\/wp\/v2\/comments?post=9922"}],"version-history":[{"count":9,"href":"https:\/\/enautics.com\/fr\/wp-json\/wp\/v2\/pages\/9922\/revisions"}],"predecessor-version":[{"id":11373,"href":"https:\/\/enautics.com\/fr\/wp-json\/wp\/v2\/pages\/9922\/revisions\/11373"}],"wp:attachment":[{"href":"https:\/\/enautics.com\/fr\/wp-json\/wp\/v2\/media?parent=9922"}],"curies":[{"name":"wp","href":"https:\/\/api.w.org\/{rel}","templated":true}]}}