{"id":9916,"date":"2015-10-16T10:44:07","date_gmt":"2015-10-16T15:44:07","guid":{"rendered":"https:\/\/enautics.com\/contact-us\/"},"modified":"2025-08-21T02:08:33","modified_gmt":"2025-08-21T07:08:33","slug":"contact","status":"publish","type":"page","link":"https:\/\/enautics.com\/fr\/contact\/","title":{"rendered":"Contact"},"content":{"rendered":"\t\t<div data-elementor-type=\"wp-page\" data-elementor-id=\"9916\" class=\"elementor elementor-9916 elementor-267\" data-elementor-post-type=\"page\">\n\t\t\t\t\t\t<section class=\"elementor-section elementor-top-section elementor-element elementor-element-29b0f32c elementor-section-full_width elementor-section-stretched elementor-section-height-default elementor-section-height-default\" data-id=\"29b0f32c\" data-element_type=\"section\" data-e-type=\"section\" data-settings=\"{&quot;stretch_section&quot;:&quot;section-stretched&quot;,&quot;background_background&quot;:&quot;classic&quot;}\">\n\t\t\t\t\t\t<div class=\"elementor-container elementor-column-gap-default\">\n\t\t\t\t\t<div class=\"elementor-column elementor-col-100 elementor-top-column elementor-element elementor-element-47f1729\" data-id=\"47f1729\" data-element_type=\"column\" data-e-type=\"column\">\n\t\t\t<div class=\"elementor-widget-wrap elementor-element-populated\">\n\t\t\t\t\t\t<div class=\"elementor-element elementor-element-676bde80 elementor-widget elementor-widget-heading\" data-id=\"676bde80\" data-element_type=\"widget\" data-e-type=\"widget\" data-widget_type=\"heading.default\">\n\t\t\t\t<div class=\"elementor-widget-container\">\n\t\t\t\t\t<h2 class=\"elementor-heading-title elementor-size-default\">CONTACT-NOUS<\/h2>\t\t\t\t<\/div>\n\t\t\t\t<\/div>\n\t\t\t\t<div class=\"elementor-element elementor-element-475461b2 elementor-widget elementor-widget-text-editor\" data-id=\"475461b2\" data-element_type=\"widget\" data-e-type=\"widget\" data-widget_type=\"text-editor.default\">\n\t\t\t\t<div class=\"elementor-widget-container\">\n\t\t\t\t\t\t\t\t\t<p>Nous sommes l\u00e0 pour vous aider  <\/p>\t\t\t\t\t\t\t\t<\/div>\n\t\t\t\t<\/div>\n\t\t\t\t\t<\/div>\n\t\t<\/div>\n\t\t\t\t\t<\/div>\n\t\t<\/section>\n\t\t\t\t<section class=\"elementor-section elementor-top-section elementor-element elementor-element-ae9ecd5 elementor-section-boxed elementor-section-height-default elementor-section-height-default\" data-id=\"ae9ecd5\" data-element_type=\"section\" data-e-type=\"section\">\n\t\t\t\t\t\t<div class=\"elementor-container elementor-column-gap-default\">\n\t\t\t\t\t<div class=\"elementor-column elementor-col-50 elementor-top-column elementor-element elementor-element-14cb21d\" data-id=\"14cb21d\" data-element_type=\"column\" data-e-type=\"column\">\n\t\t\t<div class=\"elementor-widget-wrap elementor-element-populated\">\n\t\t\t\t\t\t<div class=\"elementor-element elementor-element-9843fa1 elementor-widget elementor-widget-text-editor\" data-id=\"9843fa1\" data-element_type=\"widget\" data-e-type=\"widget\" data-widget_type=\"text-editor.default\">\n\t\t\t\t<div class=\"elementor-widget-container\">\n\t\t\t\t\t\t\t\t\t<h3><strong>Adresse de l&rsquo;entreprise :<\/strong><\/h3><p>Enautics Group, Inc.<br>11801 Domain Blvd, 3rd Floor<br>Austin, TX 78758 USA<\/p><p>Enautics GmbH<br>Lautenschlagerstra\u00dfe 23a<br>70173 Stuttgart Allemagne<\/p><h3><strong>Num\u00e9ro de contact :<\/strong><\/h3><p style=\"margin-bottom: 0px;\">USA Tel : <a class=\"phone-link\" href=\"tel:+15126864600\">+1 (512) 686-4600<\/a><\/p><p>Allemagne Tel : <a class=\"phone-link\" href=\"tel:+49%20711%20490655%2049\"> +49 711 490655 49 <\/a> <\/p>\t\t\t\t\t\t\t\t<\/div>\n\t\t\t\t<\/div>\n\t\t\t\t\t<\/div>\n\t\t<\/div>\n\t\t\t\t<div class=\"elementor-column elementor-col-50 elementor-top-column elementor-element elementor-element-e14accb\" data-id=\"e14accb\" data-element_type=\"column\" data-e-type=\"column\">\n\t\t\t<div class=\"elementor-widget-wrap elementor-element-populated\">\n\t\t\t\t\t\t<div class=\"elementor-element elementor-element-a577537 elementor-widget elementor-widget-html\" data-id=\"a577537\" data-element_type=\"widget\" data-e-type=\"widget\" data-widget_type=\"html.default\">\n\t\t\t\t<div class=\"elementor-widget-container\">\n\t\t\t\t\t<form action=\"https:\/\/s1783419991.t.eloqua.com\/e\/f2\" class=\"contactpage-form\" enctype=\"application\/x-www-form-urlencoded\" id=\"contactForm\" method=\"post\" onsubmit=\"return validateFormcontact();\">\n\t\t<style>.contact-form div{margin:10px}.contactpage-form p{margin:10px 10px 22px 10px!important}.contactpage-form p p{height:2px;}.contactpage-form p:nth-of-type(1), .contactpage-form p:nth-of-type(2), .contactpage-form p:nth-of-type(3) {height:auto;}.contactpage-form input,.contactpage-form textarea{border-radius:0;border:1px solid gray;padding:10px;max-width:100%;width:100%}.contactpage-form textarea{height:120px}.contactpage-form input[type=\"submit\"]{display:block;margin:0 0 0 auto;background-color:#d67d00;color:#fff;width:200px;padding-top:26px;border:none}<\/style>\n\t\t<div>\n\t\t\t<input name=\"elqFormName\" type=\"hidden\" value=\"contactus\">\n\t\t\t<input name=\"elqSiteID\" type=\"hidden\" value=\"1783419991\">\n\t\t\t<input name=\"elqCustomerGUID\" type=\"hidden\" value=\"a5c215ac-f940-4da9-87c8-9f5d10e118ad\">\n\t\t\t<input name=\"elqCookieWrite\" type=\"hidden\" value=\"0\">\n\t\t\t<input name=\"db_company_name\" type=\"hidden\" value=\"\">\n\t\t\t<input name=\"db_industry\" type=\"hidden\" value=\"\">\n\t\t\t<input name=\"db_sub_industry\" type=\"hidden\" value=\"\">\n\t\t\t<input name=\"db_revenue_range\" type=\"hidden\" value=\"\">\n\t\t\t<input name=\"db_employee_range\" type=\"hidden\" value=\"\">\n\t\t\t<input name=\"db_street_address\" type=\"hidden\" value=\"\">\n\t\t\t<input name=\"db_city\" type=\"hidden\" value=\"\">\n\t\t\t<input name=\"db_state\" type=\"hidden\" value=\"\">\n\t\t\t<input name=\"db_zip\" type=\"hidden\" value=\"\">\n\t\t\t<input name=\"db_country\" type=\"hidden\" value=\"\">\n\t\t\t<input name=\"db_phone\" type=\"hidden\" value=\"\">\n\t\t\t<input name=\"db_audience\" type=\"hidden\" value=\"\">\n\t\t\t<input name=\"db_audience_segment\" type=\"hidden\" value=\"\">\n\t\t\t<input name=\"db_marketing_alias\" type=\"hidden\" value=\"\">\n\t\t<\/div>\n\t\t<p>\n\t\t\t\n\t\t\t\t<input name=\"firstName\" size=\"40\" type=\"text\" value=\"\" placeholder=\"NOM COMPLET\" title=\"NOM COMPLET\">\n\n\t\t\t\n\t\t<\/p>\n\t\t<p>\n\t\t\t\n\n\t\t\t\t<input id=\"fremail\" name=\"emailAddress\" size=\"40\" type=\"text\" value=\"\" placeholder=\"ADRESSE \u00c9LECTRONIQUE\" title=\"ADRESSE \u00c9LECTRONIQUE\">\n\t\t\t\t<\/p><div style=\"position: relative !important; height: 0px !important; width: 0px !important; float: left !important;\" data-lastpass-icon-root=\"\"><\/div>\n\t\t\t\n\t\t\t\t<p id=\"emailerror\" style=\"color:red;height:20px;display:none;\">Veuillez saisir un e-mail valide<\/p>\n\t\t\n\t\t\t\t\n\t\t\t\n\t\t\n\t\t<p>\n\t\t\t\n\t\t\t\t<input name=\"busPhone\" size=\"40\" type=\"text\" value=\"\" placeholder=\"NUM\u00c9RO DE T\u00c9L\u00c9PHONE\" title=\"NUM\u00c9RO DE T\u00c9L\u00c9PHONE\">\n\n\t\t\t\n\t\t<\/p>\n\t\t<p>\n\t\t\t\n\n\t\t\t\t<textarea name=\"comments1\" size=\"40\" type=\"text\" value=\"\" placeholder=\"COMMENT POUVONS-NOUS VOUS AIDER ?\" title=\"COMMENT POUVONS-NOUS VOUS AIDER ?\"><\/textarea>\n\n\t\t\t\n\t\t<\/p>\n\t\t<p>\n\t\t\t\t\t\t\t\t<input class=\"btn btn-primary square font-light\" type=\"submit\" value=\"SOUMETTRE\">\n\t\t\t\t\t\t\t\t<input name=\"ApplicationValues_Atc\" type=\"hidden\" value=\"79841650748760340311949770158897219652\">\n\t\t\t<script type=\"text\/javascript\"><\/script>\n\t\t\t<br>\t\t\t<script type=\"text\/javascript\"><\/script>\n\t\t\t<input name=\"elqCustomerGUID\" type=\"hidden\" value=\"\">\n\t\t\t<input name=\"elqCookieWrite\" type=\"hidden\" value=\"0\">\n\t\t\t<input name=\"Adobe_Trans_ID\" type=\"hidden\" value=\"\">\n\n\t\t\t\t\t\t\t<\/p>\n\n\t\t\t\t\t\t\n\n\t<\/form>\n\t\t\t\t\t<\/div>\n\t\t\t\t<\/div>\n\t\t\t\t\t<\/div>\n\t\t<\/div>\n\t\t\t\t\t<\/div>\n\t\t<\/section>\n\t\t\t\t<section class=\"elementor-section elementor-top-section elementor-element elementor-element-2933c73 elementor-section-boxed elementor-section-height-default elementor-section-height-default\" data-id=\"2933c73\" data-element_type=\"section\" data-e-type=\"section\">\n\t\t\t\t\t\t<div class=\"elementor-container elementor-column-gap-default\">\n\t\t\t\t\t<div class=\"elementor-column elementor-col-100 elementor-top-column elementor-element elementor-element-b425fcc\" data-id=\"b425fcc\" data-element_type=\"column\" data-e-type=\"column\">\n\t\t\t<div class=\"elementor-widget-wrap elementor-element-populated\">\n\t\t\t\t\t\t<div class=\"elementor-element elementor-element-3563668 elementor-widget elementor-widget-html\" data-id=\"3563668\" data-element_type=\"widget\" data-e-type=\"widget\" data-widget_type=\"html.default\">\n\t\t\t\t<div class=\"elementor-widget-container\">\n\t\t\t\t\t<iframe src=\"https:\/\/www.google.com\/maps\/embed?pb=!1m14!1m8!1m3!1d6882.188338677158!2d-97.721254!3d30.405070000000002!3m2!1i1024!2i768!4f13.1!3m3!1m2!1s0x8644cd47efbc0079%3A0x5432e5ec4e08af9!2s11801%20Domain%20Blvd%203rd%20floor%2C%20Austin%2C%20TX%2078758!5e0!3m2!1sen!2sus!4v1717488868578!5m2!1sen!2sus\" width=\"600\" height=\"450\" style=\"border:0;\" allowfullscreen=\"\" loading=\"lazy\" referrerpolicy=\"no-referrer-when-downgrade\"><\/iframe>\t\t\t\t<\/div>\n\t\t\t\t<\/div>\n\t\t\t\t\t<\/div>\n\t\t<\/div>\n\t\t\t\t\t<\/div>\n\t\t<\/section>\n\t\t\t\t<section class=\"elementor-section elementor-top-section elementor-element elementor-element-8b4da84 elementor-section-boxed elementor-section-height-default elementor-section-height-default\" data-id=\"8b4da84\" data-element_type=\"section\" data-e-type=\"section\">\n\t\t\t\t\t\t<div class=\"elementor-container elementor-column-gap-default\">\n\t\t\t\t\t<div class=\"elementor-column elementor-col-100 elementor-top-column elementor-element elementor-element-2339779\" data-id=\"2339779\" data-element_type=\"column\" data-e-type=\"column\">\n\t\t\t<div class=\"elementor-widget-wrap\">\n\t\t\t\t\t\t\t<\/div>\n\t\t<\/div>\n\t\t\t\t\t<\/div>\n\t\t<\/section>\n\t\t\t\t<\/div>\n\t\t","protected":false},"excerpt":{"rendered":"<p>CONTACT-NOUS Nous sommes l\u00e0 pour vous aider Adresse de l&rsquo;entreprise : Enautics Group, Inc.11801 Domain Blvd, 3rd FloorAustin, TX 78758 USA Enautics GmbHLautenschlagerstra\u00dfe 23a70173 Stuttgart Allemagne Num\u00e9ro de contact : USA Tel : +1 (512) 686-4600 Allemagne Tel : +49 711 490655 49 Veuillez saisir un e-mail valide<\/p>\n","protected":false},"author":1,"featured_media":0,"parent":0,"menu_order":0,"comment_status":"closed","ping_status":"closed","template":"","meta":{"site-sidebar-layout":"default","site-content-layout":"","ast-site-content-layout":"default","site-content-style":"default","site-sidebar-style":"default","ast-global-header-display":"","ast-banner-title-visibility":"","ast-main-header-display":"","ast-hfb-above-header-display":"","ast-hfb-below-header-display":"","ast-hfb-mobile-header-display":"","site-post-title":"","ast-breadcrumbs-content":"","ast-featured-img":"","footer-sml-layout":"","ast-disable-related-posts":"","theme-transparent-header-meta":"","adv-header-id-meta":"","stick-header-meta":"","header-above-stick-meta":"","header-main-stick-meta":"","header-below-stick-meta":"","astra-migrate-meta-layouts":"set","ast-page-background-enabled":"default","ast-page-background-meta":{"desktop":{"background-color":"var(--ast-global-color-4)","background-image":"","background-repeat":"repeat","background-position":"center center","background-size":"auto","background-attachment":"scroll","background-type":"","background-media":"","overlay-type":"","overlay-color":"","overlay-opacity":"","overlay-gradient":""},"tablet":{"background-color":"","background-image":"","background-repeat":"repeat","background-position":"center center","background-size":"auto","background-attachment":"scroll","background-type":"","background-media":"","overlay-type":"","overlay-color":"","overlay-opacity":"","overlay-gradient":""},"mobile":{"background-color":"","background-image":"","background-repeat":"repeat","background-position":"center center","background-size":"auto","background-attachment":"scroll","background-type":"","background-media":"","overlay-type":"","overlay-color":"","overlay-opacity":"","overlay-gradient":""}},"ast-content-background-meta":{"desktop":{"background-color":"var(--ast-global-color-5)","background-image":"","background-repeat":"repeat","background-position":"center center","background-size":"auto","background-attachment":"scroll","background-type":"","background-media":"","overlay-type":"","overlay-color":"","overlay-opacity":"","overlay-gradient":""},"tablet":{"background-color":"var(--ast-global-color-5)","background-image":"","background-repeat":"repeat","background-position":"center center","background-size":"auto","background-attachment":"scroll","background-type":"","background-media":"","overlay-type":"","overlay-color":"","overlay-opacity":"","overlay-gradient":""},"mobile":{"background-color":"var(--ast-global-color-5)","background-image":"","background-repeat":"repeat","background-position":"center center","background-size":"auto","background-attachment":"scroll","background-type":"","background-media":"","overlay-type":"","overlay-color":"","overlay-opacity":"","overlay-gradient":""}},"footnotes":""},"class_list":["post-9916","page","type-page","status-publish","hentry"],"_links":{"self":[{"href":"https:\/\/enautics.com\/fr\/wp-json\/wp\/v2\/pages\/9916","targetHints":{"allow":["GET"]}}],"collection":[{"href":"https:\/\/enautics.com\/fr\/wp-json\/wp\/v2\/pages"}],"about":[{"href":"https:\/\/enautics.com\/fr\/wp-json\/wp\/v2\/types\/page"}],"author":[{"embeddable":true,"href":"https:\/\/enautics.com\/fr\/wp-json\/wp\/v2\/users\/1"}],"replies":[{"embeddable":true,"href":"https:\/\/enautics.com\/fr\/wp-json\/wp\/v2\/comments?post=9916"}],"version-history":[{"count":21,"href":"https:\/\/enautics.com\/fr\/wp-json\/wp\/v2\/pages\/9916\/revisions"}],"predecessor-version":[{"id":14048,"href":"https:\/\/enautics.com\/fr\/wp-json\/wp\/v2\/pages\/9916\/revisions\/14048"}],"wp:attachment":[{"href":"https:\/\/enautics.com\/fr\/wp-json\/wp\/v2\/media?parent=9916"}],"curies":[{"name":"wp","href":"https:\/\/api.w.org\/{rel}","templated":true}]}}