{"id":10604,"date":"2017-09-15T04:12:05","date_gmt":"2017-09-15T09:12:05","guid":{"rendered":"https:\/\/enautics.com\/software-platforms\/vidsync\/cas-dutilisation\/"},"modified":"2024-08-31T02:55:48","modified_gmt":"2024-08-31T07:55:48","slug":"cas-dutilisation","status":"publish","type":"page","link":"https:\/\/enautics.com\/fr\/plates-formes-logicielles\/vidsync-eloqua-and-youtube-integration\/cas-dutilisation\/","title":{"rendered":"VidSync | Cas d&rsquo;utilisation"},"content":{"rendered":"\t\t<div data-elementor-type=\"wp-page\" data-elementor-id=\"10604\" class=\"elementor elementor-10604 elementor-788\" data-elementor-post-type=\"page\">\n\t\t\t\t\t\t<section class=\"elementor-section elementor-top-section elementor-element elementor-element-ea10a1d elementor-section-boxed elementor-section-height-default elementor-section-height-default\" data-id=\"ea10a1d\" data-element_type=\"section\" data-e-type=\"section\">\n\t\t\t\t\t\t<div class=\"elementor-container elementor-column-gap-default\">\n\t\t\t\t\t<div class=\"elementor-column elementor-col-100 elementor-top-column elementor-element elementor-element-7078f67\" data-id=\"7078f67\" data-element_type=\"column\" data-e-type=\"column\">\n\t\t\t<div class=\"elementor-widget-wrap elementor-element-populated\">\n\t\t\t\t\t\t<div class=\"elementor-element elementor-element-b74fcda elementor-widget elementor-widget-heading\" data-id=\"b74fcda\" data-element_type=\"widget\" data-e-type=\"widget\" data-widget_type=\"heading.default\">\n\t\t\t\t<div class=\"elementor-widget-container\">\n\t\t\t\t\t<h1 class=\"elementor-heading-title elementor-size-default\">Principaux cas d'utilisation de VidSync<\/h1>\t\t\t\t<\/div>\n\t\t\t\t<\/div>\n\t\t\t\t<div class=\"elementor-element elementor-element-864deb6 elementor-widget elementor-widget-text-editor\" data-id=\"864deb6\" data-element_type=\"widget\" data-e-type=\"widget\" data-widget_type=\"text-editor.default\">\n\t\t\t\t<div class=\"elementor-widget-container\">\n\t\t\t\t\t\t\t\t\t<p>En utilisant VidSync pour int\u00e9grer leur solution Oracle Eloqua \u00e0 leurs plateformes vid\u00e9o, nos clients peuvent d\u00e9sormais tirer parti de plusieurs cas d&rsquo;utilisation puissants.<br \/>\nVous trouverez ci-dessous quelques cas d&rsquo;utilisation sp\u00e9cifiques : <\/p>\n\t\t\t\t\t\t\t\t<\/div>\n\t\t\t\t<\/div>\n\t\t\t\t<div class=\"elementor-element elementor-element-e7a5f25 elementor-widget-divider--view-line elementor-widget elementor-widget-divider\" data-id=\"e7a5f25\" data-element_type=\"widget\" data-e-type=\"widget\" data-widget_type=\"divider.default\">\n\t\t\t\t<div class=\"elementor-widget-container\">\n\t\t\t\t\t\t\t<div class=\"elementor-divider\">\n\t\t\t<span class=\"elementor-divider-separator\">\n\t\t\t\t\t\t<\/span>\n\t\t<\/div>\n\t\t\t\t\t\t<\/div>\n\t\t\t\t<\/div>\n\t\t\t\t\t<\/div>\n\t\t<\/div>\n\t\t\t\t\t<\/div>\n\t\t<\/section>\n\t\t\t\t<section class=\"elementor-section elementor-top-section elementor-element elementor-element-02f7525 elementor-section-boxed elementor-section-height-default elementor-section-height-default\" data-id=\"02f7525\" data-element_type=\"section\" data-e-type=\"section\">\n\t\t\t\t\t\t<div class=\"elementor-container elementor-column-gap-default\">\n\t\t\t\t\t<div class=\"elementor-column elementor-col-100 elementor-top-column elementor-element elementor-element-94578b1\" data-id=\"94578b1\" data-element_type=\"column\" data-e-type=\"column\">\n\t\t\t<div class=\"elementor-widget-wrap elementor-element-populated\">\n\t\t\t\t\t\t<div class=\"elementor-element elementor-element-42f1c13 elementor-tabs-view-vertical elementor-widget elementor-widget-tabs\" data-id=\"42f1c13\" data-element_type=\"widget\" data-e-type=\"widget\" data-widget_type=\"tabs.default\">\n\t\t\t\t<div class=\"elementor-widget-container\">\n\t\t\t\t\t\t\t<div class=\"elementor-tabs\">\n\t\t\t<div class=\"elementor-tabs-wrapper\" role=\"tablist\" >\n\t\t\t\t\t\t\t\t\t<div id=\"elementor-tab-title-7011\" class=\"elementor-tab-title elementor-tab-desktop-title\" aria-selected=\"true\" data-tab=\"1\" role=\"tab\" tabindex=\"0\" aria-controls=\"elementor-tab-content-7011\" aria-expanded=\"false\">1. Clart\u00e9 des performances de la campagne<\/div>\n\t\t\t\t\t\t\t\t\t<div id=\"elementor-tab-title-7012\" class=\"elementor-tab-title elementor-tab-desktop-title\" aria-selected=\"false\" data-tab=\"2\" role=\"tab\" tabindex=\"-1\" aria-controls=\"elementor-tab-content-7012\" aria-expanded=\"false\">2. Programme de r\u00e9cup\u00e9ration des paniers  <\/div>\n\t\t\t\t\t\t\t\t\t<div id=\"elementor-tab-title-7013\" class=\"elementor-tab-title elementor-tab-desktop-title\" aria-selected=\"false\" data-tab=\"3\" role=\"tab\" tabindex=\"-1\" aria-controls=\"elementor-tab-content-7013\" aria-expanded=\"false\">3. Campagnes de r\u00e9cup\u00e9ration d'applications  <\/div>\n\t\t\t\t\t\t\t\t\t<div id=\"elementor-tab-title-7014\" class=\"elementor-tab-title elementor-tab-desktop-title\" aria-selected=\"false\" data-tab=\"4\" role=\"tab\" tabindex=\"-1\" aria-controls=\"elementor-tab-content-7014\" aria-expanded=\"false\">4. Personnalisation du site Web en temps r\u00e9el 1to1  <\/div>\n\t\t\t\t\t\t\t\t\t<div id=\"elementor-tab-title-7015\" class=\"elementor-tab-title elementor-tab-desktop-title\" aria-selected=\"false\" data-tab=\"5\" role=\"tab\" tabindex=\"-1\" aria-controls=\"elementor-tab-content-7015\" aria-expanded=\"false\">5. Campagnes mobiles<\/div>\n\t\t\t\t\t\t\t\t\t<div id=\"elementor-tab-title-7016\" class=\"elementor-tab-title elementor-tab-desktop-title\" aria-selected=\"false\" data-tab=\"6\" role=\"tab\" tabindex=\"-1\" aria-controls=\"elementor-tab-content-7016\" aria-expanded=\"false\">6. Campagnes pour les acheteurs tardifs<\/div>\n\t\t\t\t\t\t\t\t\t<div id=\"elementor-tab-title-7017\" class=\"elementor-tab-title elementor-tab-desktop-title\" aria-selected=\"false\" data-tab=\"7\" role=\"tab\" tabindex=\"-1\" aria-controls=\"elementor-tab-content-7017\" aria-expanded=\"false\">7. Campagnes d'accueil des clients  <\/div>\n\t\t\t\t\t\t\t<\/div>\n\t\t\t<div class=\"elementor-tabs-content-wrapper\" role=\"tablist\" aria-orientation=\"vertical\">\n\t\t\t\t\t\t\t\t\t<div class=\"elementor-tab-title elementor-tab-mobile-title\" aria-selected=\"true\" data-tab=\"1\" role=\"tab\" tabindex=\"0\" aria-controls=\"elementor-tab-content-7011\" aria-expanded=\"false\">1. Clart\u00e9 des performances de la campagne<\/div>\n\t\t\t\t\t<div id=\"elementor-tab-content-7011\" class=\"elementor-tab-content elementor-clearfix\" data-tab=\"1\" role=\"tabpanel\" aria-labelledby=\"elementor-tab-title-7011\" tabindex=\"0\" hidden=\"false\"><div id=\"one\" class=\"use-case\">\n<div class=\"lc-block\">\n<h2>1. Clart\u00e9 des performances de la campagne<\/h2>\n<p>SegmentSync vous permet d&rsquo;avoir une vision claire des performances de vos campagnes.<br \/>\nVous pouvez cr\u00e9er des rapports qui indiquent les envois d&rsquo;e-mails, les ouvertures, les clics, les rebonds, les d\u00e9sabonnements et les mesures Adobe Analytics, le tout dans une seule interface utilisateur.<br \/>\nVous pouvez ensuite les ventiler en fonction d&rsquo;autres crit\u00e8res, notamment le mobile, le type d&rsquo;appareil et d&rsquo;autres mesures Adobe Analytics.  <\/p>\n<\/div>\n<\/div>\n<\/div>\n\t\t\t\t\t\t\t\t\t<div class=\"elementor-tab-title elementor-tab-mobile-title\" aria-selected=\"false\" data-tab=\"2\" role=\"tab\" tabindex=\"-1\" aria-controls=\"elementor-tab-content-7012\" aria-expanded=\"false\">2. Programme de r\u00e9cup\u00e9ration des paniers  <\/div>\n\t\t\t\t\t<div id=\"elementor-tab-content-7012\" class=\"elementor-tab-content elementor-clearfix\" data-tab=\"2\" role=\"tabpanel\" aria-labelledby=\"elementor-tab-title-7012\" tabindex=\"0\" hidden=\"hidden\"><h2>2. Programme de r\u00e9cup\u00e9ration des paniers<\/h2>\n<p>SegmentSync vous permet \u00e9galement de mener des campagnes de r\u00e9cup\u00e9ration des paniers.<br \/>\nLorsque quelqu&rsquo;un ajoute un produit \u00e0 un panier d&rsquo;achat, jusqu&rsquo;\u00e0 85 % de ces paniers sont abandonn\u00e9s et ne sont pas r\u00e9cup\u00e9r\u00e9s.<br \/>\nSegmentSync est l&rsquo;int\u00e9gration d&rsquo;entreprise la plus rapide qui vous permet d&rsquo;ex\u00e9cuter des campagnes de r\u00e9cup\u00e9ration de panier en 30 minutes seulement, une fois le panier abandonn\u00e9.  <\/p>\n<\/div>\n\t\t\t\t\t\t\t\t\t<div class=\"elementor-tab-title elementor-tab-mobile-title\" aria-selected=\"false\" data-tab=\"3\" role=\"tab\" tabindex=\"-1\" aria-controls=\"elementor-tab-content-7013\" aria-expanded=\"false\">3. Campagnes de r\u00e9cup\u00e9ration d'applications  <\/div>\n\t\t\t\t\t<div id=\"elementor-tab-content-7013\" class=\"elementor-tab-content elementor-clearfix\" data-tab=\"3\" role=\"tabpanel\" aria-labelledby=\"elementor-tab-title-7013\" tabindex=\"0\" hidden=\"hidden\"><h2>3. Campagnes de r\u00e9cup\u00e9ration d&rsquo;applications<\/h2>\n<p>Pour nos clients du secteur des services financiers, une demande abandonn\u00e9e se produit lorsque quelqu&rsquo;un commence \u00e0 demander un compte courant ou un autre produit de services financiers, et ne termine pas le processus de signature de la demande.<br \/>\nCela permet une synchronisation en temps r\u00e9el entre le syst\u00e8me Oracle marketing cloud et l&rsquo;envoi d&rsquo;un e-mail de remarketing\/r\u00e9cup\u00e9ration leur permettant de sauvegarder l&rsquo;utilisateur et de reprendre sa demande. <\/p>\n<\/div>\n\t\t\t\t\t\t\t\t\t<div class=\"elementor-tab-title elementor-tab-mobile-title\" aria-selected=\"false\" data-tab=\"4\" role=\"tab\" tabindex=\"-1\" aria-controls=\"elementor-tab-content-7014\" aria-expanded=\"false\">4. Personnalisation du site Web en temps r\u00e9el 1to1  <\/div>\n\t\t\t\t\t<div id=\"elementor-tab-content-7014\" class=\"elementor-tab-content elementor-clearfix\" data-tab=\"4\" role=\"tabpanel\" aria-labelledby=\"elementor-tab-title-7014\" tabindex=\"0\" hidden=\"hidden\"><h2>4. Personnalisation du site Web en temps r\u00e9el 1to1<\/h2>\n<p>Les clients qui utilisent Adobe Target, Optimizely ou Maximizer peuvent b\u00e9n\u00e9ficier de ce que nous appelons la personnalisation du site Web en temps r\u00e9el 1to1.<br \/>\nLorsque le contact visite le site web, vous pouvez r\u00e9cup\u00e9rer les donn\u00e9es CRM stock\u00e9es dans Eloqua et les utiliser pour personnaliser l&rsquo;exp\u00e9rience du visiteur.<br \/>\nNous avons constat\u00e9 que cela permettait d&rsquo;augmenter l&rsquo;engagement sur votre site web et les r\u00e9ponses aux offres.  <\/p>\n<\/div>\n\t\t\t\t\t\t\t\t\t<div class=\"elementor-tab-title elementor-tab-mobile-title\" aria-selected=\"false\" data-tab=\"5\" role=\"tab\" tabindex=\"-1\" aria-controls=\"elementor-tab-content-7015\" aria-expanded=\"false\">5. Campagnes mobiles<\/div>\n\t\t\t\t\t<div id=\"elementor-tab-content-7015\" class=\"elementor-tab-content elementor-clearfix\" data-tab=\"5\" role=\"tabpanel\" aria-labelledby=\"elementor-tab-title-7015\" tabindex=\"0\" hidden=\"hidden\"><h2>5. Campagnes mobiles<\/h2>\n<p>Le mobile est le canal technologique qui conna\u00eet la croissance la plus rapide sur le march\u00e9 aujourd&rsquo;hui.<br \/>\nAvec SegmentSync, vous pouvez tirer parti d&rsquo;Adobe Analytics pour identifier les visiteurs qui utilisent un appareil mobile, la fabrication et le syst\u00e8me d&rsquo;exploitation qu&rsquo;ils utilisent.<br \/>\nCela vous permet, par exemple, de cibler les campagnes d&rsquo;e-mailing sur les utilisateurs d&rsquo;iPad par rapport aux utilisateurs d&rsquo;iPhone.  <\/p>\n<\/div>\n\t\t\t\t\t\t\t\t\t<div class=\"elementor-tab-title elementor-tab-mobile-title\" aria-selected=\"false\" data-tab=\"6\" role=\"tab\" tabindex=\"-1\" aria-controls=\"elementor-tab-content-7016\" aria-expanded=\"false\">6. Campagnes pour les acheteurs tardifs<\/div>\n\t\t\t\t\t<div id=\"elementor-tab-content-7016\" class=\"elementor-tab-content elementor-clearfix\" data-tab=\"6\" role=\"tabpanel\" aria-labelledby=\"elementor-tab-title-7016\" tabindex=\"0\" hidden=\"hidden\"><h2>6. Campagnes pour les acheteurs tardifs<\/h2>\n<p>\u00c0 chaque p\u00e9riode de f\u00eates, nous avons ce que l&rsquo;on appelle des \u00ab\u00a0acheteurs tardifs\u00a0\u00bb.<br \/>\nLes acheteurs tardifs, pour ceux qui pratiquent le commerce \u00e9lectronique, sont des personnes qui attendent la derni\u00e8re minute pour effectuer un achat.<br \/>\nIls savent qu&rsquo;ils arriveront \u00e0 temps, mais repoussent les limites.<br \/>\nSegmentSync identifie ces acheteurs et vous permet de faire du remarketing aupr\u00e8s d&rsquo;eux et d&rsquo;acc\u00e9l\u00e9rer le processus en les contactant plus t\u00f4t.   <\/p>\n<\/div>\n\t\t\t\t\t\t\t\t\t<div class=\"elementor-tab-title elementor-tab-mobile-title\" aria-selected=\"false\" data-tab=\"7\" role=\"tab\" tabindex=\"-1\" aria-controls=\"elementor-tab-content-7017\" aria-expanded=\"false\">7. Campagnes d'accueil des clients  <\/div>\n\t\t\t\t\t<div id=\"elementor-tab-content-7017\" class=\"elementor-tab-content elementor-clearfix\" data-tab=\"7\" role=\"tabpanel\" aria-labelledby=\"elementor-tab-title-7017\" tabindex=\"0\" hidden=\"hidden\"><h2>7. Campagnes d&rsquo;accueil des clients<\/h2>\n<p>Avec SegmentSync, Adobe Analytics communique avec votre syst\u00e8me de messagerie \u00e9lectronique lorsqu&rsquo;un client a effectu\u00e9 un achat.<br \/>\nVous pouvez lancer une campagne d&rsquo;int\u00e9gration automatique qui les conduira sur un chemin pr\u00e9cis pour leur souhaiter la bienvenue dans votre entreprise ou votre produit, am\u00e9liorant ainsi l&rsquo;exp\u00e9rience client. <\/p>\n<\/div>\n\t\t\t\t\t\t\t<\/div>\n\t\t<\/div>\n\t\t\t\t\t\t<\/div>\n\t\t\t\t<\/div>\n\t\t\t\t\t<\/div>\n\t\t<\/div>\n\t\t\t\t\t<\/div>\n\t\t<\/section>\n\t\t\t\t<section class=\"elementor-section elementor-top-section elementor-element elementor-element-7b0ee68 elementor-section-content-bottom elementor-section-stretched elementor-section-boxed elementor-section-height-default elementor-section-height-default\" data-id=\"7b0ee68\" data-element_type=\"section\" data-e-type=\"section\" data-settings=\"{&quot;background_background&quot;:&quot;classic&quot;,&quot;stretch_section&quot;:&quot;section-stretched&quot;}\">\n\t\t\t\t\t\t\t<div class=\"elementor-background-overlay\"><\/div>\n\t\t\t\t\t\t\t<div class=\"elementor-container elementor-column-gap-no\">\n\t\t\t\t\t<div class=\"elementor-column elementor-col-100 elementor-top-column elementor-element elementor-element-b6bfca6\" data-id=\"b6bfca6\" data-element_type=\"column\" data-e-type=\"column\">\n\t\t\t<div class=\"elementor-widget-wrap elementor-element-populated\">\n\t\t\t\t\t\t<div class=\"elementor-element elementor-element-e56f657 elementor-widget__width-inherit elementor-widget elementor-widget-heading\" data-id=\"e56f657\" data-element_type=\"widget\" data-e-type=\"widget\" data-widget_type=\"heading.default\">\n\t\t\t\t<div class=\"elementor-widget-container\">\n\t\t\t\t\t<h2 class=\"elementor-heading-title elementor-size-default\">  Vous souhaitez vous entretenir avec l'un de nos consultants ?\nCliquez ci-dessous pour planifier un appel de pr\u00e9sentation et de tarification.   <\/h2>\t\t\t\t<\/div>\n\t\t\t\t<\/div>\n\t\t\t\t<div class=\"elementor-element elementor-element-6857c69 elementor-align-center elementor-widget elementor-widget-button\" data-id=\"6857c69\" data-element_type=\"widget\" data-e-type=\"widget\" data-widget_type=\"button.default\">\n\t\t\t\t<div class=\"elementor-widget-container\">\n\t\t\t\t\t\t\t\t\t<div class=\"elementor-button-wrapper\">\n\t\t\t\t\t<a class=\"elementor-button elementor-button-link elementor-size-sm\" href=\"https:\/\/enauticsdonotd.wpenginepowered.com\/vidsync-quiz\/\">\n\t\t\t\t\t\t<span class=\"elementor-button-content-wrapper\">\n\t\t\t\t\t\t\t\t\t<span class=\"elementor-button-text\">Demande de prix<\/span>\n\t\t\t\t\t<\/span>\n\t\t\t\t\t<\/a>\n\t\t\t\t<\/div>\n\t\t\t\t\t\t\t\t<\/div>\n\t\t\t\t<\/div>\n\t\t\t\t<div class=\"elementor-element elementor-element-3f9358c elementor-widget elementor-widget-text-editor\" data-id=\"3f9358c\" data-element_type=\"widget\" data-e-type=\"widget\" data-widget_type=\"text-editor.default\">\n\t\t\t\t<div class=\"elementor-widget-container\">\n\t\t\t\t\t\t\t\t\t<p>Nous gardons vos informations priv\u00e9es et confidentielles.<\/p>\n\t\t\t\t\t\t\t\t<\/div>\n\t\t\t\t<\/div>\n\t\t\t\t\t<\/div>\n\t\t<\/div>\n\t\t\t\t\t<\/div>\n\t\t<\/section>\n\t\t\t\t<\/div>\n\t\t","protected":false},"excerpt":{"rendered":"<p>Principaux cas d&rsquo;utilisation de VidSync En utilisant VidSync pour int\u00e9grer leur solution Oracle Eloqua \u00e0 leurs plateformes vid\u00e9o, nos clients peuvent d\u00e9sormais tirer parti de plusieurs cas d&rsquo;utilisation puissants. Vous trouverez ci-dessous quelques cas d&rsquo;utilisation sp\u00e9cifiques : 1. Clart\u00e9 des performances de la campagne 2. Programme de r\u00e9cup\u00e9ration des paniers 3. Campagnes de r\u00e9cup\u00e9ration d&rsquo;applications [&hellip;]<\/p>\n","protected":false},"author":1,"featured_media":0,"parent":9966,"menu_order":0,"comment_status":"closed","ping_status":"closed","template":"","meta":{"site-sidebar-layout":"default","site-content-layout":"","ast-site-content-layout":"default","site-content-style":"default","site-sidebar-style":"default","ast-global-header-display":"","ast-banner-title-visibility":"","ast-main-header-display":"","ast-hfb-above-header-display":"","ast-hfb-below-header-display":"","ast-hfb-mobile-header-display":"","site-post-title":"","ast-breadcrumbs-content":"","ast-featured-img":"","footer-sml-layout":"","ast-disable-related-posts":"","theme-transparent-header-meta":"","adv-header-id-meta":"","stick-header-meta":"","header-above-stick-meta":"","header-main-stick-meta":"","header-below-stick-meta":"","astra-migrate-meta-layouts":"default","ast-page-background-enabled":"default","ast-page-background-meta":{"desktop":{"background-color":"var(--ast-global-color-4)","background-image":"","background-repeat":"repeat","background-position":"center center","background-size":"auto","background-attachment":"scroll","background-type":"","background-media":"","overlay-type":"","overlay-color":"","overlay-opacity":"","overlay-gradient":""},"tablet":{"background-color":"","background-image":"","background-repeat":"repeat","background-position":"center center","background-size":"auto","background-attachment":"scroll","background-type":"","background-media":"","overlay-type":"","overlay-color":"","overlay-opacity":"","overlay-gradient":""},"mobile":{"background-color":"","background-image":"","background-repeat":"repeat","background-position":"center center","background-size":"auto","background-attachment":"scroll","background-type":"","background-media":"","overlay-type":"","overlay-color":"","overlay-opacity":"","overlay-gradient":""}},"ast-content-background-meta":{"desktop":{"background-color":"var(--ast-global-color-5)","background-image":"","background-repeat":"repeat","background-position":"center center","background-size":"auto","background-attachment":"scroll","background-type":"","background-media":"","overlay-type":"","overlay-color":"","overlay-opacity":"","overlay-gradient":""},"tablet":{"background-color":"var(--ast-global-color-5)","background-image":"","background-repeat":"repeat","background-position":"center center","background-size":"auto","background-attachment":"scroll","background-type":"","background-media":"","overlay-type":"","overlay-color":"","overlay-opacity":"","overlay-gradient":""},"mobile":{"background-color":"var(--ast-global-color-5)","background-image":"","background-repeat":"repeat","background-position":"center center","background-size":"auto","background-attachment":"scroll","background-type":"","background-media":"","overlay-type":"","overlay-color":"","overlay-opacity":"","overlay-gradient":""}},"footnotes":""},"class_list":["post-10604","page","type-page","status-publish","hentry"],"_links":{"self":[{"href":"https:\/\/enautics.com\/fr\/wp-json\/wp\/v2\/pages\/10604","targetHints":{"allow":["GET"]}}],"collection":[{"href":"https:\/\/enautics.com\/fr\/wp-json\/wp\/v2\/pages"}],"about":[{"href":"https:\/\/enautics.com\/fr\/wp-json\/wp\/v2\/types\/page"}],"author":[{"embeddable":true,"href":"https:\/\/enautics.com\/fr\/wp-json\/wp\/v2\/users\/1"}],"replies":[{"embeddable":true,"href":"https:\/\/enautics.com\/fr\/wp-json\/wp\/v2\/comments?post=10604"}],"version-history":[{"count":0,"href":"https:\/\/enautics.com\/fr\/wp-json\/wp\/v2\/pages\/10604\/revisions"}],"up":[{"embeddable":true,"href":"https:\/\/enautics.com\/fr\/wp-json\/wp\/v2\/pages\/9966"}],"wp:attachment":[{"href":"https:\/\/enautics.com\/fr\/wp-json\/wp\/v2\/media?parent=10604"}],"curies":[{"name":"wp","href":"https:\/\/api.w.org\/{rel}","templated":true}]}}