{"id":10388,"date":"2024-08-17T03:43:16","date_gmt":"2024-08-17T08:43:16","guid":{"rendered":"https:\/\/enautics.com\/blog-2\/"},"modified":"2025-03-11T06:55:22","modified_gmt":"2025-03-11T11:55:22","slug":"blog","status":"publish","type":"page","link":"https:\/\/enautics.com\/fr\/blog\/","title":{"rendered":"Our Blog"},"content":{"rendered":"\t\t<div data-elementor-type=\"wp-page\" data-elementor-id=\"10388\" class=\"elementor elementor-10388 elementor-10380\" data-elementor-post-type=\"page\">\n\t\t\t\t\t\t<section class=\"elementor-section elementor-top-section elementor-element elementor-element-4c21239 elementor-section-boxed elementor-section-height-default elementor-section-height-default\" data-id=\"4c21239\" data-element_type=\"section\" data-e-type=\"section\" id=\"bloglistnew\">\n\t\t\t\t\t\t<div class=\"elementor-container elementor-column-gap-default\">\n\t\t\t\t\t<div class=\"elementor-column elementor-col-100 elementor-top-column elementor-element elementor-element-78ed92c\" data-id=\"78ed92c\" data-element_type=\"column\" data-e-type=\"column\">\n\t\t\t<div class=\"elementor-widget-wrap elementor-element-populated\">\n\t\t\t\t\t\t<div class=\"elementor-element elementor-element-7f35642 elementor-grid-eael-col-2 elementor-grid-tablet-eael-col-2 elementor-grid-mobile-eael-col-1 elementor-widget elementor-widget-eael-post-grid\" data-id=\"7f35642\" data-element_type=\"widget\" data-e-type=\"widget\" data-settings=\"{&quot;eael_post_grid_columns&quot;:&quot;eael-col-2&quot;,&quot;eael_post_grid_columns_tablet&quot;:&quot;eael-col-2&quot;,&quot;eael_post_grid_columns_mobile&quot;:&quot;eael-col-1&quot;}\" data-widget_type=\"eael-post-grid.default\">\n\t\t\t\t<div class=\"elementor-widget-container\">\n\t\t\t\t\t<div id=\"eael-post-grid-7f35642\" class=\"eael-post-grid-container\">\n            <div class=\"eael-post-grid eael-post-appender eael-post-appender-7f35642 eael-post-grid-style-one\" data-layout-mode=\"masonry\"><article class=\"eael-grid-post  eael-post-grid-column eael-pg-post-10532 category-succes-des-clients\" data-id=\"10532\">\n        <div class=\"eael-grid-post-holder\">\n            <div class=\"eael-grid-post-holder-inner\"><div class=\"eael-entry-media\"><div class=\"eael-entry-overlay fade-in\"><i class=\"fas fa-long-arrow-alt-right\" aria-hidden=\"true\"><\/i><a href=\"https:\/\/enautics.com\/fr\/succes-des-clients\/oracle-augmente-eloqua-campaign-clarity-reporting\/\"><\/a><\/div><div class=\"eael-entry-thumbnail \">\n                <img fetchpriority=\"high\" decoding=\"async\" width=\"1024\" height=\"683\" src=\"https:\/\/enautics.com\/wp-content\/uploads\/2018\/04\/case-study-1024x683.jpg\" class=\"attachment-large size-large wp-image-5768\" alt=\"\" srcset=\"https:\/\/enautics.com\/wp-content\/uploads\/2018\/04\/case-study-1024x683.jpg 1024w, https:\/\/enautics.com\/wp-content\/uploads\/2018\/04\/case-study-300x200.jpg 300w, https:\/\/enautics.com\/wp-content\/uploads\/2018\/04\/case-study-768x512.jpg 768w, https:\/\/enautics.com\/wp-content\/uploads\/2018\/04\/case-study.jpg 1200w\" sizes=\"(max-width: 1024px) 100vw, 1024px\" \/>\n            <\/div>\n        <\/div><div class=\"eael-entry-wrapper\"><header class=\"eael-entry-header\"><h3 class=\"eael-entry-title\"><a class=\"eael-grid-post-link\" href=\"https:\/\/enautics.com\/fr\/succes-des-clients\/oracle-augmente-eloqua-campaign-clarity-reporting\/\" title=\"Oracle augmente les rapports sur la clart\u00e9 des campagnes Eloqua\">Oracle augmente les rapports sur la clart\u00e9 des<\/a><\/h3><\/header><\/div><\/div>\n        <\/div>\n    <\/article><article class=\"eael-grid-post  eael-post-grid-column eael-pg-post-10526 category-rapports-ameliores-succes-des-clients\" data-id=\"10526\">\n        <div class=\"eael-grid-post-holder\">\n            <div class=\"eael-grid-post-holder-inner\"><div class=\"eael-entry-media\"><div class=\"eael-entry-overlay fade-in\"><i class=\"fas fa-long-arrow-alt-right\" aria-hidden=\"true\"><\/i><a href=\"https:\/\/enautics.com\/fr\/rapports-ameliores\/mountain-america-augmente-le-nombre-de-rapports-de-clarte-de-campagne-deloqua\/\"><\/a><\/div><div class=\"eael-entry-thumbnail \">\n                <img fetchpriority=\"high\" decoding=\"async\" width=\"1024\" height=\"683\" src=\"https:\/\/enautics.com\/wp-content\/uploads\/2018\/04\/case-study-1024x683.jpg\" class=\"attachment-large size-large wp-image-5768\" alt=\"\" srcset=\"https:\/\/enautics.com\/wp-content\/uploads\/2018\/04\/case-study-1024x683.jpg 1024w, https:\/\/enautics.com\/wp-content\/uploads\/2018\/04\/case-study-300x200.jpg 300w, https:\/\/enautics.com\/wp-content\/uploads\/2018\/04\/case-study-768x512.jpg 768w, https:\/\/enautics.com\/wp-content\/uploads\/2018\/04\/case-study.jpg 1200w\" sizes=\"(max-width: 1024px) 100vw, 1024px\" \/>\n            <\/div>\n        <\/div><div class=\"eael-entry-wrapper\"><header class=\"eael-entry-header\"><h3 class=\"eael-entry-title\"><a class=\"eael-grid-post-link\" href=\"https:\/\/enautics.com\/fr\/rapports-ameliores\/mountain-america-augmente-le-nombre-de-rapports-de-clarte-de-campagne-deloqua\/\" title=\"Mountain America augmente le nombre de rapports de clart\u00e9 de campagne d&rsquo;Eloqua\">Mountain America augmente le nombre de rapports de<\/a><\/h3><\/header><\/div><\/div>\n        <\/div>\n    <\/article><article class=\"eael-grid-post  eael-post-grid-column eael-pg-post-10527 category-multiplicateurs-de-recettes-succes-des-clients\" data-id=\"10527\">\n        <div class=\"eael-grid-post-holder\">\n            <div class=\"eael-grid-post-holder-inner\"><div class=\"eael-entry-media\"><div class=\"eael-entry-overlay fade-in\"><i class=\"fas fa-long-arrow-alt-right\" aria-hidden=\"true\"><\/i><a href=\"https:\/\/enautics.com\/fr\/multiplicateurs-de-recettes\/avid-atteint-un-niveau-record-dengagement-et-de-revenus-par-courriel\/\"><\/a><\/div><div class=\"eael-entry-thumbnail \">\n                <img fetchpriority=\"high\" decoding=\"async\" width=\"1024\" height=\"683\" src=\"https:\/\/enautics.com\/wp-content\/uploads\/2018\/04\/case-study-1024x683.jpg\" class=\"attachment-large size-large wp-image-5768\" alt=\"\" srcset=\"https:\/\/enautics.com\/wp-content\/uploads\/2018\/04\/case-study-1024x683.jpg 1024w, https:\/\/enautics.com\/wp-content\/uploads\/2018\/04\/case-study-300x200.jpg 300w, https:\/\/enautics.com\/wp-content\/uploads\/2018\/04\/case-study-768x512.jpg 768w, https:\/\/enautics.com\/wp-content\/uploads\/2018\/04\/case-study.jpg 1200w\" sizes=\"(max-width: 1024px) 100vw, 1024px\" \/>\n            <\/div>\n        <\/div><div class=\"eael-entry-wrapper\"><header class=\"eael-entry-header\"><h3 class=\"eael-entry-title\"><a class=\"eael-grid-post-link\" href=\"https:\/\/enautics.com\/fr\/multiplicateurs-de-recettes\/avid-atteint-un-niveau-record-dengagement-et-de-revenus-par-courriel\/\" title=\"AVID atteint un niveau record d&rsquo;engagement et de revenus par courriel\">AVID atteint un niveau record d&rsquo;engagement et de<\/a><\/h3><\/header><\/div><\/div>\n        <\/div>\n    <\/article><article class=\"eael-grid-post  eael-post-grid-column eael-pg-post-10523 category-personnalisation-1to1\" data-id=\"10523\">\n        <div class=\"eael-grid-post-holder\">\n            <div class=\"eael-grid-post-holder-inner\"><div class=\"eael-entry-media\"><div class=\"eael-entry-overlay fade-in\"><i class=\"fas fa-long-arrow-alt-right\" aria-hidden=\"true\"><\/i><a href=\"https:\/\/enautics.com\/fr\/personnalisation-1to1\/3-raisons-de-cibler-differemment-les-utilisateurs-de-telephones-portables-lultra-personnalisation-est-importante\/\"><\/a><\/div><div class=\"eael-entry-thumbnail \">\n                <img decoding=\"async\" width=\"1024\" height=\"683\" src=\"https:\/\/enautics.com\/wp-content\/uploads\/2018\/04\/3-Reasons-to-Target-Mobile-Users-Differently-Personalization-Matters-3-1024x683.png\" class=\"attachment-large size-large wp-image-5814\" alt=\"\" srcset=\"https:\/\/enautics.com\/wp-content\/uploads\/2018\/04\/3-Reasons-to-Target-Mobile-Users-Differently-Personalization-Matters-3-1024x683.png 1024w, https:\/\/enautics.com\/wp-content\/uploads\/2018\/04\/3-Reasons-to-Target-Mobile-Users-Differently-Personalization-Matters-3-300x200.png 300w, https:\/\/enautics.com\/wp-content\/uploads\/2018\/04\/3-Reasons-to-Target-Mobile-Users-Differently-Personalization-Matters-3-768x512.png 768w, https:\/\/enautics.com\/wp-content\/uploads\/2018\/04\/3-Reasons-to-Target-Mobile-Users-Differently-Personalization-Matters-3.png 1200w\" sizes=\"(max-width: 1024px) 100vw, 1024px\" \/>\n            <\/div>\n        <\/div><div class=\"eael-entry-wrapper\"><header class=\"eael-entry-header\"><h3 class=\"eael-entry-title\"><a class=\"eael-grid-post-link\" href=\"https:\/\/enautics.com\/fr\/personnalisation-1to1\/3-raisons-de-cibler-differemment-les-utilisateurs-de-telephones-portables-lultra-personnalisation-est-importante\/\" title=\"3 raisons de cibler diff\u00e9remment les utilisateurs mobiles : L&rsquo;ultra-personnalisation est importante\">3 raisons de cibler diff\u00e9remment les utilisateurs mobiles<\/a><\/h3><\/header><\/div><\/div>\n        <\/div>\n    <\/article><article class=\"eael-grid-post  eael-post-grid-column eael-pg-post-10518 category-multiplicateurs-de-recettes\" data-id=\"10518\">\n        <div class=\"eael-grid-post-holder\">\n            <div class=\"eael-grid-post-holder-inner\"><div class=\"eael-entry-media\"><div class=\"eael-entry-overlay fade-in\"><i class=\"fas fa-long-arrow-alt-right\" aria-hidden=\"true\"><\/i><a href=\"https:\/\/enautics.com\/fr\/multiplicateurs-de-recettes\/chariots-de-supermarche-abandonnes-retour-a-la-case-depart\/\"><\/a><\/div><div class=\"eael-entry-thumbnail \">\n                <img decoding=\"async\" width=\"1024\" height=\"683\" src=\"https:\/\/enautics.com\/wp-content\/uploads\/2018\/04\/Abandoned-Shopping-Carts-Get-Them-Back-into-the-Checkout-Lane-2-1024x683.png\" class=\"attachment-large size-large wp-image-5818\" alt=\"\" srcset=\"https:\/\/enautics.com\/wp-content\/uploads\/2018\/04\/Abandoned-Shopping-Carts-Get-Them-Back-into-the-Checkout-Lane-2-1024x683.png 1024w, https:\/\/enautics.com\/wp-content\/uploads\/2018\/04\/Abandoned-Shopping-Carts-Get-Them-Back-into-the-Checkout-Lane-2-300x200.png 300w, https:\/\/enautics.com\/wp-content\/uploads\/2018\/04\/Abandoned-Shopping-Carts-Get-Them-Back-into-the-Checkout-Lane-2-768x512.png 768w, https:\/\/enautics.com\/wp-content\/uploads\/2018\/04\/Abandoned-Shopping-Carts-Get-Them-Back-into-the-Checkout-Lane-2.png 1200w\" sizes=\"(max-width: 1024px) 100vw, 1024px\" \/>\n            <\/div>\n        <\/div><div class=\"eael-entry-wrapper\"><header class=\"eael-entry-header\"><h3 class=\"eael-entry-title\"><a class=\"eael-grid-post-link\" href=\"https:\/\/enautics.com\/fr\/multiplicateurs-de-recettes\/chariots-de-supermarche-abandonnes-retour-a-la-case-depart\/\" title=\"Paniers d&rsquo;achat abandonn\u00e9s : Ramenez-les \u00e0 la caisse !\">Paniers d&rsquo;achat abandonn\u00e9s : Ramenez-les \u00e0 la caisse<\/a><\/h3><\/header><\/div><\/div>\n        <\/div>\n    <\/article><article class=\"eael-grid-post  eael-post-grid-column eael-pg-post-10522 category-rapports-ameliores\" data-id=\"10522\">\n        <div class=\"eael-grid-post-holder\">\n            <div class=\"eael-grid-post-holder-inner\"><div class=\"eael-entry-media\"><div class=\"eael-entry-overlay fade-in\"><i class=\"fas fa-long-arrow-alt-right\" aria-hidden=\"true\"><\/i><a href=\"https:\/\/enautics.com\/fr\/rapports-ameliores\/faire-3-erreurs-critiques-de-signalement\/\"><\/a><\/div><div class=\"eael-entry-thumbnail \">\n                <img loading=\"lazy\" decoding=\"async\" width=\"1024\" height=\"683\" src=\"https:\/\/enautics.com\/wp-content\/uploads\/2018\/04\/Are-You-Making-These-3-Critical-Reporting-Mistakes-2-1024x683.png\" class=\"attachment-large size-large wp-image-5822\" alt=\"\" srcset=\"https:\/\/enautics.com\/wp-content\/uploads\/2018\/04\/Are-You-Making-These-3-Critical-Reporting-Mistakes-2-1024x683.png 1024w, https:\/\/enautics.com\/wp-content\/uploads\/2018\/04\/Are-You-Making-These-3-Critical-Reporting-Mistakes-2-300x200.png 300w, https:\/\/enautics.com\/wp-content\/uploads\/2018\/04\/Are-You-Making-These-3-Critical-Reporting-Mistakes-2-768x512.png 768w, https:\/\/enautics.com\/wp-content\/uploads\/2018\/04\/Are-You-Making-These-3-Critical-Reporting-Mistakes-2.png 1200w\" sizes=\"(max-width: 1024px) 100vw, 1024px\" \/>\n            <\/div>\n        <\/div><div class=\"eael-entry-wrapper\"><header class=\"eael-entry-header\"><h3 class=\"eael-entry-title\"><a class=\"eael-grid-post-link\" href=\"https:\/\/enautics.com\/fr\/rapports-ameliores\/faire-3-erreurs-critiques-de-signalement\/\" title=\"Commettez-vous ces 3 erreurs critiques en mati\u00e8re de rapports ?\">Commettez-vous ces 3 erreurs critiques en mati\u00e8re de<\/a><\/h3><\/header><\/div><\/div>\n        <\/div>\n    <\/article><article class=\"eael-grid-post  eael-post-grid-column eael-pg-post-10519 category-perspectives-dengagement\" data-id=\"10519\">\n        <div class=\"eael-grid-post-holder\">\n            <div class=\"eael-grid-post-holder-inner\"><div class=\"eael-entry-media\"><div class=\"eael-entry-overlay fade-in\"><i class=\"fas fa-long-arrow-alt-right\" aria-hidden=\"true\"><\/i><a href=\"https:\/\/enautics.com\/fr\/perspectives-dengagement\/campagnes-daugmentation-de-lengagement-au-goutte-a-goutte\/\"><\/a><\/div><div class=\"eael-entry-thumbnail \">\n                <img loading=\"lazy\" decoding=\"async\" width=\"1024\" height=\"683\" src=\"https:\/\/enautics.com\/wp-content\/uploads\/2018\/04\/Copy-of-Increase-Engagement-with-Drip-Campaigns-1-1024x683.png\" class=\"attachment-large size-large wp-image-5834\" alt=\"\" srcset=\"https:\/\/enautics.com\/wp-content\/uploads\/2018\/04\/Copy-of-Increase-Engagement-with-Drip-Campaigns-1-1024x683.png 1024w, https:\/\/enautics.com\/wp-content\/uploads\/2018\/04\/Copy-of-Increase-Engagement-with-Drip-Campaigns-1-300x200.png 300w, https:\/\/enautics.com\/wp-content\/uploads\/2018\/04\/Copy-of-Increase-Engagement-with-Drip-Campaigns-1-768x512.png 768w, https:\/\/enautics.com\/wp-content\/uploads\/2018\/04\/Copy-of-Increase-Engagement-with-Drip-Campaigns-1.png 1200w\" sizes=\"(max-width: 1024px) 100vw, 1024px\" \/>\n            <\/div>\n        <\/div><div class=\"eael-entry-wrapper\"><header class=\"eael-entry-header\"><h3 class=\"eael-entry-title\"><a class=\"eael-grid-post-link\" href=\"https:\/\/enautics.com\/fr\/perspectives-dengagement\/campagnes-daugmentation-de-lengagement-au-goutte-a-goutte\/\" title=\"Augmentez l&rsquo;engagement avec les campagnes de diffusion au fil de l&rsquo;eau\">Augmentez l&rsquo;engagement avec les campagnes de diffusion au<\/a><\/h3><\/header><\/div><\/div>\n        <\/div>\n    <\/article><article class=\"eael-grid-post  eael-post-grid-column eael-pg-post-10679 category-multiplicateurs-de-recettes\" data-id=\"10679\">\n        <div class=\"eael-grid-post-holder\">\n            <div class=\"eael-grid-post-holder-inner\"><div class=\"eael-entry-media\"><div class=\"eael-entry-overlay fade-in\"><i class=\"fas fa-long-arrow-alt-right\" aria-hidden=\"true\"><\/i><a href=\"https:\/\/enautics.com\/fr\/multiplicateurs-de-recettes\/e-commerce-carton-vitesse-recuperation-augmentation-des-ventes-revenus\/\"><\/a><\/div><div class=\"eael-entry-thumbnail \">\n                <img loading=\"lazy\" decoding=\"async\" width=\"1024\" height=\"683\" src=\"https:\/\/enautics.com\/wp-content\/uploads\/2018\/04\/Eccommerce-Speed-up-Cart-Recovery-For-Increased-Sales-and-Revenue-2-1024x683.png\" class=\"attachment-large size-large wp-image-5830\" alt=\"\" srcset=\"https:\/\/enautics.com\/wp-content\/uploads\/2018\/04\/Eccommerce-Speed-up-Cart-Recovery-For-Increased-Sales-and-Revenue-2-1024x683.png 1024w, https:\/\/enautics.com\/wp-content\/uploads\/2018\/04\/Eccommerce-Speed-up-Cart-Recovery-For-Increased-Sales-and-Revenue-2-300x200.png 300w, https:\/\/enautics.com\/wp-content\/uploads\/2018\/04\/Eccommerce-Speed-up-Cart-Recovery-For-Increased-Sales-and-Revenue-2-768x512.png 768w, https:\/\/enautics.com\/wp-content\/uploads\/2018\/04\/Eccommerce-Speed-up-Cart-Recovery-For-Increased-Sales-and-Revenue-2.png 1200w\" sizes=\"(max-width: 1024px) 100vw, 1024px\" \/>\n            <\/div>\n        <\/div><div class=\"eael-entry-wrapper\"><header class=\"eael-entry-header\"><h3 class=\"eael-entry-title\"><a class=\"eael-grid-post-link\" href=\"https:\/\/enautics.com\/fr\/multiplicateurs-de-recettes\/e-commerce-carton-vitesse-recuperation-augmentation-des-ventes-revenus\/\" title=\"Commerce \u00e9lectronique : Acc\u00e9l\u00e9rez la r\u00e9cup\u00e9ration des paniers pour augmenter vos ventes et votre chiffre d&rsquo;affaires\">Commerce \u00e9lectronique : Acc\u00e9l\u00e9rez la r\u00e9cup\u00e9ration des paniers<\/a><\/h3><\/header><\/div><\/div>\n        <\/div>\n    <\/article><article class=\"eael-grid-post  eael-post-grid-column eael-pg-post-10681 category-rapports-ameliores\" data-id=\"10681\">\n        <div class=\"eael-grid-post-holder\">\n            <div class=\"eael-grid-post-holder-inner\"><div class=\"eael-entry-wrapper\"><header class=\"eael-entry-header\"><h3 class=\"eael-entry-title\"><a class=\"eael-grid-post-link\" href=\"https:\/\/enautics.com\/fr\/rapports-ameliores\/gagner-en-clarte-de-vue-campagnes-performantes\/\" title=\"Obtenez des informations claires sur les performances de vos campagnes\">Obtenez des informations claires sur les performances de<\/a><\/h3><\/header><\/div><\/div>\n        <\/div>\n    <\/article><article class=\"eael-grid-post  eael-post-grid-column eael-pg-post-10676 category-multiplicateurs-de-recettes\" data-id=\"10676\">\n        <div class=\"eael-grid-post-holder\">\n            <div class=\"eael-grid-post-holder-inner\"><div class=\"eael-entry-wrapper\"><header class=\"eael-entry-header\"><h3 class=\"eael-entry-title\"><a class=\"eael-grid-post-link\" href=\"https:\/\/enautics.com\/fr\/multiplicateurs-de-recettes\/multiplicateur-de-recettes-pour-les-acheteurs-en-fin-de-vacances\/\" title=\"Pourquoi les acheteurs de No\u00ebl tardifs sont un multiplicateur de revenus\">Pourquoi les acheteurs de No\u00ebl tardifs sont un<\/a><\/h3><\/header><\/div><\/div>\n        <\/div>\n    <\/article><article class=\"eael-grid-post  eael-post-grid-column eael-pg-post-10610 category-multiplicateurs-de-recettes\" data-id=\"10610\">\n        <div class=\"eael-grid-post-holder\">\n            <div class=\"eael-grid-post-holder-inner\"><div class=\"eael-entry-wrapper\"><header class=\"eael-entry-header\"><h3 class=\"eael-entry-title\"><a class=\"eael-grid-post-link\" href=\"https:\/\/enautics.com\/fr\/multiplicateurs-de-recettes\/comment-les-solutions-de-recuperation-des-paniers-dachat-influencent-les-taux-de-conversion\/\" title=\"Comment les solutions de r\u00e9cup\u00e9ration des paniers d&rsquo;achat influencent les taux de conversion\">Comment les solutions de r\u00e9cup\u00e9ration des paniers d&rsquo;achat<\/a><\/h3><\/header><\/div><\/div>\n        <\/div>\n    <\/article><article class=\"eael-grid-post  eael-post-grid-column eael-pg-post-10603 category-rapports-ameliores\" data-id=\"10603\">\n        <div class=\"eael-grid-post-holder\">\n            <div class=\"eael-grid-post-holder-inner\"><div class=\"eael-entry-wrapper\"><header class=\"eael-entry-header\"><h3 class=\"eael-entry-title\"><a class=\"eael-grid-post-link\" href=\"https:\/\/enautics.com\/fr\/rapports-ameliores\/les-3-principaux-indicateurs-sur-lesquels-vous-devriez-etablir-des-rapports\/\" title=\"Les 3 principaux indicateurs sur lesquels vous devriez \u00e9tablir des rapports\">Les 3 principaux indicateurs sur lesquels vous devriez<\/a><\/h3><\/header><\/div><\/div>\n        <\/div>\n    <\/article><article class=\"eael-grid-post  eael-post-grid-column eael-pg-post-10597 category-augmenter-lefficacite-multiplicateurs-de-recettes-personnalisation-1to1\" data-id=\"10597\">\n        <div class=\"eael-grid-post-holder\">\n            <div class=\"eael-grid-post-holder-inner\"><div class=\"eael-entry-wrapper\"><header class=\"eael-entry-header\"><h3 class=\"eael-entry-title\"><a class=\"eael-grid-post-link\" href=\"https:\/\/enautics.com\/fr\/multiplicateurs-de-recettes\/les-specialistes-du-marketing-necrivent-pas-sur-les-personnes-presque-converties\/\" title=\"Marketeurs : ne n\u00e9gligez pas les \u00ab\u00a0presque convertis\u00a0\u00bb.\">Marketeurs : ne n\u00e9gligez pas les \u00ab\u00a0presque convertis\u00a0\u00bb.<\/a><\/h3><\/header><\/div><\/div>\n        <\/div>\n    <\/article><article class=\"eael-grid-post  eael-post-grid-column eael-pg-post-10599 category-augmenter-lefficacite\" data-id=\"10599\">\n        <div class=\"eael-grid-post-holder\">\n            <div class=\"eael-grid-post-holder-inner\"><div class=\"eael-entry-wrapper\"><header class=\"eael-entry-header\"><h3 class=\"eael-entry-title\"><a class=\"eael-grid-post-link\" href=\"https:\/\/enautics.com\/fr\/augmenter-lefficacite\/augmenter-la-vitesse-adobe-marketing-cloud-enautics\/\" title=\"Am\u00e9liorez la rapidit\u00e9 de votre Adobe Marketing Cloud avec eNautics\">Am\u00e9liorez la rapidit\u00e9 de votre Adobe Marketing Cloud<\/a><\/h3><\/header><\/div><\/div>\n        <\/div>\n    <\/article><article class=\"eael-grid-post  eael-post-grid-column eael-pg-post-10591 category-perspectives-dengagement\" data-id=\"10591\">\n        <div class=\"eael-grid-post-holder\">\n            <div class=\"eael-grid-post-holder-inner\"><div class=\"eael-entry-wrapper\"><header class=\"eael-entry-header\"><h3 class=\"eael-entry-title\"><a class=\"eael-grid-post-link\" href=\"https:\/\/enautics.com\/fr\/perspectives-dengagement\/evaluer-les-conversions-des-seminaires-en-ligne\/\" title=\"Comment \u00e9valuer le succ\u00e8s d&rsquo;un webinaire gr\u00e2ce aux conversions ?\">Comment \u00e9valuer le succ\u00e8s d&rsquo;un webinaire gr\u00e2ce aux<\/a><\/h3><\/header><\/div><\/div>\n        <\/div>\n    <\/article><\/div>\n            <div class=\"clearfix\"><\/div>\n        <\/div>\t\t\t\t<\/div>\n\t\t\t\t<\/div>\n\t\t\t\t\t<\/div>\n\t\t<\/div>\n\t\t\t\t\t<\/div>\n\t\t<\/section>\n\t\t\t\t<\/div>\n\t\t","protected":false},"excerpt":{"rendered":"<p>Oracle verbessert die Berichterstattung \u00fcber Eloqua Campaign Clarity Mountain America erweitert Eloqua Campaign Clarity Reporting AVID erreicht rekordverd\u00e4chtiges E-Mail-Engagement und -Umsatz 3 Gr\u00fcnde, um mobile Benutzer anders anzusprechen: Ultra-Personalisierung Verlassene Warenk\u00f6rbe: Bringen Sie sie zur\u00fcck in die Machen Sie diese 3 kritischen Fehler bei der Erh\u00f6hen Sie das Engagement mit Drip-Kampagnen E-Commerce: Beschleunigen Sie die [&hellip;]<\/p>\n","protected":false},"author":1,"featured_media":0,"parent":0,"menu_order":0,"comment_status":"closed","ping_status":"closed","template":"page-blog-main.php","meta":{"site-sidebar-layout":"default","site-content-layout":"","ast-site-content-layout":"default","site-content-style":"default","site-sidebar-style":"default","ast-global-header-display":"","ast-banner-title-visibility":"","ast-main-header-display":"","ast-hfb-above-header-display":"","ast-hfb-below-header-display":"","ast-hfb-mobile-header-display":"","site-post-title":"","ast-breadcrumbs-content":"","ast-featured-img":"","footer-sml-layout":"","ast-disable-related-posts":"","theme-transparent-header-meta":"","adv-header-id-meta":"","stick-header-meta":"","header-above-stick-meta":"","header-main-stick-meta":"","header-below-stick-meta":"","astra-migrate-meta-layouts":"set","ast-page-background-enabled":"default","ast-page-background-meta":{"desktop":{"background-color":"var(--ast-global-color-4)","background-image":"","background-repeat":"repeat","background-position":"center center","background-size":"auto","background-attachment":"scroll","background-type":"","background-media":"","overlay-type":"","overlay-color":"","overlay-opacity":"","overlay-gradient":""},"tablet":{"background-color":"","background-image":"","background-repeat":"repeat","background-position":"center center","background-size":"auto","background-attachment":"scroll","background-type":"","background-media":"","overlay-type":"","overlay-color":"","overlay-opacity":"","overlay-gradient":""},"mobile":{"background-color":"","background-image":"","background-repeat":"repeat","background-position":"center center","background-size":"auto","background-attachment":"scroll","background-type":"","background-media":"","overlay-type":"","overlay-color":"","overlay-opacity":"","overlay-gradient":""}},"ast-content-background-meta":{"desktop":{"background-color":"var(--ast-global-color-5)","background-image":"","background-repeat":"repeat","background-position":"center center","background-size":"auto","background-attachment":"scroll","background-type":"","background-media":"","overlay-type":"","overlay-color":"","overlay-opacity":"","overlay-gradient":""},"tablet":{"background-color":"var(--ast-global-color-5)","background-image":"","background-repeat":"repeat","background-position":"center center","background-size":"auto","background-attachment":"scroll","background-type":"","background-media":"","overlay-type":"","overlay-color":"","overlay-opacity":"","overlay-gradient":""},"mobile":{"background-color":"var(--ast-global-color-5)","background-image":"","background-repeat":"repeat","background-position":"center center","background-size":"auto","background-attachment":"scroll","background-type":"","background-media":"","overlay-type":"","overlay-color":"","overlay-opacity":"","overlay-gradient":""}},"footnotes":""},"class_list":["post-10388","page","type-page","status-publish","hentry"],"_links":{"self":[{"href":"https:\/\/enautics.com\/fr\/wp-json\/wp\/v2\/pages\/10388","targetHints":{"allow":["GET"]}}],"collection":[{"href":"https:\/\/enautics.com\/fr\/wp-json\/wp\/v2\/pages"}],"about":[{"href":"https:\/\/enautics.com\/fr\/wp-json\/wp\/v2\/types\/page"}],"author":[{"embeddable":true,"href":"https:\/\/enautics.com\/fr\/wp-json\/wp\/v2\/users\/1"}],"replies":[{"embeddable":true,"href":"https:\/\/enautics.com\/fr\/wp-json\/wp\/v2\/comments?post=10388"}],"version-history":[{"count":3,"href":"https:\/\/enautics.com\/fr\/wp-json\/wp\/v2\/pages\/10388\/revisions"}],"predecessor-version":[{"id":13024,"href":"https:\/\/enautics.com\/fr\/wp-json\/wp\/v2\/pages\/10388\/revisions\/13024"}],"wp:attachment":[{"href":"https:\/\/enautics.com\/fr\/wp-json\/wp\/v2\/media?parent=10388"}],"curies":[{"name":"wp","href":"https:\/\/api.w.org\/{rel}","templated":true}]}}