{"id":10613,"date":"2017-09-15T04:12:05","date_gmt":"2017-09-15T09:12:05","guid":{"rendered":"https:\/\/enautics.com\/software-plattformen\/vidsync\/anwendungsfalle\/"},"modified":"2024-08-31T02:03:47","modified_gmt":"2024-08-31T07:03:47","slug":"anwendungsfalle","status":"publish","type":"page","link":"https:\/\/enautics.com\/de\/software-plattformen\/vidsync\/anwendungsfalle\/","title":{"rendered":"VidSync | Anwendungsf\u00e4lle"},"content":{"rendered":"\t\t<div data-elementor-type=\"wp-page\" data-elementor-id=\"10613\" class=\"elementor elementor-10613 elementor-788\" data-elementor-post-type=\"page\">\n\t\t\t\t\t\t<section class=\"elementor-section elementor-top-section elementor-element elementor-element-ea10a1d elementor-section-boxed elementor-section-height-default elementor-section-height-default\" data-id=\"ea10a1d\" data-element_type=\"section\" data-e-type=\"section\">\n\t\t\t\t\t\t<div class=\"elementor-container elementor-column-gap-default\">\n\t\t\t\t\t<div class=\"elementor-column elementor-col-100 elementor-top-column elementor-element elementor-element-7078f67\" data-id=\"7078f67\" data-element_type=\"column\" data-e-type=\"column\">\n\t\t\t<div class=\"elementor-widget-wrap elementor-element-populated\">\n\t\t\t\t\t\t<div class=\"elementor-element elementor-element-b74fcda elementor-widget elementor-widget-heading\" data-id=\"b74fcda\" data-element_type=\"widget\" data-e-type=\"widget\" data-widget_type=\"heading.default\">\n\t\t\t\t<div class=\"elementor-widget-container\">\n\t\t\t\t\t<h1 class=\"elementor-heading-title elementor-size-default\">Wichtigste Anwendungsf\u00e4lle f\u00fcr VidSync<\/h1>\t\t\t\t<\/div>\n\t\t\t\t<\/div>\n\t\t\t\t<div class=\"elementor-element elementor-element-864deb6 elementor-widget elementor-widget-text-editor\" data-id=\"864deb6\" data-element_type=\"widget\" data-e-type=\"widget\" data-widget_type=\"text-editor.default\">\n\t\t\t\t<div class=\"elementor-widget-container\">\n\t\t\t\t\t\t\t\t\t<p>Durch den Einsatz von VidSync zur Integration ihrer Oracle Eloqua-L\u00f6sung mit ihren Videoplattformen k\u00f6nnen unsere Kunden nun mehrere leistungsstarke Gesch\u00e4ftsanwendungen nutzen.<br \/>\nIm Folgenden finden Sie einige konkrete Anwendungsf\u00e4lle: <\/p>\n\t\t\t\t\t\t\t\t<\/div>\n\t\t\t\t<\/div>\n\t\t\t\t<div class=\"elementor-element elementor-element-e7a5f25 elementor-widget-divider--view-line elementor-widget elementor-widget-divider\" data-id=\"e7a5f25\" data-element_type=\"widget\" data-e-type=\"widget\" data-widget_type=\"divider.default\">\n\t\t\t\t<div class=\"elementor-widget-container\">\n\t\t\t\t\t\t\t<div class=\"elementor-divider\">\n\t\t\t<span class=\"elementor-divider-separator\">\n\t\t\t\t\t\t<\/span>\n\t\t<\/div>\n\t\t\t\t\t\t<\/div>\n\t\t\t\t<\/div>\n\t\t\t\t\t<\/div>\n\t\t<\/div>\n\t\t\t\t\t<\/div>\n\t\t<\/section>\n\t\t\t\t<section class=\"elementor-section elementor-top-section elementor-element elementor-element-02f7525 elementor-section-boxed elementor-section-height-default elementor-section-height-default\" data-id=\"02f7525\" data-element_type=\"section\" data-e-type=\"section\">\n\t\t\t\t\t\t<div class=\"elementor-container elementor-column-gap-default\">\n\t\t\t\t\t<div class=\"elementor-column elementor-col-100 elementor-top-column elementor-element elementor-element-94578b1\" data-id=\"94578b1\" data-element_type=\"column\" data-e-type=\"column\">\n\t\t\t<div class=\"elementor-widget-wrap elementor-element-populated\">\n\t\t\t\t\t\t<div class=\"elementor-element elementor-element-42f1c13 elementor-tabs-view-vertical elementor-widget elementor-widget-tabs\" data-id=\"42f1c13\" data-element_type=\"widget\" data-e-type=\"widget\" data-widget_type=\"tabs.default\">\n\t\t\t\t<div class=\"elementor-widget-container\">\n\t\t\t\t\t\t\t<div class=\"elementor-tabs\">\n\t\t\t<div class=\"elementor-tabs-wrapper\" role=\"tablist\" >\n\t\t\t\t\t\t\t\t\t<div id=\"elementor-tab-title-7011\" class=\"elementor-tab-title elementor-tab-desktop-title\" aria-selected=\"true\" data-tab=\"1\" role=\"tab\" tabindex=\"0\" aria-controls=\"elementor-tab-content-7011\" aria-expanded=\"false\">1. Klarheit \u00fcber die Kampagnenleistung<\/div>\n\t\t\t\t\t\t\t\t\t<div id=\"elementor-tab-title-7012\" class=\"elementor-tab-title elementor-tab-desktop-title\" aria-selected=\"false\" data-tab=\"2\" role=\"tab\" tabindex=\"-1\" aria-controls=\"elementor-tab-content-7012\" aria-expanded=\"false\">2. Cart Recovery Programm  <\/div>\n\t\t\t\t\t\t\t\t\t<div id=\"elementor-tab-title-7013\" class=\"elementor-tab-title elementor-tab-desktop-title\" aria-selected=\"false\" data-tab=\"3\" role=\"tab\" tabindex=\"-1\" aria-controls=\"elementor-tab-content-7013\" aria-expanded=\"false\">3. Kampagnen zur Wiederherstellung von Anwendungen  <\/div>\n\t\t\t\t\t\t\t\t\t<div id=\"elementor-tab-title-7014\" class=\"elementor-tab-title elementor-tab-desktop-title\" aria-selected=\"false\" data-tab=\"4\" role=\"tab\" tabindex=\"-1\" aria-controls=\"elementor-tab-content-7014\" aria-expanded=\"false\">4. 1zu1 Website-Personalisierung in Echtzeit  <\/div>\n\t\t\t\t\t\t\t\t\t<div id=\"elementor-tab-title-7015\" class=\"elementor-tab-title elementor-tab-desktop-title\" aria-selected=\"false\" data-tab=\"5\" role=\"tab\" tabindex=\"-1\" aria-controls=\"elementor-tab-content-7015\" aria-expanded=\"false\">5. Mobile Kampagnen<\/div>\n\t\t\t\t\t\t\t\t\t<div id=\"elementor-tab-title-7016\" class=\"elementor-tab-title elementor-tab-desktop-title\" aria-selected=\"false\" data-tab=\"6\" role=\"tab\" tabindex=\"-1\" aria-controls=\"elementor-tab-content-7016\" aria-expanded=\"false\">6. Kampagnen f\u00fcr Sp\u00e4tk\u00e4ufer<\/div>\n\t\t\t\t\t\t\t\t\t<div id=\"elementor-tab-title-7017\" class=\"elementor-tab-title elementor-tab-desktop-title\" aria-selected=\"false\" data-tab=\"7\" role=\"tab\" tabindex=\"-1\" aria-controls=\"elementor-tab-content-7017\" aria-expanded=\"false\">7. Kampagnen zur Kundeneinf\u00fchrung  <\/div>\n\t\t\t\t\t\t\t<\/div>\n\t\t\t<div class=\"elementor-tabs-content-wrapper\" role=\"tablist\" aria-orientation=\"vertical\">\n\t\t\t\t\t\t\t\t\t<div class=\"elementor-tab-title elementor-tab-mobile-title\" aria-selected=\"true\" data-tab=\"1\" role=\"tab\" tabindex=\"0\" aria-controls=\"elementor-tab-content-7011\" aria-expanded=\"false\">1. Klarheit \u00fcber die Kampagnenleistung<\/div>\n\t\t\t\t\t<div id=\"elementor-tab-content-7011\" class=\"elementor-tab-content elementor-clearfix\" data-tab=\"1\" role=\"tabpanel\" aria-labelledby=\"elementor-tab-title-7011\" tabindex=\"0\" hidden=\"false\"><div id=\"one\" class=\"use-case\">\n<div class=\"lc-block\">\n<h2>1. Klarheit \u00fcber die Kampagnenleistung<\/h2>\n<p>Mit SegmentSync haben Sie einen klaren \u00dcberblick \u00fcber die Leistung Ihrer Kampagnen.<br \/>\nSie k\u00f6nnen Berichte erstellen, die E-Mail-Sendungen, \u00d6ffnungen, Klicks, Bounce Backs, Abmeldungen und Adobe Analytics-Kennzahlen in einer einzigen Benutzeroberfl\u00e4che anzeigen.<br \/>\nSie k\u00f6nnen diese Berichte auch nach anderen Kriterien aufschl\u00fcsseln, z. B. nach Mobilger\u00e4ten, Ger\u00e4tetyp und anderen Adobe Analytics-Kennzahlen.  <\/p>\n<\/div>\n<\/div>\n<\/div>\n\t\t\t\t\t\t\t\t\t<div class=\"elementor-tab-title elementor-tab-mobile-title\" aria-selected=\"false\" data-tab=\"2\" role=\"tab\" tabindex=\"-1\" aria-controls=\"elementor-tab-content-7012\" aria-expanded=\"false\">2. Cart Recovery Programm  <\/div>\n\t\t\t\t\t<div id=\"elementor-tab-content-7012\" class=\"elementor-tab-content elementor-clearfix\" data-tab=\"2\" role=\"tabpanel\" aria-labelledby=\"elementor-tab-title-7012\" tabindex=\"0\" hidden=\"hidden\"><h2>2. Cart Recovery Programm<\/h2>\n<p>Mit SegmentSync k\u00f6nnen Sie auch Warenkorb-Wiederherstellungs-Kampagnen durchf\u00fchren.<br \/>\nWenn jemand ein Produkt in einen Einkaufswagen legt, werden bis zu 85% dieser Warenk\u00f6rbe abgebrochen und nicht wiederhergestellt.<br \/>\nSegmentSync ist die schnellste Unternehmensintegration, mit der Sie in nur 30 Minuten Kampagnen zur Wiederherstellung von Warenk\u00f6rben durchf\u00fchren k\u00f6nnen, sobald der Warenkorb verlassen wurde.  <\/p>\n<\/div>\n\t\t\t\t\t\t\t\t\t<div class=\"elementor-tab-title elementor-tab-mobile-title\" aria-selected=\"false\" data-tab=\"3\" role=\"tab\" tabindex=\"-1\" aria-controls=\"elementor-tab-content-7013\" aria-expanded=\"false\">3. Kampagnen zur Wiederherstellung von Anwendungen  <\/div>\n\t\t\t\t\t<div id=\"elementor-tab-content-7013\" class=\"elementor-tab-content elementor-clearfix\" data-tab=\"3\" role=\"tabpanel\" aria-labelledby=\"elementor-tab-title-7013\" tabindex=\"0\" hidden=\"hidden\"><h2>3. Kampagnen zur Wiederherstellung von Anwendungen<\/h2>\n<p>F\u00fcr unsere Kunden aus dem Finanzdienstleistungsbereich bedeutet eine abgebrochene Bewerbung, dass jemand beginnt, ein Girokonto oder ein anderes Finanzdienstleistungsprodukt zu beantragen, und den Anmeldeprozess nicht abschlie\u00dft.<br \/>\nDies erm\u00f6glicht eine Echtzeit-Synchronisierung zwischen dem Oracle Marketing Cloud-System und dem Versand einer Remarketing-\/Wiederherstellungs-E-Mail, die es erm\u00f6glicht, den Benutzer zu speichern und seine Bewerbung fortzusetzen. <\/p>\n<\/div>\n\t\t\t\t\t\t\t\t\t<div class=\"elementor-tab-title elementor-tab-mobile-title\" aria-selected=\"false\" data-tab=\"4\" role=\"tab\" tabindex=\"-1\" aria-controls=\"elementor-tab-content-7014\" aria-expanded=\"false\">4. 1zu1 Website-Personalisierung in Echtzeit  <\/div>\n\t\t\t\t\t<div id=\"elementor-tab-content-7014\" class=\"elementor-tab-content elementor-clearfix\" data-tab=\"4\" role=\"tabpanel\" aria-labelledby=\"elementor-tab-title-7014\" tabindex=\"0\" hidden=\"hidden\"><h2>4. 1zu1 Website-Personalisierung in Echtzeit<\/h2>\n<p>Kunden, die Adobe Target, Optimizely oder Maximizer einsetzen, k\u00f6nnen von dem profitieren, was wir 1to1 Echtzeit-Website-Personalisierung nennen.<br \/>\nW\u00e4hrend der Kontakt die Website besucht, k\u00f6nnen Sie CRM-Daten abrufen, die in Eloqua gespeichert sind, um das Erlebnis des Besuchers zu personalisieren.<br \/>\nWir haben festgestellt, dass dies zu einer Steigerung des Engagements auf Ihrer Website und der Antworten auf Ihre Angebote f\u00fchrt.  <\/p>\n<\/div>\n\t\t\t\t\t\t\t\t\t<div class=\"elementor-tab-title elementor-tab-mobile-title\" aria-selected=\"false\" data-tab=\"5\" role=\"tab\" tabindex=\"-1\" aria-controls=\"elementor-tab-content-7015\" aria-expanded=\"false\">5. Mobile Kampagnen<\/div>\n\t\t\t\t\t<div id=\"elementor-tab-content-7015\" class=\"elementor-tab-content elementor-clearfix\" data-tab=\"5\" role=\"tabpanel\" aria-labelledby=\"elementor-tab-title-7015\" tabindex=\"0\" hidden=\"hidden\"><h2>5. Mobile Kampagnen<\/h2>\n<p>Mobile ist der am schnellsten wachsende Technologiekanal, der heute auf dem Markt genutzt wird.<br \/>\nMit SegmentSync k\u00f6nnen Sie Adobe Analytics nutzen, um herauszufinden, welche Ihrer Besucher ein mobiles Ger\u00e4t verwenden, welchen Hersteller und welches Betriebssystem sie nutzen.<br \/>\nSo k\u00f6nnen Sie zum Beispiel E-Mail-Kampagnen gezielt an iPad- und iPhone-Nutzer richten.  <\/p>\n<\/div>\n\t\t\t\t\t\t\t\t\t<div class=\"elementor-tab-title elementor-tab-mobile-title\" aria-selected=\"false\" data-tab=\"6\" role=\"tab\" tabindex=\"-1\" aria-controls=\"elementor-tab-content-7016\" aria-expanded=\"false\">6. Kampagnen f\u00fcr Sp\u00e4tk\u00e4ufer<\/div>\n\t\t\t\t\t<div id=\"elementor-tab-content-7016\" class=\"elementor-tab-content elementor-clearfix\" data-tab=\"6\" role=\"tabpanel\" aria-labelledby=\"elementor-tab-title-7016\" tabindex=\"0\" hidden=\"hidden\"><h2>6. Kampagnen f\u00fcr Sp\u00e4tk\u00e4ufer<\/h2>\n<p>In jeder Urlaubssaison gibt es so genannte &#8222;Sp\u00e4tk\u00e4ufer&#8220;.<br \/>\nSp\u00e4tk\u00e4ufer sind Menschen, die bis zur letzten Minute warten, um einen Kauf zu t\u00e4tigen.<br \/>\nSie wissen, dass es rechtzeitig ankommen wird, aber sie schieben es auf die lange Bank.<br \/>\nSegmentSync identifiziert diese K\u00e4ufer und erm\u00f6glicht es Ihnen, sie erneut anzusprechen und den Prozess zu beschleunigen, indem Sie sie in fr\u00fcheren Phasen ansprechen.   <\/p>\n<\/div>\n\t\t\t\t\t\t\t\t\t<div class=\"elementor-tab-title elementor-tab-mobile-title\" aria-selected=\"false\" data-tab=\"7\" role=\"tab\" tabindex=\"-1\" aria-controls=\"elementor-tab-content-7017\" aria-expanded=\"false\">7. Kampagnen zur Kundeneinf\u00fchrung  <\/div>\n\t\t\t\t\t<div id=\"elementor-tab-content-7017\" class=\"elementor-tab-content elementor-clearfix\" data-tab=\"7\" role=\"tabpanel\" aria-labelledby=\"elementor-tab-title-7017\" tabindex=\"0\" hidden=\"hidden\"><h2>7. Kampagnen zur Kundeneinf\u00fchrung<\/h2>\n<p>Mit SegmentSync kommuniziert Adobe Analytics mit Ihrem E-Mail-System, wenn jemand etwas gekauft hat.<br \/>\nSie k\u00f6nnen eine automatische Onboarding-Kampagne starten, die den Kunden auf einen bestimmten Weg f\u00fchrt, um ihn in Ihrem Unternehmen oder Produkt willkommen zu hei\u00dfen und die Kundenerfahrung zu verbessern. <\/p>\n<\/div>\n\t\t\t\t\t\t\t<\/div>\n\t\t<\/div>\n\t\t\t\t\t\t<\/div>\n\t\t\t\t<\/div>\n\t\t\t\t\t<\/div>\n\t\t<\/div>\n\t\t\t\t\t<\/div>\n\t\t<\/section>\n\t\t\t\t<section class=\"elementor-section elementor-top-section elementor-element elementor-element-7b0ee68 elementor-section-content-bottom elementor-section-stretched elementor-section-boxed elementor-section-height-default elementor-section-height-default\" data-id=\"7b0ee68\" data-element_type=\"section\" data-e-type=\"section\" data-settings=\"{&quot;background_background&quot;:&quot;classic&quot;,&quot;stretch_section&quot;:&quot;section-stretched&quot;}\">\n\t\t\t\t\t\t\t<div class=\"elementor-background-overlay\"><\/div>\n\t\t\t\t\t\t\t<div class=\"elementor-container elementor-column-gap-no\">\n\t\t\t\t\t<div class=\"elementor-column elementor-col-100 elementor-top-column elementor-element elementor-element-b6bfca6\" data-id=\"b6bfca6\" data-element_type=\"column\" data-e-type=\"column\">\n\t\t\t<div class=\"elementor-widget-wrap elementor-element-populated\">\n\t\t\t\t\t\t<div class=\"elementor-element elementor-element-e56f657 elementor-widget__width-inherit elementor-widget elementor-widget-heading\" data-id=\"e56f657\" data-element_type=\"widget\" data-e-type=\"widget\" data-widget_type=\"heading.default\">\n\t\t\t\t<div class=\"elementor-widget-container\">\n\t\t\t\t\t<h2 class=\"elementor-heading-title elementor-size-default\">  W\u00fcrden Sie gerne mit einem unserer Berater sprechen?\nKlicken Sie unten, um einen Termin f\u00fcr ein Informations- und Preisgespr\u00e4ch zu vereinbaren.   <\/h2>\t\t\t\t<\/div>\n\t\t\t\t<\/div>\n\t\t\t\t<div class=\"elementor-element elementor-element-6857c69 elementor-align-center elementor-widget elementor-widget-button\" data-id=\"6857c69\" data-element_type=\"widget\" data-e-type=\"widget\" data-widget_type=\"button.default\">\n\t\t\t\t<div class=\"elementor-widget-container\">\n\t\t\t\t\t\t\t\t\t<div class=\"elementor-button-wrapper\">\n\t\t\t\t\t<a class=\"elementor-button elementor-button-link elementor-size-sm\" href=\"https:\/\/enauticsdonotd.wpenginepowered.com\/vidsync-quiz\/\">\n\t\t\t\t\t\t<span class=\"elementor-button-content-wrapper\">\n\t\t\t\t\t\t\t\t\t<span class=\"elementor-button-text\">Preis anfrage<\/span>\n\t\t\t\t\t<\/span>\n\t\t\t\t\t<\/a>\n\t\t\t\t<\/div>\n\t\t\t\t\t\t\t\t<\/div>\n\t\t\t\t<\/div>\n\t\t\t\t<div class=\"elementor-element elementor-element-3f9358c elementor-widget elementor-widget-text-editor\" data-id=\"3f9358c\" data-element_type=\"widget\" data-e-type=\"widget\" data-widget_type=\"text-editor.default\">\n\t\t\t\t<div class=\"elementor-widget-container\">\n\t\t\t\t\t\t\t\t\t<p>Wir behandeln Ihre Informationen privat und vertraulich.<\/p>\n\t\t\t\t\t\t\t\t<\/div>\n\t\t\t\t<\/div>\n\t\t\t\t\t<\/div>\n\t\t<\/div>\n\t\t\t\t\t<\/div>\n\t\t<\/section>\n\t\t\t\t<\/div>\n\t\t","protected":false},"excerpt":{"rendered":"<p>Wichtigste Anwendungsf\u00e4lle f\u00fcr VidSync Durch den Einsatz von VidSync zur Integration ihrer Oracle Eloqua-L\u00f6sung mit ihren Videoplattformen k\u00f6nnen unsere Kunden nun mehrere leistungsstarke Gesch\u00e4ftsanwendungen nutzen. Im Folgenden finden Sie einige konkrete Anwendungsf\u00e4lle: 1. Klarheit \u00fcber die Kampagnenleistung 2. Cart Recovery Programm 3. Kampagnen zur Wiederherstellung von Anwendungen 4. 1zu1 Website-Personalisierung in Echtzeit 5. Mobile Kampagnen [&hellip;]<\/p>\n","protected":false},"author":1,"featured_media":0,"parent":9968,"menu_order":0,"comment_status":"closed","ping_status":"closed","template":"","meta":{"site-sidebar-layout":"default","site-content-layout":"","ast-site-content-layout":"default","site-content-style":"default","site-sidebar-style":"default","ast-global-header-display":"","ast-banner-title-visibility":"","ast-main-header-display":"","ast-hfb-above-header-display":"","ast-hfb-below-header-display":"","ast-hfb-mobile-header-display":"","site-post-title":"","ast-breadcrumbs-content":"","ast-featured-img":"","footer-sml-layout":"","ast-disable-related-posts":"","theme-transparent-header-meta":"","adv-header-id-meta":"","stick-header-meta":"","header-above-stick-meta":"","header-main-stick-meta":"","header-below-stick-meta":"","astra-migrate-meta-layouts":"default","ast-page-background-enabled":"default","ast-page-background-meta":{"desktop":{"background-color":"var(--ast-global-color-4)","background-image":"","background-repeat":"repeat","background-position":"center center","background-size":"auto","background-attachment":"scroll","background-type":"","background-media":"","overlay-type":"","overlay-color":"","overlay-opacity":"","overlay-gradient":""},"tablet":{"background-color":"","background-image":"","background-repeat":"repeat","background-position":"center center","background-size":"auto","background-attachment":"scroll","background-type":"","background-media":"","overlay-type":"","overlay-color":"","overlay-opacity":"","overlay-gradient":""},"mobile":{"background-color":"","background-image":"","background-repeat":"repeat","background-position":"center center","background-size":"auto","background-attachment":"scroll","background-type":"","background-media":"","overlay-type":"","overlay-color":"","overlay-opacity":"","overlay-gradient":""}},"ast-content-background-meta":{"desktop":{"background-color":"var(--ast-global-color-5)","background-image":"","background-repeat":"repeat","background-position":"center center","background-size":"auto","background-attachment":"scroll","background-type":"","background-media":"","overlay-type":"","overlay-color":"","overlay-opacity":"","overlay-gradient":""},"tablet":{"background-color":"var(--ast-global-color-5)","background-image":"","background-repeat":"repeat","background-position":"center center","background-size":"auto","background-attachment":"scroll","background-type":"","background-media":"","overlay-type":"","overlay-color":"","overlay-opacity":"","overlay-gradient":""},"mobile":{"background-color":"var(--ast-global-color-5)","background-image":"","background-repeat":"repeat","background-position":"center center","background-size":"auto","background-attachment":"scroll","background-type":"","background-media":"","overlay-type":"","overlay-color":"","overlay-opacity":"","overlay-gradient":""}},"footnotes":""},"class_list":["post-10613","page","type-page","status-publish","hentry"],"_links":{"self":[{"href":"https:\/\/enautics.com\/de\/wp-json\/wp\/v2\/pages\/10613","targetHints":{"allow":["GET"]}}],"collection":[{"href":"https:\/\/enautics.com\/de\/wp-json\/wp\/v2\/pages"}],"about":[{"href":"https:\/\/enautics.com\/de\/wp-json\/wp\/v2\/types\/page"}],"author":[{"embeddable":true,"href":"https:\/\/enautics.com\/de\/wp-json\/wp\/v2\/users\/1"}],"replies":[{"embeddable":true,"href":"https:\/\/enautics.com\/de\/wp-json\/wp\/v2\/comments?post=10613"}],"version-history":[{"count":0,"href":"https:\/\/enautics.com\/de\/wp-json\/wp\/v2\/pages\/10613\/revisions"}],"up":[{"embeddable":true,"href":"https:\/\/enautics.com\/de\/wp-json\/wp\/v2\/pages\/9968"}],"wp:attachment":[{"href":"https:\/\/enautics.com\/de\/wp-json\/wp\/v2\/media?parent=10613"}],"curies":[{"name":"wp","href":"https:\/\/api.w.org\/{rel}","templated":true}]}}