{"id":10389,"date":"2024-08-17T03:43:16","date_gmt":"2024-08-17T08:43:16","guid":{"rendered":"https:\/\/enautics.com\/blog-2\/"},"modified":"2025-03-11T06:54:44","modified_gmt":"2025-03-11T11:54:44","slug":"blog","status":"publish","type":"page","link":"https:\/\/enautics.com\/de\/blog\/","title":{"rendered":"Unser Blog"},"content":{"rendered":"\t\t<div data-elementor-type=\"wp-page\" data-elementor-id=\"10389\" class=\"elementor elementor-10389 elementor-10380\" data-elementor-post-type=\"page\">\n\t\t\t\t\t\t<section class=\"elementor-section elementor-top-section elementor-element elementor-element-4c21239 elementor-section-boxed elementor-section-height-default elementor-section-height-default\" data-id=\"4c21239\" data-element_type=\"section\" data-e-type=\"section\" id=\"bloglistnew\">\n\t\t\t\t\t\t<div class=\"elementor-container elementor-column-gap-default\">\n\t\t\t\t\t<div class=\"elementor-column elementor-col-100 elementor-top-column elementor-element elementor-element-78ed92c\" data-id=\"78ed92c\" data-element_type=\"column\" data-e-type=\"column\">\n\t\t\t<div class=\"elementor-widget-wrap elementor-element-populated\">\n\t\t\t\t\t\t<div class=\"elementor-element elementor-element-7f35642 elementor-grid-eael-col-2 elementor-grid-tablet-eael-col-2 elementor-grid-mobile-eael-col-1 elementor-widget elementor-widget-eael-post-grid\" data-id=\"7f35642\" data-element_type=\"widget\" data-e-type=\"widget\" data-settings=\"{&quot;eael_post_grid_columns&quot;:&quot;eael-col-2&quot;,&quot;eael_post_grid_columns_tablet&quot;:&quot;eael-col-2&quot;,&quot;eael_post_grid_columns_mobile&quot;:&quot;eael-col-1&quot;}\" data-widget_type=\"eael-post-grid.default\">\n\t\t\t\t<div class=\"elementor-widget-container\">\n\t\t\t\t\t<div id=\"eael-post-grid-7f35642\" class=\"eael-post-grid-container\">\n            <div class=\"eael-post-grid eael-post-appender eael-post-appender-7f35642 eael-post-grid-style-one\" data-layout-mode=\"masonry\"><article class=\"eael-grid-post  eael-post-grid-column eael-pg-post-10530 category-kundenerfolg\" data-id=\"10530\">\n        <div class=\"eael-grid-post-holder\">\n            <div class=\"eael-grid-post-holder-inner\"><div class=\"eael-entry-media\"><div class=\"eael-entry-overlay fade-in\"><i class=\"fas fa-long-arrow-alt-right\" aria-hidden=\"true\"><\/i><a href=\"https:\/\/enautics.com\/de\/kundenerfolg\/oracle-erhoht-eloqua-kampagnen-klarheit-berichterstattung\/\"><\/a><\/div><div class=\"eael-entry-thumbnail \">\n                <img fetchpriority=\"high\" decoding=\"async\" width=\"1024\" height=\"683\" src=\"https:\/\/enautics.com\/wp-content\/uploads\/2018\/04\/case-study-1024x683.jpg\" class=\"attachment-large size-large wp-image-5769\" alt=\"\" srcset=\"https:\/\/enautics.com\/wp-content\/uploads\/2018\/04\/case-study-1024x683.jpg 1024w, https:\/\/enautics.com\/wp-content\/uploads\/2018\/04\/case-study-300x200.jpg 300w, https:\/\/enautics.com\/wp-content\/uploads\/2018\/04\/case-study-768x512.jpg 768w, https:\/\/enautics.com\/wp-content\/uploads\/2018\/04\/case-study.jpg 1200w\" sizes=\"(max-width: 1024px) 100vw, 1024px\" \/>\n            <\/div>\n        <\/div><div class=\"eael-entry-wrapper\"><header class=\"eael-entry-header\"><h3 class=\"eael-entry-title\"><a class=\"eael-grid-post-link\" href=\"https:\/\/enautics.com\/de\/kundenerfolg\/oracle-erhoht-eloqua-kampagnen-klarheit-berichterstattung\/\" title=\"Oracle verbessert die Berichterstattung \u00fcber Eloqua Campaign Clarity\">Oracle verbessert die Berichterstattung \u00fcber Eloqua Campaign Clarity<\/a><\/h3><\/header><\/div><\/div>\n        <\/div>\n    <\/article><article class=\"eael-grid-post  eael-post-grid-column eael-pg-post-10531 category-kundenerfolg-verbesserte-berichterstattung\" data-id=\"10531\">\n        <div class=\"eael-grid-post-holder\">\n            <div class=\"eael-grid-post-holder-inner\"><div class=\"eael-entry-media\"><div class=\"eael-entry-overlay fade-in\"><i class=\"fas fa-long-arrow-alt-right\" aria-hidden=\"true\"><\/i><a href=\"https:\/\/enautics.com\/de\/verbesserte-berichterstattung\/mountain-america-erhoht-eloqua-campaign-clarity-reporting\/\"><\/a><\/div><div class=\"eael-entry-thumbnail \">\n                <img fetchpriority=\"high\" decoding=\"async\" width=\"1024\" height=\"683\" src=\"https:\/\/enautics.com\/wp-content\/uploads\/2018\/04\/case-study-1024x683.jpg\" class=\"attachment-large size-large wp-image-5769\" alt=\"\" srcset=\"https:\/\/enautics.com\/wp-content\/uploads\/2018\/04\/case-study-1024x683.jpg 1024w, https:\/\/enautics.com\/wp-content\/uploads\/2018\/04\/case-study-300x200.jpg 300w, https:\/\/enautics.com\/wp-content\/uploads\/2018\/04\/case-study-768x512.jpg 768w, https:\/\/enautics.com\/wp-content\/uploads\/2018\/04\/case-study.jpg 1200w\" sizes=\"(max-width: 1024px) 100vw, 1024px\" \/>\n            <\/div>\n        <\/div><div class=\"eael-entry-wrapper\"><header class=\"eael-entry-header\"><h3 class=\"eael-entry-title\"><a class=\"eael-grid-post-link\" href=\"https:\/\/enautics.com\/de\/verbesserte-berichterstattung\/mountain-america-erhoht-eloqua-campaign-clarity-reporting\/\" title=\"Mountain America erweitert Eloqua Campaign Clarity Reporting\">Mountain America erweitert Eloqua Campaign Clarity Reporting<\/a><\/h3><\/header><\/div><\/div>\n        <\/div>\n    <\/article><article class=\"eael-grid-post  eael-post-grid-column eael-pg-post-10525 category-kundenerfolg-umsatzmultiplikatoren\" data-id=\"10525\">\n        <div class=\"eael-grid-post-holder\">\n            <div class=\"eael-grid-post-holder-inner\"><div class=\"eael-entry-media\"><div class=\"eael-entry-overlay fade-in\"><i class=\"fas fa-long-arrow-alt-right\" aria-hidden=\"true\"><\/i><a href=\"https:\/\/enautics.com\/de\/umsatzmultiplikatoren\/avid-erreicht-hohe-email-einbindung-und-umsatze\/\"><\/a><\/div><div class=\"eael-entry-thumbnail \">\n                <img fetchpriority=\"high\" decoding=\"async\" width=\"1024\" height=\"683\" src=\"https:\/\/enautics.com\/wp-content\/uploads\/2018\/04\/case-study-1024x683.jpg\" class=\"attachment-large size-large wp-image-5769\" alt=\"\" srcset=\"https:\/\/enautics.com\/wp-content\/uploads\/2018\/04\/case-study-1024x683.jpg 1024w, https:\/\/enautics.com\/wp-content\/uploads\/2018\/04\/case-study-300x200.jpg 300w, https:\/\/enautics.com\/wp-content\/uploads\/2018\/04\/case-study-768x512.jpg 768w, https:\/\/enautics.com\/wp-content\/uploads\/2018\/04\/case-study.jpg 1200w\" sizes=\"(max-width: 1024px) 100vw, 1024px\" \/>\n            <\/div>\n        <\/div><div class=\"eael-entry-wrapper\"><header class=\"eael-entry-header\"><h3 class=\"eael-entry-title\"><a class=\"eael-grid-post-link\" href=\"https:\/\/enautics.com\/de\/umsatzmultiplikatoren\/avid-erreicht-hohe-email-einbindung-und-umsatze\/\" title=\"AVID erreicht rekordverd\u00e4chtiges E-Mail-Engagement und -Umsatz\">AVID erreicht rekordverd\u00e4chtiges E-Mail-Engagement und -Umsatz<\/a><\/h3><\/header><\/div><\/div>\n        <\/div>\n    <\/article><article class=\"eael-grid-post  eael-post-grid-column eael-pg-post-10520 category-1zu1-personalisierung\" data-id=\"10520\">\n        <div class=\"eael-grid-post-holder\">\n            <div class=\"eael-grid-post-holder-inner\"><div class=\"eael-entry-media\"><div class=\"eael-entry-overlay fade-in\"><i class=\"fas fa-long-arrow-alt-right\" aria-hidden=\"true\"><\/i><a href=\"https:\/\/enautics.com\/de\/1zu1-personalisierung\/3-grunde-fur-die-zielsetzung-mobiler-benutzer-unterschiedlich-ultra-personalization-matters\/\"><\/a><\/div><div class=\"eael-entry-thumbnail \">\n                <img decoding=\"async\" width=\"1024\" height=\"683\" src=\"https:\/\/enautics.com\/wp-content\/uploads\/2018\/04\/3-Reasons-to-Target-Mobile-Users-Differently-Personalization-Matters-3-1024x683.png\" class=\"attachment-large size-large wp-image-5815\" alt=\"\" srcset=\"https:\/\/enautics.com\/wp-content\/uploads\/2018\/04\/3-Reasons-to-Target-Mobile-Users-Differently-Personalization-Matters-3-1024x683.png 1024w, https:\/\/enautics.com\/wp-content\/uploads\/2018\/04\/3-Reasons-to-Target-Mobile-Users-Differently-Personalization-Matters-3-300x200.png 300w, https:\/\/enautics.com\/wp-content\/uploads\/2018\/04\/3-Reasons-to-Target-Mobile-Users-Differently-Personalization-Matters-3-768x512.png 768w, https:\/\/enautics.com\/wp-content\/uploads\/2018\/04\/3-Reasons-to-Target-Mobile-Users-Differently-Personalization-Matters-3.png 1200w\" sizes=\"(max-width: 1024px) 100vw, 1024px\" \/>\n            <\/div>\n        <\/div><div class=\"eael-entry-wrapper\"><header class=\"eael-entry-header\"><h3 class=\"eael-entry-title\"><a class=\"eael-grid-post-link\" href=\"https:\/\/enautics.com\/de\/1zu1-personalisierung\/3-grunde-fur-die-zielsetzung-mobiler-benutzer-unterschiedlich-ultra-personalization-matters\/\" title=\"3 Gr\u00fcnde, um mobile Benutzer anders anzusprechen: Ultra-Personalisierung ist wichtig\">3 Gr\u00fcnde, um mobile Benutzer anders anzusprechen: Ultra-Personalisierung<\/a><\/h3><\/header><\/div><\/div>\n        <\/div>\n    <\/article><article class=\"eael-grid-post  eael-post-grid-column eael-pg-post-10517 category-umsatzmultiplikatoren\" data-id=\"10517\">\n        <div class=\"eael-grid-post-holder\">\n            <div class=\"eael-grid-post-holder-inner\"><div class=\"eael-entry-media\"><div class=\"eael-entry-overlay fade-in\"><i class=\"fas fa-long-arrow-alt-right\" aria-hidden=\"true\"><\/i><a href=\"https:\/\/enautics.com\/de\/umsatzmultiplikatoren\/verlassene-einkaufswagen-zuruck-zur-kasse-spur\/\"><\/a><\/div><div class=\"eael-entry-thumbnail \">\n                <img decoding=\"async\" width=\"1024\" height=\"683\" src=\"https:\/\/enautics.com\/wp-content\/uploads\/2018\/04\/Abandoned-Shopping-Carts-Get-Them-Back-into-the-Checkout-Lane-2-1024x683.png\" class=\"attachment-large size-large wp-image-5819\" alt=\"\" srcset=\"https:\/\/enautics.com\/wp-content\/uploads\/2018\/04\/Abandoned-Shopping-Carts-Get-Them-Back-into-the-Checkout-Lane-2-1024x683.png 1024w, https:\/\/enautics.com\/wp-content\/uploads\/2018\/04\/Abandoned-Shopping-Carts-Get-Them-Back-into-the-Checkout-Lane-2-300x200.png 300w, https:\/\/enautics.com\/wp-content\/uploads\/2018\/04\/Abandoned-Shopping-Carts-Get-Them-Back-into-the-Checkout-Lane-2-768x512.png 768w, https:\/\/enautics.com\/wp-content\/uploads\/2018\/04\/Abandoned-Shopping-Carts-Get-Them-Back-into-the-Checkout-Lane-2.png 1200w\" sizes=\"(max-width: 1024px) 100vw, 1024px\" \/>\n            <\/div>\n        <\/div><div class=\"eael-entry-wrapper\"><header class=\"eael-entry-header\"><h3 class=\"eael-entry-title\"><a class=\"eael-grid-post-link\" href=\"https:\/\/enautics.com\/de\/umsatzmultiplikatoren\/verlassene-einkaufswagen-zuruck-zur-kasse-spur\/\" title=\"Verlassene Warenk\u00f6rbe: Bringen Sie sie zur\u00fcck in die Kasse!\">Verlassene Warenk\u00f6rbe: Bringen Sie sie zur\u00fcck in die<\/a><\/h3><\/header><\/div><\/div>\n        <\/div>\n    <\/article><article class=\"eael-grid-post  eael-post-grid-column eael-pg-post-10521 category-verbesserte-berichterstattung\" data-id=\"10521\">\n        <div class=\"eael-grid-post-holder\">\n            <div class=\"eael-grid-post-holder-inner\"><div class=\"eael-entry-media\"><div class=\"eael-entry-overlay fade-in\"><i class=\"fas fa-long-arrow-alt-right\" aria-hidden=\"true\"><\/i><a href=\"https:\/\/enautics.com\/de\/verbesserte-berichterstattung\/3-kritische-fehler-bei-der-berichterstattung-machen\/\"><\/a><\/div><div class=\"eael-entry-thumbnail \">\n                <img loading=\"lazy\" decoding=\"async\" width=\"1024\" height=\"683\" src=\"https:\/\/enautics.com\/wp-content\/uploads\/2018\/04\/Are-You-Making-These-3-Critical-Reporting-Mistakes-2-1024x683.png\" class=\"attachment-large size-large wp-image-5823\" alt=\"\" srcset=\"https:\/\/enautics.com\/wp-content\/uploads\/2018\/04\/Are-You-Making-These-3-Critical-Reporting-Mistakes-2-1024x683.png 1024w, https:\/\/enautics.com\/wp-content\/uploads\/2018\/04\/Are-You-Making-These-3-Critical-Reporting-Mistakes-2-300x200.png 300w, https:\/\/enautics.com\/wp-content\/uploads\/2018\/04\/Are-You-Making-These-3-Critical-Reporting-Mistakes-2-768x512.png 768w, https:\/\/enautics.com\/wp-content\/uploads\/2018\/04\/Are-You-Making-These-3-Critical-Reporting-Mistakes-2.png 1200w\" sizes=\"(max-width: 1024px) 100vw, 1024px\" \/>\n            <\/div>\n        <\/div><div class=\"eael-entry-wrapper\"><header class=\"eael-entry-header\"><h3 class=\"eael-entry-title\"><a class=\"eael-grid-post-link\" href=\"https:\/\/enautics.com\/de\/verbesserte-berichterstattung\/3-kritische-fehler-bei-der-berichterstattung-machen\/\" title=\"Machen Sie diese 3 kritischen Fehler bei der Berichterstattung?\">Machen Sie diese 3 kritischen Fehler bei der<\/a><\/h3><\/header><\/div><\/div>\n        <\/div>\n    <\/article><article class=\"eael-grid-post  eael-post-grid-column eael-pg-post-10516 category-engagement-einblicke\" data-id=\"10516\">\n        <div class=\"eael-grid-post-holder\">\n            <div class=\"eael-grid-post-holder-inner\"><div class=\"eael-entry-media\"><div class=\"eael-entry-overlay fade-in\"><i class=\"fas fa-long-arrow-alt-right\" aria-hidden=\"true\"><\/i><a href=\"https:\/\/enautics.com\/de\/engagement-einblicke\/engagement-steigern-tropfchenkampagnen\/\"><\/a><\/div><div class=\"eael-entry-thumbnail \">\n                <img loading=\"lazy\" decoding=\"async\" width=\"1024\" height=\"683\" src=\"https:\/\/enautics.com\/wp-content\/uploads\/2018\/04\/Copy-of-Increase-Engagement-with-Drip-Campaigns-1-1024x683.png\" class=\"attachment-large size-large wp-image-5835\" alt=\"\" srcset=\"https:\/\/enautics.com\/wp-content\/uploads\/2018\/04\/Copy-of-Increase-Engagement-with-Drip-Campaigns-1-1024x683.png 1024w, https:\/\/enautics.com\/wp-content\/uploads\/2018\/04\/Copy-of-Increase-Engagement-with-Drip-Campaigns-1-300x200.png 300w, https:\/\/enautics.com\/wp-content\/uploads\/2018\/04\/Copy-of-Increase-Engagement-with-Drip-Campaigns-1-768x512.png 768w, https:\/\/enautics.com\/wp-content\/uploads\/2018\/04\/Copy-of-Increase-Engagement-with-Drip-Campaigns-1.png 1200w\" sizes=\"(max-width: 1024px) 100vw, 1024px\" \/>\n            <\/div>\n        <\/div><div class=\"eael-entry-wrapper\"><header class=\"eael-entry-header\"><h3 class=\"eael-entry-title\"><a class=\"eael-grid-post-link\" href=\"https:\/\/enautics.com\/de\/engagement-einblicke\/engagement-steigern-tropfchenkampagnen\/\" title=\"Erh\u00f6hen Sie das Engagement mit Drip-Kampagnen\">Erh\u00f6hen Sie das Engagement mit Drip-Kampagnen<\/a><\/h3><\/header><\/div><\/div>\n        <\/div>\n    <\/article><article class=\"eael-grid-post  eael-post-grid-column eael-pg-post-10677 category-umsatzmultiplikatoren\" data-id=\"10677\">\n        <div class=\"eael-grid-post-holder\">\n            <div class=\"eael-grid-post-holder-inner\"><div class=\"eael-entry-media\"><div class=\"eael-entry-overlay fade-in\"><i class=\"fas fa-long-arrow-alt-right\" aria-hidden=\"true\"><\/i><a href=\"https:\/\/enautics.com\/de\/umsatzmultiplikatoren\/e-commerce-geschwindigkeitskarte-erhoht-den-umsatz\/\"><\/a><\/div><div class=\"eael-entry-thumbnail \">\n                <img loading=\"lazy\" decoding=\"async\" width=\"1024\" height=\"683\" src=\"https:\/\/enautics.com\/wp-content\/uploads\/2018\/04\/Eccommerce-Speed-up-Cart-Recovery-For-Increased-Sales-and-Revenue-2-1024x683.png\" class=\"attachment-large size-large wp-image-5831\" alt=\"\" srcset=\"https:\/\/enautics.com\/wp-content\/uploads\/2018\/04\/Eccommerce-Speed-up-Cart-Recovery-For-Increased-Sales-and-Revenue-2-1024x683.png 1024w, https:\/\/enautics.com\/wp-content\/uploads\/2018\/04\/Eccommerce-Speed-up-Cart-Recovery-For-Increased-Sales-and-Revenue-2-300x200.png 300w, https:\/\/enautics.com\/wp-content\/uploads\/2018\/04\/Eccommerce-Speed-up-Cart-Recovery-For-Increased-Sales-and-Revenue-2-768x512.png 768w, https:\/\/enautics.com\/wp-content\/uploads\/2018\/04\/Eccommerce-Speed-up-Cart-Recovery-For-Increased-Sales-and-Revenue-2.png 1200w\" sizes=\"(max-width: 1024px) 100vw, 1024px\" \/>\n            <\/div>\n        <\/div><div class=\"eael-entry-wrapper\"><header class=\"eael-entry-header\"><h3 class=\"eael-entry-title\"><a class=\"eael-grid-post-link\" href=\"https:\/\/enautics.com\/de\/umsatzmultiplikatoren\/e-commerce-geschwindigkeitskarte-erhoht-den-umsatz\/\" title=\"E-Commerce: Beschleunigen Sie die Wiederherstellung von Warenk\u00f6rben f\u00fcr mehr Umsatz und Ertrag\">E-Commerce: Beschleunigen Sie die Wiederherstellung von Warenk\u00f6rben f\u00fcr<\/a><\/h3><\/header><\/div><\/div>\n        <\/div>\n    <\/article><article class=\"eael-grid-post  eael-post-grid-column eael-pg-post-10680 category-verbesserte-berichterstattung\" data-id=\"10680\">\n        <div class=\"eael-grid-post-holder\">\n            <div class=\"eael-grid-post-holder-inner\"><div class=\"eael-entry-wrapper\"><header class=\"eael-entry-header\"><h3 class=\"eael-entry-title\"><a class=\"eael-grid-post-link\" href=\"https:\/\/enautics.com\/de\/verbesserte-berichterstattung\/klarere-einblicke-gewinnen-kampagnen-performing\/\" title=\"Gewinnen Sie klare Einblicke in die Leistung Ihrer Kampagnen\">Gewinnen Sie klare Einblicke in die Leistung Ihrer<\/a><\/h3><\/header><\/div><\/div>\n        <\/div>\n    <\/article><article class=\"eael-grid-post  eael-post-grid-column eael-pg-post-10674 category-umsatzmultiplikatoren\" data-id=\"10674\">\n        <div class=\"eael-grid-post-holder\">\n            <div class=\"eael-grid-post-holder-inner\"><div class=\"eael-entry-wrapper\"><header class=\"eael-entry-header\"><h3 class=\"eael-entry-title\"><a class=\"eael-grid-post-link\" href=\"https:\/\/enautics.com\/de\/umsatzmultiplikatoren\/spate-urlaubs-kaufer-umsatz-multiplikator\/\" title=\"Warum sp\u00e4te Urlaubsk\u00e4ufer ein Umsatzmultiplikator sind\">Warum sp\u00e4te Urlaubsk\u00e4ufer ein Umsatzmultiplikator sind<\/a><\/h3><\/header><\/div><\/div>\n        <\/div>\n    <\/article><article class=\"eael-grid-post  eael-post-grid-column eael-pg-post-10608 category-umsatzmultiplikatoren\" data-id=\"10608\">\n        <div class=\"eael-grid-post-holder\">\n            <div class=\"eael-grid-post-holder-inner\"><div class=\"eael-entry-wrapper\"><header class=\"eael-entry-header\"><h3 class=\"eael-entry-title\"><a class=\"eael-grid-post-link\" href=\"https:\/\/enautics.com\/de\/umsatzmultiplikatoren\/einkaufswagen-ruckgewinnungslosungen-auswirkungen-auf-den-umsatz-raten\/\" title=\"Wie L\u00f6sungen zur Wiederherstellung von Einkaufswagen die Konversionsraten beeinflussen\">Wie L\u00f6sungen zur Wiederherstellung von Einkaufswagen die Konversionsraten<\/a><\/h3><\/header><\/div><\/div>\n        <\/div>\n    <\/article><article class=\"eael-grid-post  eael-post-grid-column eael-pg-post-10602 category-verbesserte-berichterstattung\" data-id=\"10602\">\n        <div class=\"eael-grid-post-holder\">\n            <div class=\"eael-grid-post-holder-inner\"><div class=\"eael-entry-wrapper\"><header class=\"eael-entry-header\"><h3 class=\"eael-entry-title\"><a class=\"eael-grid-post-link\" href=\"https:\/\/enautics.com\/de\/verbesserte-berichterstattung\/top-3-metriken-berichterstattung\/\" title=\"Die 3 wichtigsten Metriken, \u00fcber die Sie berichten sollten\">Die 3 wichtigsten Metriken, \u00fcber die Sie berichten<\/a><\/h3><\/header><\/div><\/div>\n        <\/div>\n    <\/article><article class=\"eael-grid-post  eael-post-grid-column eael-pg-post-10594 category-1zu1-personalisierung-effizienz-steigern-umsatzmultiplikatoren\" data-id=\"10594\">\n        <div class=\"eael-grid-post-holder\">\n            <div class=\"eael-grid-post-holder-inner\"><div class=\"eael-entry-wrapper\"><header class=\"eael-entry-header\"><h3 class=\"eael-entry-title\"><a class=\"eael-grid-post-link\" href=\"https:\/\/enautics.com\/de\/umsatzmultiplikatoren\/vermarkter-schreiben-nicht-ab-nahe-konvertiert\/\" title=\"Vermarkter: Schreiben Sie die &#8222;Fast-Konvertierten&#8220; nicht ab.\">Vermarkter: Schreiben Sie die &#8222;Fast-Konvertierten&#8220; nicht ab.<\/a><\/h3><\/header><\/div><\/div>\n        <\/div>\n    <\/article><article class=\"eael-grid-post  eael-post-grid-column eael-pg-post-10598 category-effizienz-steigern\" data-id=\"10598\">\n        <div class=\"eael-grid-post-holder\">\n            <div class=\"eael-grid-post-holder-inner\"><div class=\"eael-entry-wrapper\"><header class=\"eael-entry-header\"><h3 class=\"eael-entry-title\"><a class=\"eael-grid-post-link\" href=\"https:\/\/enautics.com\/de\/effizienz-steigern\/beschleunigen-adobe-marketing-cloud-enautics\/\" title=\"Erh\u00f6hen Sie die Geschwindigkeit Ihrer Adobe Marketing Cloud mit eNautics\">Erh\u00f6hen Sie die Geschwindigkeit Ihrer Adobe Marketing Cloud<\/a><\/h3><\/header><\/div><\/div>\n        <\/div>\n    <\/article><article class=\"eael-grid-post  eael-post-grid-column eael-pg-post-10595 category-engagement-einblicke\" data-id=\"10595\">\n        <div class=\"eael-grid-post-holder\">\n            <div class=\"eael-grid-post-holder-inner\"><div class=\"eael-entry-wrapper\"><header class=\"eael-entry-header\"><h3 class=\"eael-entry-title\"><a class=\"eael-grid-post-link\" href=\"https:\/\/enautics.com\/de\/engagement-einblicke\/auswerten-webinar-erfolg-konversionen\/\" title=\"Wie man den Erfolg eines Webinars anhand der Konversionen bewertet\">Wie man den Erfolg eines Webinars anhand der<\/a><\/h3><\/header><\/div><\/div>\n        <\/div>\n    <\/article><\/div>\n            <div class=\"clearfix\"><\/div>\n        <\/div>\t\t\t\t<\/div>\n\t\t\t\t<\/div>\n\t\t\t\t\t<\/div>\n\t\t<\/div>\n\t\t\t\t\t<\/div>\n\t\t<\/section>\n\t\t\t\t<\/div>\n\t\t","protected":false},"excerpt":{"rendered":"<p>Oracle verbessert die Berichterstattung \u00fcber Eloqua Campaign Clarity Mountain America erweitert Eloqua Campaign Clarity Reporting AVID erreicht rekordverd\u00e4chtiges E-Mail-Engagement und -Umsatz 3 Gr\u00fcnde, um mobile Benutzer anders anzusprechen: Ultra-Personalisierung Verlassene Warenk\u00f6rbe: Bringen Sie sie zur\u00fcck in die Machen Sie diese 3 kritischen Fehler bei der Erh\u00f6hen Sie das Engagement mit Drip-Kampagnen E-Commerce: Beschleunigen Sie die [&hellip;]<\/p>\n","protected":false},"author":1,"featured_media":0,"parent":0,"menu_order":0,"comment_status":"closed","ping_status":"closed","template":"page-blog-main.php","meta":{"site-sidebar-layout":"default","site-content-layout":"","ast-site-content-layout":"default","site-content-style":"default","site-sidebar-style":"default","ast-global-header-display":"","ast-banner-title-visibility":"","ast-main-header-display":"","ast-hfb-above-header-display":"","ast-hfb-below-header-display":"","ast-hfb-mobile-header-display":"","site-post-title":"","ast-breadcrumbs-content":"","ast-featured-img":"","footer-sml-layout":"","ast-disable-related-posts":"","theme-transparent-header-meta":"","adv-header-id-meta":"","stick-header-meta":"","header-above-stick-meta":"","header-main-stick-meta":"","header-below-stick-meta":"","astra-migrate-meta-layouts":"set","ast-page-background-enabled":"default","ast-page-background-meta":{"desktop":{"background-color":"var(--ast-global-color-4)","background-image":"","background-repeat":"repeat","background-position":"center center","background-size":"auto","background-attachment":"scroll","background-type":"","background-media":"","overlay-type":"","overlay-color":"","overlay-opacity":"","overlay-gradient":""},"tablet":{"background-color":"","background-image":"","background-repeat":"repeat","background-position":"center center","background-size":"auto","background-attachment":"scroll","background-type":"","background-media":"","overlay-type":"","overlay-color":"","overlay-opacity":"","overlay-gradient":""},"mobile":{"background-color":"","background-image":"","background-repeat":"repeat","background-position":"center center","background-size":"auto","background-attachment":"scroll","background-type":"","background-media":"","overlay-type":"","overlay-color":"","overlay-opacity":"","overlay-gradient":""}},"ast-content-background-meta":{"desktop":{"background-color":"var(--ast-global-color-5)","background-image":"","background-repeat":"repeat","background-position":"center center","background-size":"auto","background-attachment":"scroll","background-type":"","background-media":"","overlay-type":"","overlay-color":"","overlay-opacity":"","overlay-gradient":""},"tablet":{"background-color":"var(--ast-global-color-5)","background-image":"","background-repeat":"repeat","background-position":"center center","background-size":"auto","background-attachment":"scroll","background-type":"","background-media":"","overlay-type":"","overlay-color":"","overlay-opacity":"","overlay-gradient":""},"mobile":{"background-color":"var(--ast-global-color-5)","background-image":"","background-repeat":"repeat","background-position":"center center","background-size":"auto","background-attachment":"scroll","background-type":"","background-media":"","overlay-type":"","overlay-color":"","overlay-opacity":"","overlay-gradient":""}},"footnotes":""},"class_list":["post-10389","page","type-page","status-publish","hentry"],"_links":{"self":[{"href":"https:\/\/enautics.com\/de\/wp-json\/wp\/v2\/pages\/10389","targetHints":{"allow":["GET"]}}],"collection":[{"href":"https:\/\/enautics.com\/de\/wp-json\/wp\/v2\/pages"}],"about":[{"href":"https:\/\/enautics.com\/de\/wp-json\/wp\/v2\/types\/page"}],"author":[{"embeddable":true,"href":"https:\/\/enautics.com\/de\/wp-json\/wp\/v2\/users\/1"}],"replies":[{"embeddable":true,"href":"https:\/\/enautics.com\/de\/wp-json\/wp\/v2\/comments?post=10389"}],"version-history":[{"count":3,"href":"https:\/\/enautics.com\/de\/wp-json\/wp\/v2\/pages\/10389\/revisions"}],"predecessor-version":[{"id":13021,"href":"https:\/\/enautics.com\/de\/wp-json\/wp\/v2\/pages\/10389\/revisions\/13021"}],"wp:attachment":[{"href":"https:\/\/enautics.com\/de\/wp-json\/wp\/v2\/media?parent=10389"}],"curies":[{"name":"wp","href":"https:\/\/api.w.org\/{rel}","templated":true}]}}