{"id":10288,"date":"2017-09-04T20:32:15","date_gmt":"2017-09-05T01:32:15","guid":{"rendered":"https:\/\/enautics.com\/software-platforms\/"},"modified":"2025-08-25T01:42:46","modified_gmt":"2025-08-25T06:42:46","slug":"software-plattformen","status":"publish","type":"page","link":"https:\/\/enautics.com\/de\/software-plattformen\/","title":{"rendered":"enautics | Software-Plattformen"},"content":{"rendered":"\t\t<div data-elementor-type=\"wp-page\" data-elementor-id=\"10288\" class=\"elementor elementor-10288 elementor-532\" data-elementor-post-type=\"page\">\n\t\t\t\t\t\t<section class=\"elementor-section elementor-top-section elementor-element elementor-element-5d914c4b elementor-section-full_width elementor-section-stretched elementor-section-height-default elementor-section-height-default\" data-id=\"5d914c4b\" data-element_type=\"section\" data-e-type=\"section\" data-settings=\"{&quot;stretch_section&quot;:&quot;section-stretched&quot;,&quot;background_background&quot;:&quot;classic&quot;}\">\n\t\t\t\t\t\t\t<div class=\"elementor-background-overlay\"><\/div>\n\t\t\t\t\t\t\t<div class=\"elementor-container elementor-column-gap-default\">\n\t\t\t\t\t<div class=\"elementor-column elementor-col-100 elementor-top-column elementor-element elementor-element-2c89a87c\" data-id=\"2c89a87c\" data-element_type=\"column\" data-e-type=\"column\">\n\t\t\t<div class=\"elementor-widget-wrap elementor-element-populated\">\n\t\t\t\t\t\t<div class=\"elementor-element elementor-element-4fe75492 partial-border-1 elementor-widget elementor-widget-text-editor\" data-id=\"4fe75492\" data-element_type=\"widget\" data-e-type=\"widget\" data-widget_type=\"text-editor.default\">\n\t\t\t\t<div class=\"elementor-widget-container\">\n\t\t\t\t\t\t\t\t\t<p style=\"font-weight: 400;\"><strong>ERWEITERN SIE IHRE ORACLE UND ADOBE EXPERIENCE CLOUD MIT UNSEREN OFFIZIELLEN INTEGRATIONEN<\/strong><\/p>\n\t\t\t\t\t\t\t\t<\/div>\n\t\t\t\t<\/div>\n\t\t\t\t\t<\/div>\n\t\t<\/div>\n\t\t\t\t\t<\/div>\n\t\t<\/section>\n\t\t\t\t<section class=\"elementor-section elementor-top-section elementor-element elementor-element-4f3d9fd pspace elementor-section-boxed elementor-section-height-default elementor-section-height-default\" data-id=\"4f3d9fd\" data-element_type=\"section\" data-e-type=\"section\" id=\"pspace\">\n\t\t\t\t\t\t<div class=\"elementor-container elementor-column-gap-default\">\n\t\t\t\t\t<div class=\"elementor-column elementor-col-33 elementor-top-column elementor-element elementor-element-b012ff9\" data-id=\"b012ff9\" data-element_type=\"column\" data-e-type=\"column\">\n\t\t\t<div class=\"elementor-widget-wrap elementor-element-populated\">\n\t\t\t\t\t\t<div class=\"elementor-element elementor-element-f4900f7 elementor-position-top elementor-widget elementor-widget-image-box\" data-id=\"f4900f7\" data-element_type=\"widget\" data-e-type=\"widget\" data-widget_type=\"image-box.default\">\n\t\t\t\t<div class=\"elementor-widget-container\">\n\t\t\t\t\t<div class=\"elementor-image-box-wrapper\"><figure class=\"elementor-image-box-img\"><img decoding=\"async\" width=\"30\" height=\"30\" src=\"https:\/\/enautics.com\/wp-content\/uploads\/2017\/09\/SegSync.png\" class=\"attachment-full size-full wp-image-13677\" alt=\"SegSync\" \/><\/figure><div class=\"elementor-image-box-content\"><h4 class=\"elementor-image-box-title\">SegmentSync<\/h4><\/div><\/div>\t\t\t\t<\/div>\n\t\t\t\t<\/div>\n\t\t\t\t<div class=\"elementor-element elementor-element-e401d2a elementor-widget elementor-widget-text-editor\" data-id=\"e401d2a\" data-element_type=\"widget\" data-e-type=\"widget\" data-widget_type=\"text-editor.default\">\n\t\t\t\t<div class=\"elementor-widget-container\">\n\t\t\t\t\t\t\t\t\t<p>Offizielle Integration mit Eloqua oder Responsys und Adobe Analytics<\/p>\n<p>Verwertbare Klarheit \u00fcber die Leistung von Eloqua-Kampagnen in Adobe Analytics<\/p>\n<p>1zu1 Website-Personalisierung in Echtzeit<\/p>\n<p>Steigern Sie Ihre Einnahmen durch die Wiederherstellung von Carts oder Anwendungen<\/p>\n<p>Schnellste harmonische Adobe Analytics-Datensynchronisationsgeschwindigkeiten in der Branche<\/p>\n\t\t\t\t\t\t\t\t<\/div>\n\t\t\t\t<\/div>\n\t\t\t\t<div class=\"elementor-element elementor-element-9beacf7 elementor-align-center btn-secondary elementor-widget elementor-widget-button\" data-id=\"9beacf7\" data-element_type=\"widget\" data-e-type=\"widget\" id=\"mobiledisplaybutton1\" data-widget_type=\"button.default\">\n\t\t\t\t<div class=\"elementor-widget-container\">\n\t\t\t\t\t\t\t\t\t<div class=\"elementor-button-wrapper\">\n\t\t\t\t\t<a class=\"elementor-button elementor-button-link elementor-size-sm\" href=\"https:\/\/enautics.com\/de\/software-platforms\/segmentsync\/\">\n\t\t\t\t\t\t<span class=\"elementor-button-content-wrapper\">\n\t\t\t\t\t\t\t\t\t<span class=\"elementor-button-text\">Mehr erfahren<\/span>\n\t\t\t\t\t<\/span>\n\t\t\t\t\t<\/a>\n\t\t\t\t<\/div>\n\t\t\t\t\t\t\t\t<\/div>\n\t\t\t\t<\/div>\n\t\t\t\t\t<\/div>\n\t\t<\/div>\n\t\t\t\t<div class=\"elementor-column elementor-col-33 elementor-top-column elementor-element elementor-element-d44602a\" data-id=\"d44602a\" data-element_type=\"column\" data-e-type=\"column\">\n\t\t\t<div class=\"elementor-widget-wrap elementor-element-populated\">\n\t\t\t\t\t\t<div class=\"elementor-element elementor-element-a12f0ca elementor-position-top elementor-widget elementor-widget-image-box\" data-id=\"a12f0ca\" data-element_type=\"widget\" data-e-type=\"widget\" data-widget_type=\"image-box.default\">\n\t\t\t\t<div class=\"elementor-widget-container\">\n\t\t\t\t\t<div class=\"elementor-image-box-wrapper\"><figure class=\"elementor-image-box-img\"><img decoding=\"async\" width=\"30\" height=\"30\" src=\"https:\/\/enautics.com\/wp-content\/uploads\/2017\/10\/meetingSync-logo.png\" class=\"attachment-full size-full wp-image-13680\" alt=\"meetingSync\" \/><\/figure><div class=\"elementor-image-box-content\"><h4 class=\"elementor-image-box-title\">MeetingSync  <\/h4><\/div><\/div>\t\t\t\t<\/div>\n\t\t\t\t<\/div>\n\t\t\t\t<div class=\"elementor-element elementor-element-7503d56 elementor-widget elementor-widget-text-editor\" data-id=\"7503d56\" data-element_type=\"widget\" data-e-type=\"widget\" data-widget_type=\"text-editor.default\">\n\t\t\t\t<div class=\"elementor-widget-container\">\n\t\t\t\t\t\t\t\t\t<p>Offizielle Integration mit Eloqua und Adobe Connect<\/p>\n<p>Identifiziert die Kontakte, die an Ihren Adobe Connect Meetings und Webinaren teilnehmen<\/p>\n<p>Steigern Sie Ihre Produktivit\u00e4t durch manuelle Zeitersparnis<\/p>\n<p>Exportieren und Importieren von Anwesenheitsdaten<\/p>\n<p>Verbessern Sie Ihre kontobasierten Marketingbem\u00fchungen mit Webinar-Beteiligungsdaten<\/p>\n\t\t\t\t\t\t\t\t<\/div>\n\t\t\t\t<\/div>\n\t\t\t\t<div class=\"elementor-element elementor-element-684484e elementor-align-center btn-secondary elementor-widget elementor-widget-button\" data-id=\"684484e\" data-element_type=\"widget\" data-e-type=\"widget\" id=\"mobiledisplaybutton1\" data-widget_type=\"button.default\">\n\t\t\t\t<div class=\"elementor-widget-container\">\n\t\t\t\t\t\t\t\t\t<div class=\"elementor-button-wrapper\">\n\t\t\t\t\t<a class=\"elementor-button elementor-button-link elementor-size-sm\" href=\"https:\/\/enautics.com\/de\/software-platforms\/meetingsync\/\">\n\t\t\t\t\t\t<span class=\"elementor-button-content-wrapper\">\n\t\t\t\t\t\t\t\t\t<span class=\"elementor-button-text\">Mehr erfahren<\/span>\n\t\t\t\t\t<\/span>\n\t\t\t\t\t<\/a>\n\t\t\t\t<\/div>\n\t\t\t\t\t\t\t\t<\/div>\n\t\t\t\t<\/div>\n\t\t\t\t\t<\/div>\n\t\t<\/div>\n\t\t\t\t<div class=\"elementor-column elementor-col-33 elementor-top-column elementor-element elementor-element-3d39122\" data-id=\"3d39122\" data-element_type=\"column\" data-e-type=\"column\">\n\t\t\t<div class=\"elementor-widget-wrap elementor-element-populated\">\n\t\t\t\t\t\t<div class=\"elementor-element elementor-element-6f010f4 elementor-position-top elementor-widget elementor-widget-image-box\" data-id=\"6f010f4\" data-element_type=\"widget\" data-e-type=\"widget\" data-widget_type=\"image-box.default\">\n\t\t\t\t<div class=\"elementor-widget-container\">\n\t\t\t\t\t<div class=\"elementor-image-box-wrapper\"><figure class=\"elementor-image-box-img\"><img decoding=\"async\" width=\"30\" height=\"30\" src=\"https:\/\/enautics.com\/wp-content\/uploads\/2017\/09\/vidSync.png\" class=\"attachment-full size-full wp-image-13683\" alt=\"vidSync\" \/><\/figure><div class=\"elementor-image-box-content\"><h4 class=\"elementor-image-box-title\">VidSync  <\/h4><\/div><\/div>\t\t\t\t<\/div>\n\t\t\t\t<\/div>\n\t\t\t\t<div class=\"elementor-element elementor-element-ef571c2 elementor-widget elementor-widget-text-editor\" data-id=\"ef571c2\" data-element_type=\"widget\" data-e-type=\"widget\" data-widget_type=\"text-editor.default\">\n\t\t\t\t<div class=\"elementor-widget-container\">\n\t\t\t\t\t\t\t\t\t<p>Die einzige Integration von Eloqua und YouTube Engagement<\/p>\n<p>Identifiziert die Kontakte, die sich mit Ihrem Video besch\u00e4ftigen<\/p>\n<p>Verbessert Ihre Datenqualit\u00e4t<\/p>\n<p>Verfolgt das Video-Engagement Ihrer Zielkonten<\/p>\n<p>F\u00fchrt anonyme Videoaufrufe zusammen, wenn ein Besucher bekannt wird<\/p>\n\t\t\t\t\t\t\t\t<\/div>\n\t\t\t\t<\/div>\n\t\t\t\t<div class=\"elementor-element elementor-element-594f96b elementor-align-center btn-secondary elementor-widget elementor-widget-button\" data-id=\"594f96b\" data-element_type=\"widget\" data-e-type=\"widget\" id=\"mobiledisplaybutton1\" data-widget_type=\"button.default\">\n\t\t\t\t<div class=\"elementor-widget-container\">\n\t\t\t\t\t\t\t\t\t<div class=\"elementor-button-wrapper\">\n\t\t\t\t\t<a class=\"elementor-button elementor-button-link elementor-size-sm\" href=\"https:\/\/enautics.com\/de\/software-platforms\/vidsync\/\">\n\t\t\t\t\t\t<span class=\"elementor-button-content-wrapper\">\n\t\t\t\t\t\t\t\t\t<span class=\"elementor-button-text\">Mehr erfahren<\/span>\n\t\t\t\t\t<\/span>\n\t\t\t\t\t<\/a>\n\t\t\t\t<\/div>\n\t\t\t\t\t\t\t\t<\/div>\n\t\t\t\t<\/div>\n\t\t\t\t\t<\/div>\n\t\t<\/div>\n\t\t\t\t\t<\/div>\n\t\t<\/section>\n\t\t\t\t<section class=\"elementor-section elementor-top-section elementor-element elementor-element-9ca2713 pspace elementor-section-boxed elementor-section-height-default elementor-section-height-default\" data-id=\"9ca2713\" data-element_type=\"section\" data-e-type=\"section\" id=\"pspace\">\n\t\t\t\t\t\t<div class=\"elementor-container elementor-column-gap-default\">\n\t\t\t\t\t<div class=\"elementor-column elementor-col-50 elementor-top-column elementor-element elementor-element-93fb268\" data-id=\"93fb268\" data-element_type=\"column\" data-e-type=\"column\">\n\t\t\t<div class=\"elementor-widget-wrap elementor-element-populated\">\n\t\t\t\t\t\t<div class=\"elementor-element elementor-element-97cfb5e elementor-position-top elementor-widget elementor-widget-image-box\" data-id=\"97cfb5e\" data-element_type=\"widget\" data-e-type=\"widget\" data-widget_type=\"image-box.default\">\n\t\t\t\t<div class=\"elementor-widget-container\">\n\t\t\t\t\t<div class=\"elementor-image-box-wrapper\"><figure class=\"elementor-image-box-img\"><img loading=\"lazy\" decoding=\"async\" width=\"30\" height=\"30\" src=\"https:\/\/enautics.com\/wp-content\/uploads\/2021\/04\/ContentSync-1.png\" class=\"attachment-full size-full wp-image-5033\" alt=\"ContentSync\" \/><\/figure><div class=\"elementor-image-box-content\"><h4 class=\"elementor-image-box-title\">ContentSync  <\/h4><\/div><\/div>\t\t\t\t<\/div>\n\t\t\t\t<\/div>\n\t\t\t\t<div class=\"elementor-element elementor-element-2eeda95 elementor-widget elementor-widget-text-editor\" data-id=\"2eeda95\" data-element_type=\"widget\" data-e-type=\"widget\" data-widget_type=\"text-editor.default\">\n\t\t\t\t<div class=\"elementor-widget-container\">\n\t\t\t\t\t\t\t\t\t<p>Erm\u00f6glicht B2B- und B2C-Vermarktern die Nutzung von Adobe Experience Manager zur Erstellung interaktiver E-Books.<\/p>\n<p>Synchronisiert die Engagement-Daten des Lesers mit Adobe Analytics, Adobe Marketo und Oracle Eloqua.<\/p>\n<p>M\u00f6glichkeit zur Personalisierung des Ebooks mit Adobe Target<\/p>\n<p>1zu1 Echtzeit-Personalisierung unter Verwendung der Besucherdaten der Marketing-Automatisierung, der Websitzungsdaten und der Analysedaten.<\/p>\n\t\t\t\t\t\t\t\t<\/div>\n\t\t\t\t<\/div>\n\t\t\t\t<div class=\"elementor-element elementor-element-270fdc6 elementor-align-center btn-secondary elementor-widget elementor-widget-button\" data-id=\"270fdc6\" data-element_type=\"widget\" data-e-type=\"widget\" id=\"mobiledisplaybutton1\" data-widget_type=\"button.default\">\n\t\t\t\t<div class=\"elementor-widget-container\">\n\t\t\t\t\t\t\t\t\t<div class=\"elementor-button-wrapper\">\n\t\t\t\t\t<a class=\"elementor-button elementor-button-link elementor-size-sm\" href=\"https:\/\/enautics.com\/de\/software-platforms\/contentsync\/\">\n\t\t\t\t\t\t<span class=\"elementor-button-content-wrapper\">\n\t\t\t\t\t\t\t\t\t<span class=\"elementor-button-text\">Mehr erfahren<\/span>\n\t\t\t\t\t<\/span>\n\t\t\t\t\t<\/a>\n\t\t\t\t<\/div>\n\t\t\t\t\t\t\t\t<\/div>\n\t\t\t\t<\/div>\n\t\t\t\t\t<\/div>\n\t\t<\/div>\n\t\t\t\t<div class=\"elementor-column elementor-col-50 elementor-top-column elementor-element elementor-element-8c9d605\" data-id=\"8c9d605\" data-element_type=\"column\" data-e-type=\"column\">\n\t\t\t<div class=\"elementor-widget-wrap elementor-element-populated\">\n\t\t\t\t\t\t<div class=\"elementor-element elementor-element-a36ef20 elementor-position-top elementor-widget elementor-widget-image-box\" data-id=\"a36ef20\" data-element_type=\"widget\" data-e-type=\"widget\" data-widget_type=\"image-box.default\">\n\t\t\t\t<div class=\"elementor-widget-container\">\n\t\t\t\t\t<div class=\"elementor-image-box-wrapper\"><figure class=\"elementor-image-box-img\"><img loading=\"lazy\" decoding=\"async\" width=\"30\" height=\"30\" src=\"https:\/\/enautics.com\/wp-content\/uploads\/2021\/04\/AssetSync-1.png\" class=\"attachment-full size-full wp-image-5029\" alt=\"AssetSync\" \/><\/figure><div class=\"elementor-image-box-content\"><h4 class=\"elementor-image-box-title\">AssetSync  <\/h4><\/div><\/div>\t\t\t\t<\/div>\n\t\t\t\t<\/div>\n\t\t\t\t<div class=\"elementor-element elementor-element-2348781 elementor-widget elementor-widget-text-editor\" data-id=\"2348781\" data-element_type=\"widget\" data-e-type=\"widget\" data-widget_type=\"text-editor.default\">\n\t\t\t\t<div class=\"elementor-widget-container\">\n\t\t\t\t\t\t\t\t\t<p>Erm\u00f6glicht die Synchronisierung von Assets aus Adobe Experience Manager mit Eloqua und Responsys.<\/p>\n<p>Alle bearbeiteten AEM-Assets in Eloqua werden t\u00e4glich automatisch mit AEM synchronisiert.<\/p>\n<p>Sie m\u00fcssen nicht gezwungen werden, dynamische E-Mails einzurichten und zu verwenden.<br \/>\nIhre bestehenden E-Mails und Landing Pages k\u00f6nnen weiterhin die von Eloqua gehosteten Assets nutzen. <\/p>\n<p>Eloqua-Formulare k\u00f6nnen in AEM gehostet werden.<\/p>\n<p>H\u00e4lt die AEM-Latenzzeit und die Bandbreitenkosten niedrig.<\/p>\n<p>Fortschrittliches progressives Profiling mit Eloqua, AEM und Ihrer Personalisierungsl\u00f6sung.<\/p>\n\t\t\t\t\t\t\t\t<\/div>\n\t\t\t\t<\/div>\n\t\t\t\t<div class=\"elementor-element elementor-element-07e73f1 elementor-align-center btn-secondary elementor-widget elementor-widget-button\" data-id=\"07e73f1\" data-element_type=\"widget\" data-e-type=\"widget\" id=\"mobiledisplaybutton1\" data-widget_type=\"button.default\">\n\t\t\t\t<div class=\"elementor-widget-container\">\n\t\t\t\t\t\t\t\t\t<div class=\"elementor-button-wrapper\">\n\t\t\t\t\t<a class=\"elementor-button elementor-button-link elementor-size-sm\" href=\"https:\/\/enautics.com\/de\/software-platforms\/assetsync\/\">\n\t\t\t\t\t\t<span class=\"elementor-button-content-wrapper\">\n\t\t\t\t\t\t\t\t\t<span class=\"elementor-button-text\">Mehr erfahren<\/span>\n\t\t\t\t\t<\/span>\n\t\t\t\t\t<\/a>\n\t\t\t\t<\/div>\n\t\t\t\t\t\t\t\t<\/div>\n\t\t\t\t<\/div>\n\t\t\t\t\t<\/div>\n\t\t<\/div>\n\t\t\t\t\t<\/div>\n\t\t<\/section>\n\t\t\t\t<section class=\"elementor-section elementor-top-section elementor-element elementor-element-1d9ae3d5 elementor-section-content-bottom elementor-section-stretched elementor-section-boxed elementor-section-height-default elementor-section-height-default\" data-id=\"1d9ae3d5\" data-element_type=\"section\" data-e-type=\"section\" data-settings=\"{&quot;background_background&quot;:&quot;classic&quot;,&quot;stretch_section&quot;:&quot;section-stretched&quot;}\">\n\t\t\t\t\t\t\t<div class=\"elementor-background-overlay\"><\/div>\n\t\t\t\t\t\t\t<div class=\"elementor-container elementor-column-gap-no\">\n\t\t\t\t\t<div class=\"elementor-column elementor-col-25 elementor-top-column elementor-element elementor-element-a506d4b\" data-id=\"a506d4b\" data-element_type=\"column\" data-e-type=\"column\">\n\t\t\t<div class=\"elementor-widget-wrap\">\n\t\t\t\t\t\t\t<\/div>\n\t\t<\/div>\n\t\t\t\t<div class=\"elementor-column elementor-col-50 elementor-top-column elementor-element elementor-element-3d271b93\" data-id=\"3d271b93\" data-element_type=\"column\" data-e-type=\"column\">\n\t\t\t<div class=\"elementor-widget-wrap elementor-element-populated\">\n\t\t\t\t\t\t<div class=\"elementor-element elementor-element-5a27cbe9 elementor-widget__width-inherit elementor-widget elementor-widget-heading\" data-id=\"5a27cbe9\" data-element_type=\"widget\" data-e-type=\"widget\" data-widget_type=\"heading.default\">\n\t\t\t\t<div class=\"elementor-widget-container\">\n\t\t\t\t\t<h2 class=\"elementor-heading-title elementor-size-default\">Wir sind eine Branchenexpertin f\u00fcr Oracle und Adobe Experience Cloud.<\/h2>\t\t\t\t<\/div>\n\t\t\t\t<\/div>\n\t\t\t\t<div class=\"elementor-element elementor-element-9090032 elementor-widget elementor-widget-text-editor\" data-id=\"9090032\" data-element_type=\"widget\" data-e-type=\"widget\" data-widget_type=\"text-editor.default\">\n\t\t\t\t<div class=\"elementor-widget-container\">\n\t\t\t\t\t\t\t\t\t<p>\u00dcber 10 Jahre Erfahrung bei der L\u00f6sung von Marketingproblemen f\u00fcr Fortune 100-Unternehmen.<br \/>\nWir sind auf die L\u00f6sung der vier wichtigsten Probleme spezialisiert. <\/p>\n\t\t\t\t\t\t\t\t<\/div>\n\t\t\t\t<\/div>\n\t\t\t\t<div class=\"elementor-element elementor-element-d5ef040 elementor-align-center elementor-widget elementor-widget-button\" data-id=\"d5ef040\" data-element_type=\"widget\" data-e-type=\"widget\" id=\"mobiledisplaybutton1\" data-widget_type=\"button.default\">\n\t\t\t\t<div class=\"elementor-widget-container\">\n\t\t\t\t\t\t\t\t\t<div class=\"elementor-button-wrapper\">\n\t\t\t\t\t<a class=\"elementor-button elementor-button-link elementor-size-sm\" href=\"https:\/\/enautics.com\/de\/problems-we-solve\/\">\n\t\t\t\t\t\t<span class=\"elementor-button-content-wrapper\">\n\t\t\t\t\t\t\t\t\t<span class=\"elementor-button-text\">Mehr erfahren<\/span>\n\t\t\t\t\t<\/span>\n\t\t\t\t\t<\/a>\n\t\t\t\t<\/div>\n\t\t\t\t\t\t\t\t<\/div>\n\t\t\t\t<\/div>\n\t\t\t\t\t<\/div>\n\t\t<\/div>\n\t\t\t\t<div class=\"elementor-column elementor-col-25 elementor-top-column elementor-element elementor-element-8514877\" data-id=\"8514877\" data-element_type=\"column\" data-e-type=\"column\">\n\t\t\t<div class=\"elementor-widget-wrap\">\n\t\t\t\t\t\t\t<\/div>\n\t\t<\/div>\n\t\t\t\t\t<\/div>\n\t\t<\/section>\n\t\t\t\t<section class=\"elementor-section elementor-top-section elementor-element elementor-element-a64d73d elementor-section-content-bottom elementor-section-stretched elementor-section-boxed elementor-section-height-default elementor-section-height-default\" data-id=\"a64d73d\" data-element_type=\"section\" data-e-type=\"section\" data-settings=\"{&quot;background_background&quot;:&quot;classic&quot;,&quot;stretch_section&quot;:&quot;section-stretched&quot;}\">\n\t\t\t\t\t\t\t<div class=\"elementor-background-overlay\"><\/div>\n\t\t\t\t\t\t\t<div class=\"elementor-container elementor-column-gap-no\">\n\t\t\t\t\t<div class=\"elementor-column elementor-col-100 elementor-top-column elementor-element elementor-element-6ca4eef\" data-id=\"6ca4eef\" data-element_type=\"column\" data-e-type=\"column\">\n\t\t\t<div class=\"elementor-widget-wrap elementor-element-populated\">\n\t\t\t\t\t\t<div class=\"elementor-element elementor-element-c10e52c elementor-widget__width-inherit elementor-widget elementor-widget-heading\" data-id=\"c10e52c\" data-element_type=\"widget\" data-e-type=\"widget\" data-widget_type=\"heading.default\">\n\t\t\t\t<div class=\"elementor-widget-container\">\n\t\t\t\t\t<h2 class=\"elementor-heading-title elementor-size-default\"> W\u00fcrden Sie gerne mit einem unserer Berater sprechen? Klicken Sie unten, um einen Termin f\u00fcr ein Informations- und Preisgespr\u00e4ch zu vereinbaren.  <\/h2>\t\t\t\t<\/div>\n\t\t\t\t<\/div>\n\t\t\t\t<div class=\"elementor-element elementor-element-dbea43f elementor-align-center elementor-widget elementor-widget-button\" data-id=\"dbea43f\" data-element_type=\"widget\" data-e-type=\"widget\" id=\"mobiledisplaybutton1\" data-widget_type=\"button.default\">\n\t\t\t\t<div class=\"elementor-widget-container\">\n\t\t\t\t\t\t\t\t\t<div class=\"elementor-button-wrapper\">\n\t\t\t\t\t<a class=\"elementor-button elementor-button-link elementor-size-sm\" href=\"https:\/\/enautics.com\/de\/enautics-quiz\/\">\n\t\t\t\t\t\t<span class=\"elementor-button-content-wrapper\">\n\t\t\t\t\t\t\t\t\t<span class=\"elementor-button-text\">Preis anfrage<\/span>\n\t\t\t\t\t<\/span>\n\t\t\t\t\t<\/a>\n\t\t\t\t<\/div>\n\t\t\t\t\t\t\t\t<\/div>\n\t\t\t\t<\/div>\n\t\t\t\t<div class=\"elementor-element elementor-element-fb04213 elementor-widget elementor-widget-text-editor\" data-id=\"fb04213\" data-element_type=\"widget\" data-e-type=\"widget\" data-widget_type=\"text-editor.default\">\n\t\t\t\t<div class=\"elementor-widget-container\">\n\t\t\t\t\t\t\t\t\t<p>Wir behandeln Ihre Informationen privat und vertraulich.<\/p>\n\t\t\t\t\t\t\t\t<\/div>\n\t\t\t\t<\/div>\n\t\t\t\t\t<\/div>\n\t\t<\/div>\n\t\t\t\t\t<\/div>\n\t\t<\/section>\n\t\t\t\t<\/div>\n\t\t","protected":false},"excerpt":{"rendered":"<p>ERWEITERN SIE IHRE ORACLE UND ADOBE EXPERIENCE CLOUD MIT UNSEREN OFFIZIELLEN INTEGRATIONEN SegmentSync Offizielle Integration mit Eloqua oder Responsys und Adobe Analytics Verwertbare Klarheit \u00fcber die Leistung von Eloqua-Kampagnen in Adobe Analytics 1zu1 Website-Personalisierung in Echtzeit Steigern Sie Ihre Einnahmen durch die Wiederherstellung von Carts oder Anwendungen Schnellste harmonische Adobe Analytics-Datensynchronisationsgeschwindigkeiten in der Branche Mehr [&hellip;]<\/p>\n","protected":false},"author":1,"featured_media":0,"parent":0,"menu_order":0,"comment_status":"closed","ping_status":"closed","template":"","meta":{"site-sidebar-layout":"default","site-content-layout":"","ast-site-content-layout":"default","site-content-style":"default","site-sidebar-style":"default","ast-global-header-display":"","ast-banner-title-visibility":"","ast-main-header-display":"","ast-hfb-above-header-display":"","ast-hfb-below-header-display":"","ast-hfb-mobile-header-display":"","site-post-title":"","ast-breadcrumbs-content":"","ast-featured-img":"","footer-sml-layout":"","ast-disable-related-posts":"","theme-transparent-header-meta":"","adv-header-id-meta":"","stick-header-meta":"","header-above-stick-meta":"","header-main-stick-meta":"","header-below-stick-meta":"","astra-migrate-meta-layouts":"set","ast-page-background-enabled":"default","ast-page-background-meta":{"desktop":{"background-color":"var(--ast-global-color-4)","background-image":"","background-repeat":"repeat","background-position":"center center","background-size":"auto","background-attachment":"scroll","background-type":"","background-media":"","overlay-type":"","overlay-color":"","overlay-opacity":"","overlay-gradient":""},"tablet":{"background-color":"","background-image":"","background-repeat":"repeat","background-position":"center center","background-size":"auto","background-attachment":"scroll","background-type":"","background-media":"","overlay-type":"","overlay-color":"","overlay-opacity":"","overlay-gradient":""},"mobile":{"background-color":"","background-image":"","background-repeat":"repeat","background-position":"center center","background-size":"auto","background-attachment":"scroll","background-type":"","background-media":"","overlay-type":"","overlay-color":"","overlay-opacity":"","overlay-gradient":""}},"ast-content-background-meta":{"desktop":{"background-color":"var(--ast-global-color-5)","background-image":"","background-repeat":"repeat","background-position":"center center","background-size":"auto","background-attachment":"scroll","background-type":"","background-media":"","overlay-type":"","overlay-color":"","overlay-opacity":"","overlay-gradient":""},"tablet":{"background-color":"var(--ast-global-color-5)","background-image":"","background-repeat":"repeat","background-position":"center center","background-size":"auto","background-attachment":"scroll","background-type":"","background-media":"","overlay-type":"","overlay-color":"","overlay-opacity":"","overlay-gradient":""},"mobile":{"background-color":"var(--ast-global-color-5)","background-image":"","background-repeat":"repeat","background-position":"center center","background-size":"auto","background-attachment":"scroll","background-type":"","background-media":"","overlay-type":"","overlay-color":"","overlay-opacity":"","overlay-gradient":""}},"footnotes":""},"class_list":["post-10288","page","type-page","status-publish","hentry"],"_links":{"self":[{"href":"https:\/\/enautics.com\/de\/wp-json\/wp\/v2\/pages\/10288","targetHints":{"allow":["GET"]}}],"collection":[{"href":"https:\/\/enautics.com\/de\/wp-json\/wp\/v2\/pages"}],"about":[{"href":"https:\/\/enautics.com\/de\/wp-json\/wp\/v2\/types\/page"}],"author":[{"embeddable":true,"href":"https:\/\/enautics.com\/de\/wp-json\/wp\/v2\/users\/1"}],"replies":[{"embeddable":true,"href":"https:\/\/enautics.com\/de\/wp-json\/wp\/v2\/comments?post=10288"}],"version-history":[{"count":21,"href":"https:\/\/enautics.com\/de\/wp-json\/wp\/v2\/pages\/10288\/revisions"}],"predecessor-version":[{"id":14176,"href":"https:\/\/enautics.com\/de\/wp-json\/wp\/v2\/pages\/10288\/revisions\/14176"}],"wp:attachment":[{"href":"https:\/\/enautics.com\/de\/wp-json\/wp\/v2\/media?parent=10288"}],"curies":[{"name":"wp","href":"https:\/\/api.w.org\/{rel}","templated":true}]}}