{"id":10274,"date":"2010-12-07T01:06:49","date_gmt":"2010-12-07T07:06:49","guid":{"rendered":"https:\/\/enautics.com\/about-us\/"},"modified":"2024-09-11T06:24:16","modified_gmt":"2024-09-11T11:24:16","slug":"uber-uns","status":"publish","type":"page","link":"https:\/\/enautics.com\/de\/uber-uns\/","title":{"rendered":"enautics | \u00dcber uns"},"content":{"rendered":"\t\t<div data-elementor-type=\"wp-page\" data-elementor-id=\"10274\" class=\"elementor elementor-10274 elementor-81\" data-elementor-post-type=\"page\">\n\t\t\t\t\t\t<section class=\"elementor-section elementor-top-section elementor-element elementor-element-4faa709 elementor-section-stretched elementor-section-boxed elementor-section-height-default elementor-section-height-default\" data-id=\"4faa709\" data-element_type=\"section\" data-e-type=\"section\" data-settings=\"{&quot;stretch_section&quot;:&quot;section-stretched&quot;,&quot;background_background&quot;:&quot;classic&quot;}\">\n\t\t\t\t\t\t<div class=\"elementor-container elementor-column-gap-default\">\n\t\t\t\t\t<div class=\"elementor-column elementor-col-100 elementor-top-column elementor-element elementor-element-d3f958e\" data-id=\"d3f958e\" data-element_type=\"column\" data-e-type=\"column\">\n\t\t\t<div class=\"elementor-widget-wrap elementor-element-populated\">\n\t\t\t\t\t\t<div class=\"elementor-element elementor-element-d26c6f3 elementor-widget elementor-widget-heading\" data-id=\"d26c6f3\" data-element_type=\"widget\" data-e-type=\"widget\" data-widget_type=\"heading.default\">\n\t\t\t\t<div class=\"elementor-widget-container\">\n\t\t\t\t\t<h2 class=\"elementor-heading-title elementor-size-default\">\u00dcBER UNS<\/h2>\t\t\t\t<\/div>\n\t\t\t\t<\/div>\n\t\t\t\t<div class=\"elementor-element elementor-element-27dc909 elementor-widget elementor-widget-text-editor\" data-id=\"27dc909\" data-element_type=\"widget\" data-e-type=\"widget\" data-widget_type=\"text-editor.default\">\n\t\t\t\t<div class=\"elementor-widget-container\">\n\t\t\t\t\t\t\t\t\t<p>Enautics ist der richtige Partner f\u00fcr die Integration Ihrer Adobe Experience Cloud mit Oracle Marketing Cloud.<\/p>\n\t\t\t\t\t\t\t\t<\/div>\n\t\t\t\t<\/div>\n\t\t\t\t<section class=\"elementor-section elementor-inner-section elementor-element elementor-element-ade9257 elementor-section-boxed elementor-section-height-default elementor-section-height-default\" data-id=\"ade9257\" data-element_type=\"section\" data-e-type=\"section\">\n\t\t\t\t\t\t<div class=\"elementor-container elementor-column-gap-default\">\n\t\t\t\t\t<div class=\"elementor-column elementor-col-50 elementor-inner-column elementor-element elementor-element-935fb08\" data-id=\"935fb08\" data-element_type=\"column\" data-e-type=\"column\">\n\t\t\t<div class=\"elementor-widget-wrap elementor-element-populated\">\n\t\t\t\t\t\t<div class=\"elementor-element elementor-element-0b447e3 elementor-align-right elementor-mobile-align-center elementor-widget elementor-widget-button\" data-id=\"0b447e3\" data-element_type=\"widget\" data-e-type=\"widget\" data-widget_type=\"button.default\">\n\t\t\t\t<div class=\"elementor-widget-container\">\n\t\t\t\t\t\t\t\t\t<div class=\"elementor-button-wrapper\">\n\t\t\t\t\t<a class=\"elementor-button elementor-button-link elementor-size-sm\" href=\"https:\/\/enautics.com\/de\/careers\/\">\n\t\t\t\t\t\t<span class=\"elementor-button-content-wrapper\">\n\t\t\t\t\t\t\t\t\t<span class=\"elementor-button-text\">Karriere<\/span>\n\t\t\t\t\t<\/span>\n\t\t\t\t\t<\/a>\n\t\t\t\t<\/div>\n\t\t\t\t\t\t\t\t<\/div>\n\t\t\t\t<\/div>\n\t\t\t\t\t<\/div>\n\t\t<\/div>\n\t\t\t\t<div class=\"elementor-column elementor-col-50 elementor-inner-column elementor-element elementor-element-908d096\" data-id=\"908d096\" data-element_type=\"column\" data-e-type=\"column\">\n\t\t\t<div class=\"elementor-widget-wrap elementor-element-populated\">\n\t\t\t\t\t\t<div class=\"elementor-element elementor-element-53105cc elementor-align-left elementor-mobile-align-center elementor-widget elementor-widget-button\" data-id=\"53105cc\" data-element_type=\"widget\" data-e-type=\"widget\" data-widget_type=\"button.default\">\n\t\t\t\t<div class=\"elementor-widget-container\">\n\t\t\t\t\t\t\t\t\t<div class=\"elementor-button-wrapper\">\n\t\t\t\t\t<a class=\"elementor-button elementor-button-link elementor-size-sm\" href=\"https:\/\/enautics.com\/de\/partner-program\/\">\n\t\t\t\t\t\t<span class=\"elementor-button-content-wrapper\">\n\t\t\t\t\t\t\t\t\t<span class=\"elementor-button-text\">Partner<\/span>\n\t\t\t\t\t<\/span>\n\t\t\t\t\t<\/a>\n\t\t\t\t<\/div>\n\t\t\t\t\t\t\t\t<\/div>\n\t\t\t\t<\/div>\n\t\t\t\t\t<\/div>\n\t\t<\/div>\n\t\t\t\t\t<\/div>\n\t\t<\/section>\n\t\t\t\t\t<\/div>\n\t\t<\/div>\n\t\t\t\t\t<\/div>\n\t\t<\/section>\n\t\t\t\t<section class=\"elementor-section elementor-top-section elementor-element elementor-element-03ab610 elementor-section-boxed elementor-section-height-default elementor-section-height-default\" data-id=\"03ab610\" data-element_type=\"section\" data-e-type=\"section\">\n\t\t\t\t\t\t<div class=\"elementor-container elementor-column-gap-default\">\n\t\t\t\t\t<div class=\"elementor-column elementor-col-100 elementor-top-column elementor-element elementor-element-5462692\" data-id=\"5462692\" data-element_type=\"column\" data-e-type=\"column\">\n\t\t\t<div class=\"elementor-widget-wrap elementor-element-populated\">\n\t\t\t\t\t\t<div class=\"elementor-element elementor-element-e1196a5 elementor-widget elementor-widget-heading\" data-id=\"e1196a5\" data-element_type=\"widget\" data-e-type=\"widget\" data-widget_type=\"heading.default\">\n\t\t\t\t<div class=\"elementor-widget-container\">\n\t\t\t\t\t<h2 class=\"elementor-heading-title elementor-size-default\">Wer wir sind<\/h2>\t\t\t\t<\/div>\n\t\t\t\t<\/div>\n\t\t\t\t<div class=\"elementor-element elementor-element-0824732 elementor-widget elementor-widget-text-editor\" data-id=\"0824732\" data-element_type=\"widget\" data-e-type=\"widget\" data-widget_type=\"text-editor.default\">\n\t\t\t\t<div class=\"elementor-widget-container\">\n\t\t\t\t\t\t\t\t\t<p>Enautics entstand aus der Frustration unseres Gr\u00fcnders, der als digitaler Vermarkter und Direktor im Jahr 2008 Eloqua und Omniture SiteCatalyst (Adobe Analytics) einsetzte.<\/p>\n<p>Was uns auffiel, war die schlechte Integration zwischen diesen beiden leistungsstarken L\u00f6sungen und die ineffektive Nutzung dieser beiden Systeme.<br \/>\nWenn wir unser Fachwissen in eine L\u00f6sung einbringen k\u00f6nnten, die den Datenabgleich zwischen diesen beiden L\u00f6sungen beschleunigt und gleichzeitig das komplexe Adobe Analytics Reporting Framework unterst\u00fctzt, k\u00f6nnten wir unsere Marketingkampagnen auf ein preisgekr\u00f6ntes Niveau bringen. <\/p>\n<p>Im Jahr 2012 erhielten wir einen Anruf von Oracle mit der Frage, ob wir der Partner f\u00fcr die Entwicklung einer L\u00f6sung sein w\u00fcrden, die die alte Integration von Eloqua und Adobe Analytics (Omniture Genesis) ersetzen w\u00fcrde.<br \/>\nWir erkannten, dass dies die Gelegenheit war, unsere Expertise in Oracle Marketing Cloud und Adobe Experience Cloud zu nutzen, um die Integration erheblich zu verbessern.<br \/>\nUnsere Integration, SegmentSync, war geboren.  <\/p>\n<p>Wir haben <a href=\"https:\/\/enauticsdonotd.wpenginepowered.com\/problems-we-solve\/\">mehrere Probleme<\/a> identifiziert, die Unternehmen daran hindern, diese Produkte voll auszusch\u00f6pfen.<br \/>\nWir haben einzigartige Softwarel\u00f6sungen entwickelt, um Ihre Oracle Marketing Cloud und Adobe Experience Cloud zu beschleunigen, indem wir Daten oder Assets zwischen den beiden L\u00f6sungen harmonisch synchronisieren. <\/p>\n\t\t\t\t\t\t\t\t<\/div>\n\t\t\t\t<\/div>\n\t\t\t\t\t<\/div>\n\t\t<\/div>\n\t\t\t\t\t<\/div>\n\t\t<\/section>\n\t\t\t\t<section class=\"elementor-section elementor-top-section elementor-element elementor-element-0cfbc7f elementor-section-boxed elementor-section-height-default elementor-section-height-default\" data-id=\"0cfbc7f\" data-element_type=\"section\" data-e-type=\"section\">\n\t\t\t\t\t\t<div class=\"elementor-container elementor-column-gap-default\">\n\t\t\t\t\t<div class=\"elementor-column elementor-col-100 elementor-top-column elementor-element elementor-element-d6b06cd\" data-id=\"d6b06cd\" data-element_type=\"column\" data-e-type=\"column\">\n\t\t\t<div class=\"elementor-widget-wrap elementor-element-populated\">\n\t\t\t\t\t\t<div class=\"elementor-element elementor-element-80a0607 elementor-widget elementor-widget-heading\" data-id=\"80a0607\" data-element_type=\"widget\" data-e-type=\"widget\" data-widget_type=\"heading.default\">\n\t\t\t\t<div class=\"elementor-widget-container\">\n\t\t\t\t\t<h2 class=\"elementor-heading-title elementor-size-default\">Triple Bottom Line Werte  <\/h2>\t\t\t\t<\/div>\n\t\t\t\t<\/div>\n\t\t\t\t<div class=\"elementor-element elementor-element-bb7ad91 elementor-widget elementor-widget-text-editor\" data-id=\"bb7ad91\" data-element_type=\"widget\" data-e-type=\"widget\" data-widget_type=\"text-editor.default\">\n\t\t\t\t<div class=\"elementor-widget-container\">\n\t\t\t\t\t\t\t\t\t<p>Wir verfolgen einen &#8222;Triple Bottom Line&#8220;-Ansatz f\u00fcr unsere Werte.<br \/>\nDas bedeutet, dass wir drei Priorit\u00e4ten haben, und zwar in dieser Reihenfolge: <\/p>\n<ol>\n<li><strong>Menschen<\/strong>.<br \/>\nDie Stakeholder von Enautics sind nicht nur unsere Eigent\u00fcmer.<br \/>\nWir betrachten jede Person, mit der wir zu tun haben, als entscheidend f\u00fcr den Prozess unseres Unternehmens und behandeln sie mit Respekt.<br \/>\nDazu geh\u00f6ren unsere Kunden und Auftraggeber, Mitarbeiter, Lieferanten, Auftragnehmer, Gesch\u00e4ftspartner, Investoren und die Gesellschaft im Allgemeinen.<br \/>\nIndem wir uns unserer Verpflichtungen gegen\u00fcber den Personen und Organisationen, mit denen und f\u00fcr die wir arbeiten, bewusst sind, pflegen wir positive Beziehungen und einen ausgezeichneten Ruf, w\u00e4hrend wir in unseren Gemeinden einen hervorragenden Service bieten.    <\/p>\n<\/li>\n<li><strong>Der Planet<\/strong>.<br \/>\nDie Umwelt ist unser Zuhause.<br \/>\nNachhaltige Gesch\u00e4ftspraktiken sind der Schl\u00fcssel zu unserem Gesch\u00e4ft und sch\u00fctzen den Planeten f\u00fcr zuk\u00fcnftige Generationen.<br \/>\nSie sind wirtschaftlich sinnvoll, sowohl kurz- als auch langfristig.   <\/p>\n<\/li>\n<li><strong>Profit<\/strong>.<br \/>\nNur wenn wir unsere Verpflichtungen gegen\u00fcber unserer Gemeinschaft und der Umwelt erf\u00fcllen, werden wir wahren Wohlstand erreichen.<br \/>\nEnautics stellt niemals Gewinne \u00fcber Menschen oder die Umwelt.  <\/li>\n<\/ol>\n<p>Wir sind immer auf der Suche nach M\u00f6glichkeiten, unseren Kunden und unserer breiteren Gemeinschaft zu dienen, die unsere Triple-Bottom-Line-Werte unterst\u00fctzen.<\/p>\n\t\t\t\t\t\t\t\t<\/div>\n\t\t\t\t<\/div>\n\t\t\t\t\t<\/div>\n\t\t<\/div>\n\t\t\t\t\t<\/div>\n\t\t<\/section>\n\t\t\t\t<section class=\"elementor-section elementor-top-section elementor-element elementor-element-3c4b440 elementor-section-content-bottom elementor-section-stretched elementor-section-boxed elementor-section-height-default elementor-section-height-default\" data-id=\"3c4b440\" data-element_type=\"section\" data-e-type=\"section\" data-settings=\"{&quot;background_background&quot;:&quot;classic&quot;,&quot;stretch_section&quot;:&quot;section-stretched&quot;}\">\n\t\t\t\t\t\t\t<div class=\"elementor-background-overlay\"><\/div>\n\t\t\t\t\t\t\t<div class=\"elementor-container elementor-column-gap-no\">\n\t\t\t\t\t<div class=\"elementor-column elementor-col-66 elementor-top-column elementor-element elementor-element-9dee8df\" data-id=\"9dee8df\" data-element_type=\"column\" data-e-type=\"column\">\n\t\t\t<div class=\"elementor-widget-wrap elementor-element-populated\">\n\t\t\t\t\t\t<div class=\"elementor-element elementor-element-5ac4916 elementor-widget__width-inherit elementor-widget elementor-widget-heading\" data-id=\"5ac4916\" data-element_type=\"widget\" data-e-type=\"widget\" data-widget_type=\"heading.default\">\n\t\t\t\t<div class=\"elementor-widget-container\">\n\t\t\t\t\t<h2 class=\"elementor-heading-title elementor-size-default\">SETZEN SIE SICH MIT UNS IN VERBINDUNG, UM EINE PARTNERSCHAFT NACH IHREN BED\u00dcRFNISSEN ZU GESTALTEN. .\n. <\/h2>\t\t\t\t<\/div>\n\t\t\t\t<\/div>\n\t\t\t\t\t<\/div>\n\t\t<\/div>\n\t\t\t\t<div class=\"elementor-column elementor-col-33 elementor-top-column elementor-element elementor-element-d04af64\" data-id=\"d04af64\" data-element_type=\"column\" data-e-type=\"column\">\n\t\t\t<div class=\"elementor-widget-wrap elementor-element-populated\">\n\t\t\t\t\t\t<div class=\"elementor-element elementor-element-2333c40 elementor-align-center elementor-mobile-align-center elementor-widget elementor-widget-button\" data-id=\"2333c40\" data-element_type=\"widget\" data-e-type=\"widget\" data-widget_type=\"button.default\">\n\t\t\t\t<div class=\"elementor-widget-container\">\n\t\t\t\t\t\t\t\t\t<div class=\"elementor-button-wrapper\">\n\t\t\t\t\t<a class=\"elementor-button elementor-button-link elementor-size-sm\" href=\"https:\/\/enautics.com\/de\/kontakt\/\">\n\t\t\t\t\t\t<span class=\"elementor-button-content-wrapper\">\n\t\t\t\t\t\t\t\t\t<span class=\"elementor-button-text\">CONTACT UNS<\/span>\n\t\t\t\t\t<\/span>\n\t\t\t\t\t<\/a>\n\t\t\t\t<\/div>\n\t\t\t\t\t\t\t\t<\/div>\n\t\t\t\t<\/div>\n\t\t\t\t\t<\/div>\n\t\t<\/div>\n\t\t\t\t\t<\/div>\n\t\t<\/section>\n\t\t\t\t<\/div>\n\t\t","protected":false},"excerpt":{"rendered":"<p>\u00dcBER UNS Enautics ist der richtige Partner f\u00fcr die Integration Ihrer Adobe Experience Cloud mit Oracle Marketing Cloud. Karriere Partner Wer wir sind Enautics entstand aus der Frustration unseres Gr\u00fcnders, der als digitaler Vermarkter und Direktor im Jahr 2008 Eloqua und Omniture SiteCatalyst (Adobe Analytics) einsetzte. Was uns auffiel, war die schlechte Integration zwischen diesen [&hellip;]<\/p>\n","protected":false},"author":1,"featured_media":0,"parent":0,"menu_order":0,"comment_status":"closed","ping_status":"closed","template":"","meta":{"site-sidebar-layout":"default","site-content-layout":"","ast-site-content-layout":"default","site-content-style":"default","site-sidebar-style":"default","ast-global-header-display":"","ast-banner-title-visibility":"","ast-main-header-display":"","ast-hfb-above-header-display":"","ast-hfb-below-header-display":"","ast-hfb-mobile-header-display":"","site-post-title":"","ast-breadcrumbs-content":"","ast-featured-img":"","footer-sml-layout":"","ast-disable-related-posts":"","theme-transparent-header-meta":"","adv-header-id-meta":"","stick-header-meta":"","header-above-stick-meta":"","header-main-stick-meta":"","header-below-stick-meta":"","astra-migrate-meta-layouts":"set","ast-page-background-enabled":"default","ast-page-background-meta":{"desktop":{"background-color":"var(--ast-global-color-4)","background-image":"","background-repeat":"repeat","background-position":"center center","background-size":"auto","background-attachment":"scroll","background-type":"","background-media":"","overlay-type":"","overlay-color":"","overlay-opacity":"","overlay-gradient":""},"tablet":{"background-color":"","background-image":"","background-repeat":"repeat","background-position":"center center","background-size":"auto","background-attachment":"scroll","background-type":"","background-media":"","overlay-type":"","overlay-color":"","overlay-opacity":"","overlay-gradient":""},"mobile":{"background-color":"","background-image":"","background-repeat":"repeat","background-position":"center center","background-size":"auto","background-attachment":"scroll","background-type":"","background-media":"","overlay-type":"","overlay-color":"","overlay-opacity":"","overlay-gradient":""}},"ast-content-background-meta":{"desktop":{"background-color":"var(--ast-global-color-5)","background-image":"","background-repeat":"repeat","background-position":"center center","background-size":"auto","background-attachment":"scroll","background-type":"","background-media":"","overlay-type":"","overlay-color":"","overlay-opacity":"","overlay-gradient":""},"tablet":{"background-color":"var(--ast-global-color-5)","background-image":"","background-repeat":"repeat","background-position":"center center","background-size":"auto","background-attachment":"scroll","background-type":"","background-media":"","overlay-type":"","overlay-color":"","overlay-opacity":"","overlay-gradient":""},"mobile":{"background-color":"var(--ast-global-color-5)","background-image":"","background-repeat":"repeat","background-position":"center center","background-size":"auto","background-attachment":"scroll","background-type":"","background-media":"","overlay-type":"","overlay-color":"","overlay-opacity":"","overlay-gradient":""}},"footnotes":""},"class_list":["post-10274","page","type-page","status-publish","hentry"],"_links":{"self":[{"href":"https:\/\/enautics.com\/de\/wp-json\/wp\/v2\/pages\/10274","targetHints":{"allow":["GET"]}}],"collection":[{"href":"https:\/\/enautics.com\/de\/wp-json\/wp\/v2\/pages"}],"about":[{"href":"https:\/\/enautics.com\/de\/wp-json\/wp\/v2\/types\/page"}],"author":[{"embeddable":true,"href":"https:\/\/enautics.com\/de\/wp-json\/wp\/v2\/users\/1"}],"replies":[{"embeddable":true,"href":"https:\/\/enautics.com\/de\/wp-json\/wp\/v2\/comments?post=10274"}],"version-history":[{"count":9,"href":"https:\/\/enautics.com\/de\/wp-json\/wp\/v2\/pages\/10274\/revisions"}],"predecessor-version":[{"id":11175,"href":"https:\/\/enautics.com\/de\/wp-json\/wp\/v2\/pages\/10274\/revisions\/11175"}],"wp:attachment":[{"href":"https:\/\/enautics.com\/de\/wp-json\/wp\/v2\/media?parent=10274"}],"curies":[{"name":"wp","href":"https:\/\/api.w.org\/{rel}","templated":true}]}}