{"id":10272,"date":"2015-10-16T10:41:22","date_gmt":"2015-10-16T15:41:22","guid":{"rendered":"https:\/\/enautics.com\/consulting\/"},"modified":"2025-08-21T02:08:27","modified_gmt":"2025-08-21T07:08:27","slug":"beratung","status":"publish","type":"page","link":"https:\/\/enautics.com\/de\/beratung\/","title":{"rendered":"Beratung"},"content":{"rendered":"\t\t<div data-elementor-type=\"wp-page\" data-elementor-id=\"10272\" class=\"elementor elementor-10272 elementor-265\" data-elementor-post-type=\"page\">\n\t\t\t\t\t\t<section class=\"elementor-section elementor-top-section elementor-element elementor-element-60240d5 elementor-section-full_width elementor-section-stretched elementor-section-height-default elementor-section-height-default\" data-id=\"60240d5\" data-element_type=\"section\" data-e-type=\"section\" data-settings=\"{&quot;stretch_section&quot;:&quot;section-stretched&quot;,&quot;background_background&quot;:&quot;classic&quot;}\">\n\t\t\t\t\t\t<div class=\"elementor-container elementor-column-gap-default\">\n\t\t\t\t\t<div class=\"elementor-column elementor-col-100 elementor-top-column elementor-element elementor-element-561ee50\" data-id=\"561ee50\" data-element_type=\"column\" data-e-type=\"column\">\n\t\t\t<div class=\"elementor-widget-wrap elementor-element-populated\">\n\t\t\t\t\t\t<div class=\"elementor-element elementor-element-8ea5e6c elementor-widget elementor-widget-heading\" data-id=\"8ea5e6c\" data-element_type=\"widget\" data-e-type=\"widget\" data-widget_type=\"heading.default\">\n\t\t\t\t<div class=\"elementor-widget-container\">\n\t\t\t\t\t<h2 class=\"elementor-heading-title elementor-size-default\">  BERATUNG<\/h2>\t\t\t\t<\/div>\n\t\t\t\t<\/div>\n\t\t\t\t<div class=\"elementor-element elementor-element-ac2e8eb elementor-widget elementor-widget-text-editor\" data-id=\"ac2e8eb\" data-element_type=\"widget\" data-e-type=\"widget\" data-widget_type=\"text-editor.default\">\n\t\t\t\t<div class=\"elementor-widget-container\">\n\t\t\t\t\t\t\t\t\t<div><p>Ihre Vision, <span class=\"text-orange\">unsere <\/span>Erfahrung<\/p><\/div>\t\t\t\t\t\t\t\t<\/div>\n\t\t\t\t<\/div>\n\t\t\t\t\t<\/div>\n\t\t<\/div>\n\t\t\t\t\t<\/div>\n\t\t<\/section>\n\t\t\t\t<section class=\"elementor-section elementor-top-section elementor-element elementor-element-bab2aa2 elementor-section-stretched elementor-section-boxed elementor-section-height-default elementor-section-height-default\" data-id=\"bab2aa2\" data-element_type=\"section\" data-e-type=\"section\" data-settings=\"{&quot;stretch_section&quot;:&quot;section-stretched&quot;,&quot;background_background&quot;:&quot;classic&quot;}\">\n\t\t\t\t\t\t<div class=\"elementor-container elementor-column-gap-default\">\n\t\t\t\t\t<div class=\"elementor-column elementor-col-100 elementor-top-column elementor-element elementor-element-a8bda79\" data-id=\"a8bda79\" data-element_type=\"column\" data-e-type=\"column\">\n\t\t\t<div class=\"elementor-widget-wrap elementor-element-populated\">\n\t\t\t\t\t\t<section class=\"elementor-section elementor-inner-section elementor-element elementor-element-071cb40 elementor-section-boxed elementor-section-height-default elementor-section-height-default\" data-id=\"071cb40\" data-element_type=\"section\" data-e-type=\"section\">\n\t\t\t\t\t\t<div class=\"elementor-container elementor-column-gap-wider\">\n\t\t\t\t\t<div class=\"elementor-column elementor-col-50 elementor-inner-column elementor-element elementor-element-a74f621\" data-id=\"a74f621\" data-element_type=\"column\" data-e-type=\"column\">\n\t\t\t<div class=\"elementor-widget-wrap elementor-element-populated\">\n\t\t\t\t\t\t<div class=\"elementor-element elementor-element-5b7411b elementor-widget elementor-widget-heading\" data-id=\"5b7411b\" data-element_type=\"widget\" data-e-type=\"widget\" data-widget_type=\"heading.default\">\n\t\t\t\t<div class=\"elementor-widget-container\">\n\t\t\t\t\t<h2 class=\"elementor-heading-title elementor-size-default\">Was wir f\u00fcr Sie tun<\/h2>\t\t\t\t<\/div>\n\t\t\t\t<\/div>\n\t\t\t\t<div class=\"elementor-element elementor-element-00000a8 elementor-widget elementor-widget-text-editor\" data-id=\"00000a8\" data-element_type=\"widget\" data-e-type=\"widget\" data-widget_type=\"text-editor.default\">\n\t\t\t\t<div class=\"elementor-widget-container\">\n\t\t\t\t\t\t\t\t\t<p>Emarketing ver\u00e4ndert sich jeden Tag und bietet neue Herausforderungen und neue Technologien. Wie setzen Sie die richtigen Strategien und Technologien ein? Enautics kann Ihnen zeigen, wie.   Wir beginnen mit einer so genannten &#8222;Wegpunktanalyse&#8220;. Nachstehend finden Sie eine Erl\u00e4uterung unseres Beratungsrahmens, der Waypoint, ResultsGen und SuccessGen umfasst.<\/p>\t\t\t\t\t\t\t\t<\/div>\n\t\t\t\t<\/div>\n\t\t\t\t\t<\/div>\n\t\t<\/div>\n\t\t\t\t<div class=\"elementor-column elementor-col-50 elementor-inner-column elementor-element elementor-element-c89fca0\" data-id=\"c89fca0\" data-element_type=\"column\" data-e-type=\"column\">\n\t\t\t<div class=\"elementor-widget-wrap elementor-element-populated\">\n\t\t\t\t\t\t<div class=\"elementor-element elementor-element-00f42a5 elementor-widget elementor-widget-image\" data-id=\"00f42a5\" data-element_type=\"widget\" data-e-type=\"widget\" data-widget_type=\"image.default\">\n\t\t\t\t<div class=\"elementor-widget-container\">\n\t\t\t\t\t\t\t\t\t\t\t\t\t\t\t<img fetchpriority=\"high\" decoding=\"async\" width=\"355\" height=\"152\" src=\"https:\/\/enautics.com\/wp-content\/uploads\/2017\/11\/intro-img.jpg\" class=\"attachment-large size-large wp-image-3524\" alt=\"intro image what we do\" \/>\t\t\t\t\t\t\t\t\t\t\t\t\t\t\t<\/div>\n\t\t\t\t<\/div>\n\t\t\t\t\t<\/div>\n\t\t<\/div>\n\t\t\t\t\t<\/div>\n\t\t<\/section>\n\t\t\t\t\t<\/div>\n\t\t<\/div>\n\t\t\t\t\t<\/div>\n\t\t<\/section>\n\t\t\t\t<section class=\"elementor-section elementor-top-section elementor-element elementor-element-0972d9b elementor-section-boxed elementor-section-height-default elementor-section-height-default\" data-id=\"0972d9b\" data-element_type=\"section\" data-e-type=\"section\">\n\t\t\t\t\t\t<div class=\"elementor-container elementor-column-gap-wider\">\n\t\t\t\t\t<div class=\"elementor-column elementor-col-33 elementor-top-column elementor-element elementor-element-875238e\" data-id=\"875238e\" data-element_type=\"column\" data-e-type=\"column\">\n\t\t\t<div class=\"elementor-widget-wrap elementor-element-populated\">\n\t\t\t\t\t\t<div class=\"elementor-element elementor-element-b55bffc elementor-widget elementor-widget-image\" data-id=\"b55bffc\" data-element_type=\"widget\" data-e-type=\"widget\" data-widget_type=\"image.default\">\n\t\t\t\t<div class=\"elementor-widget-container\">\n\t\t\t\t\t\t\t\t\t\t\t\t\t\t\t<img decoding=\"async\" width=\"307\" height=\"133\" src=\"https:\/\/enautics.com\/wp-content\/uploads\/2017\/11\/wap-point-img.jpg\" class=\"attachment-large size-large wp-image-13692\" alt=\"wap point img\" srcset=\"https:\/\/enautics.com\/wp-content\/uploads\/2017\/11\/wap-point-img.jpg 307w, https:\/\/enautics.com\/wp-content\/uploads\/2017\/11\/wap-point-img-300x130.jpg 300w\" sizes=\"(max-width: 307px) 100vw, 307px\" \/>\t\t\t\t\t\t\t\t\t\t\t\t\t\t\t<\/div>\n\t\t\t\t<\/div>\n\t\t\t\t<div class=\"elementor-element elementor-element-058652c elementor-widget elementor-widget-image\" data-id=\"058652c\" data-element_type=\"widget\" data-e-type=\"widget\" data-widget_type=\"image.default\">\n\t\t\t\t<div class=\"elementor-widget-container\">\n\t\t\t\t\t\t\t\t\t\t\t\t\t\t\t<img decoding=\"async\" width=\"129\" height=\"28\" src=\"https:\/\/enautics.com\/wp-content\/uploads\/2017\/11\/waypoint-logo.png\" class=\"attachment-large size-large wp-image-13704\" alt=\"waypoint logo\" \/>\t\t\t\t\t\t\t\t\t\t\t\t\t\t\t<\/div>\n\t\t\t\t<\/div>\n\t\t\t\t<div class=\"elementor-element elementor-element-23ed4aa elementor-widget elementor-widget-text-editor\" data-id=\"23ed4aa\" data-element_type=\"widget\" data-e-type=\"widget\" data-widget_type=\"text-editor.default\">\n\t\t\t\t<div class=\"elementor-widget-container\">\n\t\t\t\t\t\t\t\t\t<p>Wir besprechen Ihre Ziele, analysieren Ihren vorhandenen Technologie-Stack, Ihre Ressourcen, Herausforderungen und Basiskennzahlen. Wir werden dann unsere Empfehlungen auf Ihre speziellen Bed\u00fcrfnisse abstimmen. Nach Abschluss des WayPoint-Projekts legen wir Ihnen ein Handbuch vor, in dem wir Ihnen mitteilen, welche Verbesserungen Sie vornehmen m\u00fcssen und welche Projekte zur Erreichung Ihrer Ziele erforderlich sind.  <\/p>\t\t\t\t\t\t\t\t<\/div>\n\t\t\t\t<\/div>\n\t\t\t\t\t<\/div>\n\t\t<\/div>\n\t\t\t\t<div class=\"elementor-column elementor-col-33 elementor-top-column elementor-element elementor-element-7b2773d\" data-id=\"7b2773d\" data-element_type=\"column\" data-e-type=\"column\">\n\t\t\t<div class=\"elementor-widget-wrap elementor-element-populated\">\n\t\t\t\t\t\t<div class=\"elementor-element elementor-element-0ea5646 elementor-widget elementor-widget-image\" data-id=\"0ea5646\" data-element_type=\"widget\" data-e-type=\"widget\" data-widget_type=\"image.default\">\n\t\t\t\t<div class=\"elementor-widget-container\">\n\t\t\t\t\t\t\t\t\t\t\t\t\t\t\t<img loading=\"lazy\" decoding=\"async\" width=\"308\" height=\"133\" src=\"https:\/\/enautics.com\/wp-content\/uploads\/2017\/11\/resultgen-img.jpg\" class=\"attachment-large size-large wp-image-13695\" alt=\"resultgen img\" srcset=\"https:\/\/enautics.com\/wp-content\/uploads\/2017\/11\/resultgen-img.jpg 308w, https:\/\/enautics.com\/wp-content\/uploads\/2017\/11\/resultgen-img-300x130.jpg 300w\" sizes=\"(max-width: 308px) 100vw, 308px\" \/>\t\t\t\t\t\t\t\t\t\t\t\t\t\t\t<\/div>\n\t\t\t\t<\/div>\n\t\t\t\t<div class=\"elementor-element elementor-element-01ac0bb elementor-widget elementor-widget-image\" data-id=\"01ac0bb\" data-element_type=\"widget\" data-e-type=\"widget\" data-widget_type=\"image.default\">\n\t\t\t\t<div class=\"elementor-widget-container\">\n\t\t\t\t\t\t\t\t\t\t\t\t\t\t\t<img loading=\"lazy\" decoding=\"async\" width=\"153\" height=\"23\" src=\"https:\/\/enautics.com\/wp-content\/uploads\/2017\/11\/resultgen-logo.png\" class=\"attachment-large size-large wp-image-13707\" alt=\"resultgen logo\" srcset=\"https:\/\/enautics.com\/wp-content\/uploads\/2017\/11\/resultgen-logo.png 153w, https:\/\/enautics.com\/wp-content\/uploads\/2017\/11\/resultgen-logo-150x23.png 150w\" sizes=\"(max-width: 153px) 100vw, 153px\" \/>\t\t\t\t\t\t\t\t\t\t\t\t\t\t\t<\/div>\n\t\t\t\t<\/div>\n\t\t\t\t<div class=\"elementor-element elementor-element-e0eaf60 elementor-widget elementor-widget-text-editor\" data-id=\"e0eaf60\" data-element_type=\"widget\" data-e-type=\"widget\" data-widget_type=\"text-editor.default\">\n\t\t\t\t<div class=\"elementor-widget-container\">\n\t\t\t\t\t\t\t\t\t<p>Brauchen Sie Hilfe bei der Umsetzung einer bestimmten Strategie oder Technologie aus Ihrem Playbook? ResultsGen ist ein Integrations- und Implementierungsunternehmen, das sich auf Projekte wie Technologieintegration, Konfigurationsbewertung, Nurture-Flows und Analysen konzentriert. Wir nutzen unser Wissen \u00fcber Best Practices und die neuesten Daten zur Verbesserung der Ergebnisse, um Ihr Team zu einer erfolgreichen L\u00f6sung in der Praxis zu f\u00fchren.  <\/p>\t\t\t\t\t\t\t\t<\/div>\n\t\t\t\t<\/div>\n\t\t\t\t\t<\/div>\n\t\t<\/div>\n\t\t\t\t<div class=\"elementor-column elementor-col-33 elementor-top-column elementor-element elementor-element-418908a\" data-id=\"418908a\" data-element_type=\"column\" data-e-type=\"column\">\n\t\t\t<div class=\"elementor-widget-wrap elementor-element-populated\">\n\t\t\t\t\t\t<div class=\"elementor-element elementor-element-f2f71a6 elementor-widget elementor-widget-image\" data-id=\"f2f71a6\" data-element_type=\"widget\" data-e-type=\"widget\" data-widget_type=\"image.default\">\n\t\t\t\t<div class=\"elementor-widget-container\">\n\t\t\t\t\t\t\t\t\t\t\t\t\t\t\t<img loading=\"lazy\" decoding=\"async\" width=\"307\" height=\"133\" src=\"https:\/\/enautics.com\/wp-content\/uploads\/2017\/11\/successgen-img.jpg\" class=\"attachment-large size-large wp-image-13698\" alt=\"successgen img\" srcset=\"https:\/\/enautics.com\/wp-content\/uploads\/2017\/11\/successgen-img.jpg 307w, https:\/\/enautics.com\/wp-content\/uploads\/2017\/11\/successgen-img-300x130.jpg 300w\" sizes=\"(max-width: 307px) 100vw, 307px\" \/>\t\t\t\t\t\t\t\t\t\t\t\t\t\t\t<\/div>\n\t\t\t\t<\/div>\n\t\t\t\t<div class=\"elementor-element elementor-element-1d2570f elementor-widget elementor-widget-image\" data-id=\"1d2570f\" data-element_type=\"widget\" data-e-type=\"widget\" data-widget_type=\"image.default\">\n\t\t\t\t<div class=\"elementor-widget-container\">\n\t\t\t\t\t\t\t\t\t\t\t\t\t\t\t<img loading=\"lazy\" decoding=\"async\" width=\"167\" height=\"23\" src=\"https:\/\/enautics.com\/wp-content\/uploads\/2017\/11\/successgen-logo.png\" class=\"attachment-large size-large wp-image-13710\" alt=\"successgen logo\" \/>\t\t\t\t\t\t\t\t\t\t\t\t\t\t\t<\/div>\n\t\t\t\t<\/div>\n\t\t\t\t<div class=\"elementor-element elementor-element-38bf0c1 elementor-widget elementor-widget-text-editor\" data-id=\"38bf0c1\" data-element_type=\"widget\" data-e-type=\"widget\" data-widget_type=\"text-editor.default\">\n\t\t\t\t<div class=\"elementor-widget-container\">\n\t\t\t\t\t\t\t\t\t<p>SuccessGen ist unser Engagement f\u00fcr Managed Services. Im Rahmen dieses Engagements k\u00f6nnen wir das WayPoint-Playbook ausf\u00fchren, Kampagnen durchf\u00fchren, fortlaufend strategisch beraten, die Kampagnenleistung verwalten und ein strategischer Partner werden. <\/p>\t\t\t\t\t\t\t\t<\/div>\n\t\t\t\t<\/div>\n\t\t\t\t\t<\/div>\n\t\t<\/div>\n\t\t\t\t\t<\/div>\n\t\t<\/section>\n\t\t\t\t<\/div>\n\t\t","protected":false},"excerpt":{"rendered":"<p>BERATUNG Ihre Vision, unsere Erfahrung Was wir f\u00fcr Sie tun Emarketing ver\u00e4ndert sich jeden Tag und bietet neue Herausforderungen und neue Technologien. Wie setzen Sie die richtigen Strategien und Technologien ein? Enautics kann Ihnen zeigen, wie. Wir beginnen mit einer so genannten &#8222;Wegpunktanalyse&#8220;. Nachstehend finden Sie eine Erl\u00e4uterung unseres Beratungsrahmens, der Waypoint, ResultsGen und SuccessGen [&hellip;]<\/p>\n","protected":false},"author":1,"featured_media":0,"parent":0,"menu_order":0,"comment_status":"closed","ping_status":"closed","template":"","meta":{"site-sidebar-layout":"default","site-content-layout":"","ast-site-content-layout":"default","site-content-style":"default","site-sidebar-style":"default","ast-global-header-display":"","ast-banner-title-visibility":"","ast-main-header-display":"","ast-hfb-above-header-display":"","ast-hfb-below-header-display":"","ast-hfb-mobile-header-display":"","site-post-title":"","ast-breadcrumbs-content":"","ast-featured-img":"","footer-sml-layout":"","ast-disable-related-posts":"","theme-transparent-header-meta":"","adv-header-id-meta":"","stick-header-meta":"","header-above-stick-meta":"","header-main-stick-meta":"","header-below-stick-meta":"","astra-migrate-meta-layouts":"set","ast-page-background-enabled":"default","ast-page-background-meta":{"desktop":{"background-color":"var(--ast-global-color-4)","background-image":"","background-repeat":"repeat","background-position":"center center","background-size":"auto","background-attachment":"scroll","background-type":"","background-media":"","overlay-type":"","overlay-color":"","overlay-opacity":"","overlay-gradient":""},"tablet":{"background-color":"","background-image":"","background-repeat":"repeat","background-position":"center center","background-size":"auto","background-attachment":"scroll","background-type":"","background-media":"","overlay-type":"","overlay-color":"","overlay-opacity":"","overlay-gradient":""},"mobile":{"background-color":"","background-image":"","background-repeat":"repeat","background-position":"center center","background-size":"auto","background-attachment":"scroll","background-type":"","background-media":"","overlay-type":"","overlay-color":"","overlay-opacity":"","overlay-gradient":""}},"ast-content-background-meta":{"desktop":{"background-color":"var(--ast-global-color-5)","background-image":"","background-repeat":"repeat","background-position":"center center","background-size":"auto","background-attachment":"scroll","background-type":"","background-media":"","overlay-type":"","overlay-color":"","overlay-opacity":"","overlay-gradient":""},"tablet":{"background-color":"var(--ast-global-color-5)","background-image":"","background-repeat":"repeat","background-position":"center center","background-size":"auto","background-attachment":"scroll","background-type":"","background-media":"","overlay-type":"","overlay-color":"","overlay-opacity":"","overlay-gradient":""},"mobile":{"background-color":"var(--ast-global-color-5)","background-image":"","background-repeat":"repeat","background-position":"center center","background-size":"auto","background-attachment":"scroll","background-type":"","background-media":"","overlay-type":"","overlay-color":"","overlay-opacity":"","overlay-gradient":""}},"footnotes":""},"class_list":["post-10272","page","type-page","status-publish","hentry"],"_links":{"self":[{"href":"https:\/\/enautics.com\/de\/wp-json\/wp\/v2\/pages\/10272","targetHints":{"allow":["GET"]}}],"collection":[{"href":"https:\/\/enautics.com\/de\/wp-json\/wp\/v2\/pages"}],"about":[{"href":"https:\/\/enautics.com\/de\/wp-json\/wp\/v2\/types\/page"}],"author":[{"embeddable":true,"href":"https:\/\/enautics.com\/de\/wp-json\/wp\/v2\/users\/1"}],"replies":[{"embeddable":true,"href":"https:\/\/enautics.com\/de\/wp-json\/wp\/v2\/comments?post=10272"}],"version-history":[{"count":4,"href":"https:\/\/enautics.com\/de\/wp-json\/wp\/v2\/pages\/10272\/revisions"}],"predecessor-version":[{"id":14041,"href":"https:\/\/enautics.com\/de\/wp-json\/wp\/v2\/pages\/10272\/revisions\/14041"}],"wp:attachment":[{"href":"https:\/\/enautics.com\/de\/wp-json\/wp\/v2\/media?parent=10272"}],"curies":[{"name":"wp","href":"https:\/\/api.w.org\/{rel}","templated":true}]}}